{"id":4195,"date":"2018-04-19T13:30:39","date_gmt":"2018-04-19T11:30:39","guid":{"rendered":"https:\/\/www.koenigstahl.pl\/en\/?page_id=4195"},"modified":"2023-03-02T16:11:37","modified_gmt":"2023-03-02T15:11:37","slug":"contact","status":"publish","type":"page","link":"https:\/\/www.koenigstahl.pl\/en\/jansen\/contact\/","title":{"rendered":"Contact"},"content":{"rendered":"[vc_row ct_full_width=&#8221;no&#8221; ct_padding=&#8221;u-no-space&#8221; equal_height=&#8221;yes&#8221; css=&#8221;.vc_custom_1524137450623{padding-top: 45px !important;}&#8221;][vc_column width=&#8221;1\/2&#8243; css=&#8221;.vc_custom_1523876636651{margin-top: 15px !important;margin-right: 15px !important;margin-bottom: 15px !important;margin-left: 15px !important;border-top-width: 1px !important;border-right-width: 1px !important;border-bottom-width: 1px !important;border-left-width: 1px !important;padding-right: 30px !important;padding-left: 30px !important;border-left-color: #d3d4d6 !important;border-left-style: solid !important;border-right-color: #d3d4d6 !important;border-right-style: solid !important;border-top-color: #d3d4d6 !important;border-top-style: solid !important;border-bottom-color: #d3d4d6 !important;border-bottom-style: solid !important;}&#8221;][vc_column_text]\n<div class=\"ct_contact__container grey\">\n<h3 class=\"ct_formtitle\">Management<\/h3>\n<h3 class=\"ct_formtitle person\">Sebastian Komar<\/h3>\n<p>Jansen Systems Sales Director<br \/>\n<i class=\"fa fa-phone-square\"><\/i> <a href=\"tel:+48225496104\">+48 22 5496 104<\/a><br \/>\n<i class=\"fa fa-phone-square\"><\/i> <a href=\"tel:+48502427076\">+48 502 427 076<\/a><br \/>\n<i class=\"fa fa-envelope ct_bluelink\"><\/i><a class=\"ct_bluelink\" href=\"s.komar@koenigstahl.pl\"> s.komar@koenigstahl.pl<\/a> \n<\/div>\n[\/vc_column_text][vc_column_text]\n<div class=\"ct_contact__container grey\">\n<h3 class=\"ct_formtitle\">Business Development<\/h3>\n<h3 class=\"ct_formtitle person\">Maciej Nowak<\/h3>\n<p>Business Development Manager<br \/>\nProxy<br \/>\n<i class=\"fa fa-phone-square\"><\/i> <a href=\"tel:+48225496102\">+48 22 5496 102<\/a><br \/>\n<i class=\"fa fa-phone-square\"><\/i> <a href=\"tel:+48502427077\">+48 502 427 077<\/a><br \/>\n<i class=\"fa fa-envelope ct_bluelink\"><\/i><a class=\"ct_bluelink\" href=\"mailto:m.nowak@koenigstahl.pl\"> m.nowak@koenigstahl.pl<\/a> \n<h3><\/h3>\n<\/div>\n[\/vc_column_text][\/vc_column][vc_column width=&#8221;1\/2&#8243; css=&#8221;.vc_custom_1523876654060{margin-top: 15px !important;margin-right: 15px !important;margin-bottom: 15px !important;margin-left: 15px !important;border-top-width: 1px !important;border-right-width: 1px !important;border-bottom-width: 1px !important;border-left-width: 1px !important;padding-right: 30px !important;padding-left: 30px !important;border-left-color: #d3d4d6 !important;border-left-style: solid !important;border-right-color: #d3d4d6 !important;border-right-style: solid !important;border-top-color: #d3d4d6 !important;border-top-style: solid !important;border-bottom-color: #d3d4d6 !important;border-bottom-style: solid !important;}&#8221;][vc_column_text]\n<div class=\"ct_contact__container grey\">\n<h3 class=\"ct_formtitle\">Regional technical and commercial consultants<\/h3>\n<h3 class=\"ct_formtitle person\">Sebastian Komar<\/h3>\n<p>(provinces: Mazowieckie (Mazovia Region), Pomeranian, Warmia-Masuria, Podlasie Province, Lublin Province, Subcarpathian, \u0141\u00f3d\u017a Province, Cuiavian-Pomeranian) \n<p>Jansen Systems Sales Director \n<p><i class=\"fa fa-phone-square\"><\/i> <a href=\"tel:+48225496102\"> +48\u00a022 5496 104<\/a><br \/>\n<i class=\"fa fa-phone-square\"><\/i> <a href=\"tel:+48502427076\"> +48\u00a0502 427 076<\/a><br \/>\n<i class=\"fa fa-envelope ct_bluelink\"><\/i><a class=\"ct_bluelink\" href=\"mailto:s.komar@koenigstahl.pl\"> s.komar@koenigstahl.pl<\/a> \n<h3><\/h3>\n<h3 class=\"ct_formtitle person\">Pawe\u0142 Dehnel<\/h3>\n<p>(provinces: Greater Poland, Western Pomerania, Lower Silesia, Lubusz Province, Opole Province)<br \/>\nTechnical and sales representative \n<p><i class=\"fa fa-phone-square\"><\/i> <a href=\"tel:+48500060725\"> +48 500 060 725<\/a><br \/>\n<i class=\"fa fa-envelope ct_bluelink\"><\/i><a class=\"ct_bluelink\" href=\"mailto:p.dehnel@koenigstahl.pl\"> p.dehnel@koenigstahl.pl<\/a> \n<h3><\/h3>\n<h3 class=\"ct_formtitle person\">Tomasz Suchecki<\/h3>\n<p>(provinces: Lesser Poland, Silesia)<br \/>\nTechnologist<br \/>\nResearch and Development Specialist \n<p><i class=\"fa fa-phone-square\"><\/i> <a href=\"tel:+48225496157\"> +48 22 5496 157<\/a><br \/>\n<i class=\"fa fa-phone-square\"><\/i> <a href=\"tel:+48505172122\"> +48 505 172 122<\/a><br \/>\n<i class=\"fa fa-envelope ct_bluelink\"><\/i><a class=\"ct_bluelink\" href=\"mailto:t.suchecki@koenigstahl.pl\"> t.suchecki@koenigstahl.pl<\/a> \n<\/div>\n[\/vc_column_text][\/vc_column][\/vc_row]\n","protected":false},"excerpt":{"rendered":"<p>[vc_row ct_full_width=&#8221;no&#8221; ct_padding=&#8221;u-no-space&#8221; equal_height=&#8221;yes&#8221; css=&#8221;.vc_custom_1524137450623{padding-top: 45px !important;}&#8221;][vc_column width=&#8221;1\/2&#8243; css=&#8221;.vc_custom_1523876636651{margin-top: 15px !important;margin-right: 15px !important;margin-bottom: 15px !important;margin-left: 15px !important;border-top-width: 1px !important;border-right-width: 1px !important;border-bottom-width: 1px !important;border-left-width: 1px !important;padding-right: 30px !important;padding-left: 30px !important;border-left-color: #d3d4d6 !important;border-left-style: solid !important;border-right-color: #d3d4d6 !important;border-right-style: solid !important;border-top-color: #d3d4d6 !important;border-top-style: solid !important;border-bottom-color: #d3d4d6 !important;border-bottom-style: solid !important;}&#8221;][vc_column_text] Management Sebastian Komar Jansen Systems Sales Director +48 22 5496 [&hellip;]<\/p>\n","protected":false},"author":763,"featured_media":0,"parent":70,"menu_order":16,"comment_status":"closed","ping_status":"closed","template":"","meta":{"_acf_changed":false,"footnotes":""},"class_list":["post-4195","page","type-page","status-publish","hentry"],"acf":[],"yoast_head":"<!-- This site is optimized with the Yoast SEO plugin v27.0 - https:\/\/yoast.com\/product\/yoast-seo-wordpress\/ -->\n<title>Get in touch with us \u2013 Jansen Profile Systems | K\u00f6nigStahl<\/title>\n<meta name=\"description\" content=\"Contact us quick and easy \u00bb wide choice of contact persons \u2713 different consultants available \u2713 contact support via e-mail &amp; phone call. \u00bb All details.\" \/>\n<meta name=\"robots\" content=\"index, follow, max-snippet:-1, max-image-preview:large, max-video-preview:-1\" \/>\n<link rel=\"canonical\" href=\"https:\/\/www.koenigstahl.pl\/en\/jansen\/contact\/\" \/>\n<meta property=\"og:locale\" content=\"en_US\" \/>\n<meta property=\"og:type\" content=\"article\" \/>\n<meta property=\"og:title\" content=\"Get in touch with us \u2013 Jansen Profile Systems | K\u00f6nigStahl\" \/>\n<meta property=\"og:description\" content=\"Contact us quick and easy \u00bb wide choice of contact persons \u2713 different consultants available \u2713 contact support via e-mail &amp; phone call. \u00bb All details.\" \/>\n<meta property=\"og:url\" content=\"https:\/\/www.koenigstahl.pl\/en\/jansen\/contact\/\" \/>\n<meta property=\"og:site_name\" content=\"Konigstahl EN\" \/>\n<meta property=\"article:modified_time\" content=\"2023-03-02T15:11:37+00:00\" \/>\n<meta name=\"twitter:card\" content=\"summary_large_image\" \/>\n<meta name=\"twitter:label1\" content=\"Est. reading time\" \/>\n\t<meta name=\"twitter:data1\" content=\"1 minute\" \/>\n<script type=\"application\/ld+json\" class=\"yoast-schema-graph\">{\"@context\":\"https:\/\/schema.org\",\"@graph\":[{\"@type\":\"WebPage\",\"@id\":\"https:\/\/www.koenigstahl.pl\/en\/jansen\/contact\/\",\"url\":\"https:\/\/www.koenigstahl.pl\/en\/jansen\/contact\/\",\"name\":\"Get in touch with us \u2013 Jansen Profile Systems | K\u00f6nigStahl\",\"isPartOf\":{\"@id\":\"https:\/\/www.koenigstahl.pl\/en\/#website\"},\"datePublished\":\"2018-04-19T11:30:39+00:00\",\"dateModified\":\"2023-03-02T15:11:37+00:00\",\"description\":\"Contact us quick and easy \u00bb wide choice of contact persons \u2713 different consultants available \u2713 contact support via e-mail & phone call. \u00bb All details.\",\"breadcrumb\":{\"@id\":\"https:\/\/www.koenigstahl.pl\/en\/jansen\/contact\/#breadcrumb\"},\"inLanguage\":\"en-US\",\"potentialAction\":[{\"@type\":\"ReadAction\",\"target\":[\"https:\/\/www.koenigstahl.pl\/en\/jansen\/contact\/\"]}]},{\"@type\":\"BreadcrumbList\",\"@id\":\"https:\/\/www.koenigstahl.pl\/en\/jansen\/contact\/#breadcrumb\",\"itemListElement\":[{\"@type\":\"ListItem\",\"position\":1,\"name\":\"Home\",\"item\":\"https:\/\/www.koenigstahl.pl\/en\/\"},{\"@type\":\"ListItem\",\"position\":2,\"name\":\"Jansen\",\"item\":\"https:\/\/www.koenigstahl.pl\/en\/jansen\/\"},{\"@type\":\"ListItem\",\"position\":3,\"name\":\"Contact\"}]},{\"@type\":\"WebSite\",\"@id\":\"https:\/\/www.koenigstahl.pl\/en\/#website\",\"url\":\"https:\/\/www.koenigstahl.pl\/en\/\",\"name\":\"Konigstahl EN\",\"description\":\"Im Angebot der Firma K\u00f6nig Stahl befinden sich Stahlhohlprofile sowie nahtlose und geschwei\u00dfte Stahlrohre.\",\"potentialAction\":[{\"@type\":\"SearchAction\",\"target\":{\"@type\":\"EntryPoint\",\"urlTemplate\":\"https:\/\/www.koenigstahl.pl\/en\/?s={search_term_string}\"},\"query-input\":{\"@type\":\"PropertyValueSpecification\",\"valueRequired\":true,\"valueName\":\"search_term_string\"}}],\"inLanguage\":\"en-US\"}]}<\/script>\n<!-- \/ Yoast SEO plugin. -->","yoast_head_json":{"title":"Get in touch with us \u2013 Jansen Profile Systems | K\u00f6nigStahl","description":"Contact us quick and easy \u00bb wide choice of contact persons \u2713 different consultants available \u2713 contact support via e-mail & phone call. \u00bb All details.","robots":{"index":"index","follow":"follow","max-snippet":"max-snippet:-1","max-image-preview":"max-image-preview:large","max-video-preview":"max-video-preview:-1"},"canonical":"https:\/\/www.koenigstahl.pl\/en\/jansen\/contact\/","og_locale":"en_US","og_type":"article","og_title":"Get in touch with us \u2013 Jansen Profile Systems | K\u00f6nigStahl","og_description":"Contact us quick and easy \u00bb wide choice of contact persons \u2713 different consultants available \u2713 contact support via e-mail & phone call. \u00bb All details.","og_url":"https:\/\/www.koenigstahl.pl\/en\/jansen\/contact\/","og_site_name":"Konigstahl EN","article_modified_time":"2023-03-02T15:11:37+00:00","twitter_card":"summary_large_image","twitter_misc":{"Est. reading time":"1 minute"},"schema":{"@context":"https:\/\/schema.org","@graph":[{"@type":"WebPage","@id":"https:\/\/www.koenigstahl.pl\/en\/jansen\/contact\/","url":"https:\/\/www.koenigstahl.pl\/en\/jansen\/contact\/","name":"Get in touch with us \u2013 Jansen Profile Systems | K\u00f6nigStahl","isPartOf":{"@id":"https:\/\/www.koenigstahl.pl\/en\/#website"},"datePublished":"2018-04-19T11:30:39+00:00","dateModified":"2023-03-02T15:11:37+00:00","description":"Contact us quick and easy \u00bb wide choice of contact persons \u2713 different consultants available \u2713 contact support via e-mail & phone call. \u00bb All details.","breadcrumb":{"@id":"https:\/\/www.koenigstahl.pl\/en\/jansen\/contact\/#breadcrumb"},"inLanguage":"en-US","potentialAction":[{"@type":"ReadAction","target":["https:\/\/www.koenigstahl.pl\/en\/jansen\/contact\/"]}]},{"@type":"BreadcrumbList","@id":"https:\/\/www.koenigstahl.pl\/en\/jansen\/contact\/#breadcrumb","itemListElement":[{"@type":"ListItem","position":1,"name":"Home","item":"https:\/\/www.koenigstahl.pl\/en\/"},{"@type":"ListItem","position":2,"name":"Jansen","item":"https:\/\/www.koenigstahl.pl\/en\/jansen\/"},{"@type":"ListItem","position":3,"name":"Contact"}]},{"@type":"WebSite","@id":"https:\/\/www.koenigstahl.pl\/en\/#website","url":"https:\/\/www.koenigstahl.pl\/en\/","name":"Konigstahl EN","description":"Im Angebot der Firma K\u00f6nig Stahl befinden sich Stahlhohlprofile sowie nahtlose und geschwei\u00dfte Stahlrohre.","potentialAction":[{"@type":"SearchAction","target":{"@type":"EntryPoint","urlTemplate":"https:\/\/www.koenigstahl.pl\/en\/?s={search_term_string}"},"query-input":{"@type":"PropertyValueSpecification","valueRequired":true,"valueName":"search_term_string"}}],"inLanguage":"en-US"}]}},"_links":{"self":[{"href":"https:\/\/www.koenigstahl.pl\/en\/wp-json\/wp\/v2\/pages\/4195","targetHints":{"allow":["GET"]}}],"collection":[{"href":"https:\/\/www.koenigstahl.pl\/en\/wp-json\/wp\/v2\/pages"}],"about":[{"href":"https:\/\/www.koenigstahl.pl\/en\/wp-json\/wp\/v2\/types\/page"}],"author":[{"embeddable":true,"href":"https:\/\/www.koenigstahl.pl\/en\/wp-json\/wp\/v2\/users\/763"}],"replies":[{"embeddable":true,"href":"https:\/\/www.koenigstahl.pl\/en\/wp-json\/wp\/v2\/comments?post=4195"}],"version-history":[{"count":10,"href":"https:\/\/www.koenigstahl.pl\/en\/wp-json\/wp\/v2\/pages\/4195\/revisions"}],"predecessor-version":[{"id":6068,"href":"https:\/\/www.koenigstahl.pl\/en\/wp-json\/wp\/v2\/pages\/4195\/revisions\/6068"}],"up":[{"embeddable":true,"href":"https:\/\/www.koenigstahl.pl\/en\/wp-json\/wp\/v2\/pages\/70"}],"wp:attachment":[{"href":"https:\/\/www.koenigstahl.pl\/en\/wp-json\/wp\/v2\/media?parent=4195"}],"curies":[{"name":"wp","href":"https:\/\/api.w.org\/{rel}","templated":true}]}}