{"id":11844,"date":"2020-10-13T14:27:09","date_gmt":"2020-10-13T12:27:09","guid":{"rendered":"https:\/\/www.koenigstahl.pl\/pl\/?page_id=11844"},"modified":"2022-02-15T15:03:46","modified_gmt":"2022-02-15T14:03:46","slug":"zamowienia-i-dostawy","status":"publish","type":"page","link":"https:\/\/www.koenigstahl.pl\/pl\/jansen\/zamowienia-i-dostawy\/","title":{"rendered":"Zam\u00f3wienia i dostawy"},"content":{"rendered":"[vc_row ct_full_width=&#8221;no&#8221; ct_padding=&#8221;u-no-space&#8221;][vc_column width=&#8221;1\/12&#8243;][\/vc_column][vc_column width=&#8221;10\/12&#8243;][\/vc_column][vc_column width=&#8221;1\/12&#8243;][\/vc_column][\/vc_row][vc_row ct_full_width=&#8221;no&#8221; ct_padding=&#8221;u-no-space&#8221; css=&#8221;.vc_custom_1510671016847{margin-top: -30px !important;}&#8221;][vc_column width=&#8221;2\/6&#8243;][vc_single_image image=&#8221;11862&#8243; img_size=&#8221;large&#8221; alignment=&#8221;center&#8221; onclick=&#8221;link_image&#8221;][\/vc_column][vc_column width=&#8221;4\/6&#8243;][vc_column_text]Zam\u00f3wienia Klient\u00f3w realizowane s\u0105 zgodnie z za\u0142\u0105czonym cyklem dostaw. \n[\/vc_column_text][vc_btn title=&#8221;Cykl dostaw&#8221; color=&#8221;primary&#8221; size=&#8221;lg&#8221; align=&#8221;center&#8221; i_icon_fontawesome=&#8221;fa fa-truck&#8221; button_block=&#8221;true&#8221; add_icon=&#8221;true&#8221; link=&#8221;url:https%3A%2F%2Fwww.koenigstahl.pl%2Fpl%2Fwp-content%2Fuploads%2Fsites%2F5%2F2020%2F10%2FCykl-dostaw-JANSEN-K%C3%96NIGSTAHL-KLIENT-10_2020-1.jpg|||&#8221;][vc_column_text]\n<p style=\"text-align: left;\">Wszystkie zam\u00f3wienia prosimy wysy\u0142a\u0107 na dedykowany adres:<br \/>\n<strong><i class=\"fa fa-envelope ct_bluelink\"><\/i> <a class=\"ct_bluelink\" href=\"mailto:zamowieniajansen@koenigstahl.pl\">zamowieniajansen@koenigstahl.pl<\/a><\/strong> \n[\/vc_column_text][\/vc_column][\/vc_row][vc_row ct_full_width=&#8221;no&#8221; content_placement=&#8221;top&#8221; css=&#8221;.vc_custom_1603387151336{margin-top: 0px !important;margin-bottom: 0px !important;border-top-width: 0px !important;border-bottom-width: 0px !important;padding-top: 0px !important;padding-bottom: 0px !important;}&#8221;][vc_column width=&#8221;1\/2&#8243;][vc_column_text]Zam\u00f3wienia z\u0142o\u017cone <strong>do ka\u017cdego poniedzia\u0142ku roboczego do godziny 12:00<\/strong>\u00a0 realizowane s\u0105 przez nasz dzia\u0142 obs\u0142ugi Klienta w kolejnych krokach: \n<ul>\n<li>Po otrzymaniu zam\u00f3wienia \u2013 generujemy wst\u0119pne potwierdzenie z planowanym terminem wysy\u0142ki towaru do Klienta.<\/li>\n<li style=\"text-align: left;\">Po otrzymaniu potwierdzenia listy za\u0142adunkowej z Jansen AG\u00a0 ( najp\u00f3\u017aniej w czwartek ) przekazujemy informacj\u0119 o ewentualnych brakach oraz przesuni\u0119ciach termin\u00f3w.<\/li>\n<li>Po odprawie celnej oraz roz\u0142adunku w naszym magazynie w Solcu Kujawskim ( nast\u0119pny poniedzia\u0142ek lub wtorek roboczy ) zam\u00f3wiony towar wysy\u0142amy zgodnie z potwierdzeniem i cyklem dostaw do poszczeg\u00f3lnych region\u00f3w.<\/li>\n<\/ul>\n<p>Jest tak\u017ce mo\u017cliwo\u015bci odbioru w\u0142asnego z naszego magazynu w Solcu Kujawskim. W takim przypadku konieczna jest awizacja odbioru przez Klienta na 2 dni wcze\u015bniej. \n<p><span style=\"color: #ff0000;\"><strong>UWAGA: ZA\u0141ADUNEK ODBYWA SI\u0118 SUWNIC\u0104 OD G\u00d3RY, BRAK MO\u017bLIWO\u015aCI ZA\u0141ADUNKU R\u0118CZNEGO.<\/strong><\/span> \n<p>Transport profili do Klienta realizowany jest za po\u015brednictwem zewn\u0119trznych firm transportowych.<br \/>\nUs\u0142uga jest ka\u017cdorazowo p\u0142atna zgodnie ze sta\u0142ymi op\u0142atami rycza\u0142towymi, kt\u00f3re s\u0105 zawsze podane w potwierdzeniu zam\u00f3wienia.<br \/>\nPrzy zam\u00f3wieniu poszczeg\u00f3lnych typ\u00f3w profili w pe\u0142nych wi\u0105zkach stosowany jest rabat logistyczny w wysoko\u015bci 8%. \n<p>Oddzielne przesy\u0142ki o ma\u0142ych gabarytach (w kartonach) wysy\u0142ane s\u0105 kurierem na koszt Klienta.[\/vc_column_text][\/vc_column][vc_column width=&#8221;1\/2&#8243;][vc_single_image image=&#8221;11946&#8243; img_size=&#8221;large&#8221; add_caption=&#8221;yes&#8221; alignment=&#8221;center&#8221; style=&#8221;vc_box_border&#8221; onclick=&#8221;link_image&#8221;][\/vc_column][\/vc_row][vc_row ct_full_width=&#8221;no&#8221; content_placement=&#8221;top&#8221; css=&#8221;.vc_custom_1603387144693{margin-top: 0px !important;margin-bottom: 0px !important;border-top-width: 0px !important;border-bottom-width: 0px !important;padding-top: 0px !important;padding-bottom: 0px !important;}&#8221;][vc_column width=&#8221;1\/3&#8243;][vc_single_image image=&#8221;11863&#8243; img_size=&#8221;large&#8221; alignment=&#8221;right&#8221; onclick=&#8221;link_image&#8221;][\/vc_column][vc_column width=&#8221;2\/3&#8243;][vc_column_text]Dok\u0142adamy wszelkich stara\u0144 aby towar dojecha\u0142 do Pa\u0144stwa odpowiednio opakowany i zabezpieczony przed uszkodzeniami, za\u0142adunek w naszym magazynie jest zawsze dokumentowany. <span style=\"color: #ff0000;\"><strong>Prosimy jednak, by w obecno\u015bci kierowcy Klient sprawdza\u0142 ilo\u015bciowo dostaw\u0119,<\/strong><\/span> tzn. ilo\u015b\u0107 profili \/ karton\u00f3w\/opakowa\u0144 zbiorczych i zgodno\u015b\u0107 z dokumentem WZ. \n<p>W przypadku zauwa\u017conych uszkodze\u0144 opakowa\u0144 lub profili, nale\u017cy niezw\u0142ocznie zg\u0142osi\u0107 to kierowcy. \n<p>Sam odbi\u00f3r jako\u015bciowy mo\u017ce si\u0119 odby\u0107 po roz\u0142adunku. W przypadku stwierdzenia brak\u00f3w artyku\u0142\u00f3w w kartonach lub uszkodze\u0144 profili, prosimy niezw\u0142ocznie przes\u0142a\u0107 mailem do dzia\u0142u obs\u0142ugi klient\u00f3w Jansen zg\u0142oszenie reklamacyjne. Do zg\u0142oszenia opr\u00f3cz opisu i numer\u00f3w katalogowych powinny by\u0107 za\u0142\u0105czone zdj\u0119cia reklamowanych element\u00f3w. \n<p>&nbsp; \n<p>Na wszystkie dostarczone profile i akcesoria systemowe Jansen udzielana jest gwarancja.[\/vc_column_text][\/vc_column][\/vc_row][vc_row ct_full_width=&#8221;no&#8221; content_placement=&#8221;top&#8221; css=&#8221;.vc_custom_1603387130765{margin-top: 0px !important;margin-bottom: 0px !important;border-top-width: 0px !important;border-bottom-width: 0px !important;padding-top: 0px !important;padding-bottom: 0px !important;}&#8221;][vc_column][vc_btn title=&#8221;WARUNKI GWARANCJI NA ARTYKU\u0141Y JANSEN&#8221; color=&#8221;primary&#8221; size=&#8221;lg&#8221; align=&#8221;center&#8221; i_icon_fontawesome=&#8221;fa fa-file-text&#8221; button_block=&#8221;true&#8221; add_icon=&#8221;true&#8221; link=&#8221;url:https%3A%2F%2Fwww.koenigstahl.pl%2Fpl%2Fwp-content%2Fuploads%2Fsites%2F5%2F2020%2F10%2FWARUNKI-GWARANCJI-NA-ARTYKU%C5%81Y-JANSEN-10_2020_pdf.pdf|||&#8221;][\/vc_column][\/vc_row][vc_row ct_full_width=&#8221;no&#8221; content_placement=&#8221;top&#8221; css=&#8221;.vc_custom_1603387126198{margin-top: 0px !important;margin-bottom: 0px !important;border-top-width: 0px !important;border-bottom-width: 0px !important;padding-top: 0px !important;padding-bottom: 0px !important;}&#8221;][vc_column][vc_column_text]W sytuacjach nie opisanych w\/w gwarancj\u0105 Jansen\u00a0 obowi\u0105zuj\u0105\u00a0<a href=\"https:\/\/www.koenigstahl.pl\/pl\/owsid\/\"><strong>Og\u00f3lne Warunki Sprzeda\u017cy i Dostaw<\/strong><\/a>[\/vc_column_text][vc_btn title=&#8221;OG\u00d3LNE WARUNKI SPRZEDA\u017bY I DOSTAW&#8221; color=&#8221;primary&#8221; size=&#8221;lg&#8221; align=&#8221;center&#8221; i_icon_fontawesome=&#8221;fa fa-file-text&#8221; button_block=&#8221;true&#8221; add_icon=&#8221;true&#8221; link=&#8221;url:https%3A%2F%2Fwww.koenigstahl.pl%2Fpl%2Fkonigstahl1_ogolne-warunki-sprzedazy-i-dostaw2019%2F|||&#8221;][\/vc_column][\/vc_row][vc_row ct_full_width=&#8221;no&#8221; ct_padding=&#8221;u-no-space&#8221;][vc_column width=&#8221;1\/12&#8243;][\/vc_column][vc_column width=&#8221;10\/12&#8243;][vc_empty_space][\/vc_column][vc_column width=&#8221;1\/12&#8243;][\/vc_column][\/vc_row]\n","protected":false},"excerpt":{"rendered":"<p>[vc_row ct_full_width=&#8221;no&#8221; ct_padding=&#8221;u-no-space&#8221;][vc_column width=&#8221;1\/12&#8243;][\/vc_column][vc_column width=&#8221;10\/12&#8243;][\/vc_column][vc_column width=&#8221;1\/12&#8243;][\/vc_column][\/vc_row][vc_row ct_full_width=&#8221;no&#8221; ct_padding=&#8221;u-no-space&#8221; css=&#8221;.vc_custom_1510671016847{margin-top: -30px !important;}&#8221;][vc_column width=&#8221;2\/6&#8243;][vc_single_image image=&#8221;11862&#8243; img_size=&#8221;large&#8221; alignment=&#8221;center&#8221; onclick=&#8221;link_image&#8221;][\/vc_column][vc_column width=&#8221;4\/6&#8243;][vc_column_text]Zam\u00f3wienia Klient\u00f3w realizowane s\u0105 zgodnie z za\u0142\u0105czonym cyklem dostaw. [\/vc_column_text][vc_btn title=&#8221;Cykl dostaw&#8221; color=&#8221;primary&#8221; size=&#8221;lg&#8221; align=&#8221;center&#8221; i_icon_fontawesome=&#8221;fa fa-truck&#8221; button_block=&#8221;true&#8221; add_icon=&#8221;true&#8221; link=&#8221;url:https%3A%2F%2Fwww.koenigstahl.pl%2Fpl%2Fwp-content%2Fuploads%2Fsites%2F5%2F2020%2F10%2FCykl-dostaw-JANSEN-K%C3%96NIGSTAHL-KLIENT-10_2020-1.jpg|||&#8221;][vc_column_text] Wszystkie zam\u00f3wienia prosimy wysy\u0142a\u0107 na dedykowany adres: zamowieniajansen@koenigstahl.pl [\/vc_column_text][\/vc_column][\/vc_row][vc_row ct_full_width=&#8221;no&#8221; content_placement=&#8221;top&#8221; css=&#8221;.vc_custom_1603387151336{margin-top: 0px !important;margin-bottom: 0px !important;border-top-width: 0px !important;border-bottom-width: 0px [&hellip;]<\/p>\n","protected":false},"author":763,"featured_media":0,"parent":12658,"menu_order":9,"comment_status":"closed","ping_status":"closed","template":"","meta":{"_acf_changed":false,"footnotes":""},"class_list":["post-11844","page","type-page","status-publish","hentry"],"acf":[],"yoast_head":"<!-- This site is optimized with the Yoast SEO plugin v27.0 - https:\/\/yoast.com\/product\/yoast-seo-wordpress\/ -->\n<title>Dostawy Jansen: zam\u00f3wienia Klient\u00f3w realizowane s\u0105 zgodnie z obowi\u0105zuj\u0105cym cyklem dostaw.<\/title>\n<meta name=\"description\" content=\"Zam\u00f3wienia prosimy wysy\u0142a\u0107 na dedykowany adres: zamowieniajansen@koenigstahl.plZam\u00f3wienia z\u0142o\u017cone do ka\u017cdego poniedzia\u0142ku roboczego do godziny 12:00 realizowane s\u0105 przez nasz dzia\u0142 obs\u0142ugi Klienta w kolejnych krokach:1. Po otrzymaniu zam\u00f3wienia \u2013 generujemy wst\u0119pne potwierdzenie z planowanym terminem wysy\u0142ki towaru do Klienta2. Po otrzymaniu potwierdzenia listy za\u0142adunkowej z Jansen AG ( najp\u00f3\u017aniej w czwartek ) przekazujemy informacj\u0119 o ewentualnych brakach oraz przesuni\u0119ciach termin\u00f3w.3. Po odprawie celnej oraz roz\u0142adunku w naszym magazynie w Solcu Kujawskim ( nast\u0119pny poniedzia\u0142ek lub wtorek roboczy ) zam\u00f3wiony towar wysy\u0142amy zgodnie z potwierdzeniem i cyklem dostaw do poszczeg\u00f3lnych region\u00f3w.\" \/>\n<meta name=\"robots\" content=\"index, follow, max-snippet:-1, max-image-preview:large, max-video-preview:-1\" \/>\n<link rel=\"canonical\" href=\"https:\/\/www.koenigstahl.pl\/pl\/jansen\/zamowienia-i-dostawy\/\" \/>\n<meta property=\"og:locale\" content=\"pl_PL\" \/>\n<meta property=\"og:type\" content=\"article\" \/>\n<meta property=\"og:title\" content=\"Dostawy Jansen: zam\u00f3wienia Klient\u00f3w realizowane s\u0105 zgodnie z obowi\u0105zuj\u0105cym cyklem dostaw.\" \/>\n<meta property=\"og:description\" content=\"Zam\u00f3wienia prosimy wysy\u0142a\u0107 na dedykowany adres: zamowieniajansen@koenigstahl.plZam\u00f3wienia z\u0142o\u017cone do ka\u017cdego poniedzia\u0142ku roboczego do godziny 12:00 realizowane s\u0105 przez nasz dzia\u0142 obs\u0142ugi Klienta w kolejnych krokach:1. Po otrzymaniu zam\u00f3wienia \u2013 generujemy wst\u0119pne potwierdzenie z planowanym terminem wysy\u0142ki towaru do Klienta2. Po otrzymaniu potwierdzenia listy za\u0142adunkowej z Jansen AG ( najp\u00f3\u017aniej w czwartek ) przekazujemy informacj\u0119 o ewentualnych brakach oraz przesuni\u0119ciach termin\u00f3w.3. Po odprawie celnej oraz roz\u0142adunku w naszym magazynie w Solcu Kujawskim ( nast\u0119pny poniedzia\u0142ek lub wtorek roboczy ) zam\u00f3wiony towar wysy\u0142amy zgodnie z potwierdzeniem i cyklem dostaw do poszczeg\u00f3lnych region\u00f3w.\" \/>\n<meta property=\"og:url\" content=\"https:\/\/www.koenigstahl.pl\/pl\/jansen\/zamowienia-i-dostawy\/\" \/>\n<meta property=\"og:site_name\" content=\"Konigstahl PL\" \/>\n<meta property=\"article:publisher\" content=\"https:\/\/www.facebook.com\/KonigStahl\" \/>\n<meta property=\"article:modified_time\" content=\"2022-02-15T14:03:46+00:00\" \/>\n<meta name=\"twitter:card\" content=\"summary_large_image\" \/>\n<meta name=\"twitter:label1\" content=\"Szacowany czas czytania\" \/>\n\t<meta name=\"twitter:data1\" content=\"4 minuty\" \/>\n<script type=\"application\/ld+json\" class=\"yoast-schema-graph\">{\"@context\":\"https:\/\/schema.org\",\"@graph\":[{\"@type\":\"WebPage\",\"@id\":\"https:\/\/www.koenigstahl.pl\/pl\/jansen\/zamowienia-i-dostawy\/\",\"url\":\"https:\/\/www.koenigstahl.pl\/pl\/jansen\/zamowienia-i-dostawy\/\",\"name\":\"Dostawy Jansen: zam\u00f3wienia Klient\u00f3w realizowane s\u0105 zgodnie z obowi\u0105zuj\u0105cym cyklem dostaw.\",\"isPartOf\":{\"@id\":\"https:\/\/www.koenigstahl.pl\/pl\/#website\"},\"datePublished\":\"2020-10-13T12:27:09+00:00\",\"dateModified\":\"2022-02-15T14:03:46+00:00\",\"description\":\"Zam\u00f3wienia prosimy wysy\u0142a\u0107 na dedykowany adres: zamowieniajansen@koenigstahl.plZam\u00f3wienia z\u0142o\u017cone do ka\u017cdego poniedzia\u0142ku roboczego do godziny 12:00 realizowane s\u0105 przez nasz dzia\u0142 obs\u0142ugi Klienta w kolejnych krokach:1. Po otrzymaniu zam\u00f3wienia \u2013 generujemy wst\u0119pne potwierdzenie z planowanym terminem wysy\u0142ki towaru do Klienta2. Po otrzymaniu potwierdzenia listy za\u0142adunkowej z Jansen AG ( najp\u00f3\u017aniej w czwartek ) przekazujemy informacj\u0119 o ewentualnych brakach oraz przesuni\u0119ciach termin\u00f3w.3. Po odprawie celnej oraz roz\u0142adunku w naszym magazynie w Solcu Kujawskim ( nast\u0119pny poniedzia\u0142ek lub wtorek roboczy ) zam\u00f3wiony towar wysy\u0142amy zgodnie z potwierdzeniem i cyklem dostaw do poszczeg\u00f3lnych region\u00f3w.\",\"breadcrumb\":{\"@id\":\"https:\/\/www.koenigstahl.pl\/pl\/jansen\/zamowienia-i-dostawy\/#breadcrumb\"},\"inLanguage\":\"pl-PL\",\"potentialAction\":[{\"@type\":\"ReadAction\",\"target\":[\"https:\/\/www.koenigstahl.pl\/pl\/jansen\/zamowienia-i-dostawy\/\"]}]},{\"@type\":\"BreadcrumbList\",\"@id\":\"https:\/\/www.koenigstahl.pl\/pl\/jansen\/zamowienia-i-dostawy\/#breadcrumb\",\"itemListElement\":[{\"@type\":\"ListItem\",\"position\":1,\"name\":\"Home\",\"item\":\"https:\/\/www.koenigstahl.pl\/pl\/\"},{\"@type\":\"ListItem\",\"position\":2,\"name\":\"Jansen\",\"item\":\"https:\/\/www.koenigstahl.pl\/pl\/jansen\/\"},{\"@type\":\"ListItem\",\"position\":3,\"name\":\"Zam\u00f3wienia i dostawy\"}]},{\"@type\":\"WebSite\",\"@id\":\"https:\/\/www.koenigstahl.pl\/pl\/#website\",\"url\":\"https:\/\/www.koenigstahl.pl\/pl\/\",\"name\":\"Konigstahl\",\"description\":\"Oferta firmy KONIGSTAHL obejmue profile stalowe, rury stalowe, pr\u0119ty ci\u0105gnione i walcowa, rury stalowe precyzyjne\",\"publisher\":{\"@id\":\"https:\/\/www.koenigstahl.pl\/pl\/#organization\"},\"potentialAction\":[{\"@type\":\"SearchAction\",\"target\":{\"@type\":\"EntryPoint\",\"urlTemplate\":\"https:\/\/www.koenigstahl.pl\/pl\/?s={search_term_string}\"},\"query-input\":{\"@type\":\"PropertyValueSpecification\",\"valueRequired\":true,\"valueName\":\"search_term_string\"}}],\"inLanguage\":\"pl-PL\"},{\"@type\":\"Organization\",\"@id\":\"https:\/\/www.koenigstahl.pl\/pl\/#organization\",\"name\":\"Konigstahl\",\"url\":\"https:\/\/www.koenigstahl.pl\/pl\/\",\"logo\":{\"@type\":\"ImageObject\",\"inLanguage\":\"pl-PL\",\"@id\":\"https:\/\/www.koenigstahl.pl\/pl\/#\/schema\/logo\/image\/\",\"url\":\"https:\/\/www.koenigstahl.pl\/pl\/wp-content\/uploads\/sites\/5\/2025\/02\/LOGO_KS_2025.png\",\"contentUrl\":\"https:\/\/www.koenigstahl.pl\/pl\/wp-content\/uploads\/sites\/5\/2025\/02\/LOGO_KS_2025.png\",\"width\":1639,\"height\":202,\"caption\":\"Konigstahl\"},\"image\":{\"@id\":\"https:\/\/www.koenigstahl.pl\/pl\/#\/schema\/logo\/image\/\"},\"sameAs\":[\"https:\/\/www.facebook.com\/KonigStahl\",\"https:\/\/www.instagram.com\/konig_stahl\/\",\"https:\/\/www.linkedin.com\/company\/knig-stahl-sp.-z-o.o.\/?viewAsMember=true\"]}]}<\/script>\n<!-- \/ Yoast SEO plugin. -->","yoast_head_json":{"title":"Dostawy Jansen: zam\u00f3wienia Klient\u00f3w realizowane s\u0105 zgodnie z obowi\u0105zuj\u0105cym cyklem dostaw.","description":"Zam\u00f3wienia prosimy wysy\u0142a\u0107 na dedykowany adres: zamowieniajansen@koenigstahl.plZam\u00f3wienia z\u0142o\u017cone do ka\u017cdego poniedzia\u0142ku roboczego do godziny 12:00 realizowane s\u0105 przez nasz dzia\u0142 obs\u0142ugi Klienta w kolejnych krokach:1. Po otrzymaniu zam\u00f3wienia \u2013 generujemy wst\u0119pne potwierdzenie z planowanym terminem wysy\u0142ki towaru do Klienta2. Po otrzymaniu potwierdzenia listy za\u0142adunkowej z Jansen AG ( najp\u00f3\u017aniej w czwartek ) przekazujemy informacj\u0119 o ewentualnych brakach oraz przesuni\u0119ciach termin\u00f3w.3. Po odprawie celnej oraz roz\u0142adunku w naszym magazynie w Solcu Kujawskim ( nast\u0119pny poniedzia\u0142ek lub wtorek roboczy ) zam\u00f3wiony towar wysy\u0142amy zgodnie z potwierdzeniem i cyklem dostaw do poszczeg\u00f3lnych region\u00f3w.","robots":{"index":"index","follow":"follow","max-snippet":"max-snippet:-1","max-image-preview":"max-image-preview:large","max-video-preview":"max-video-preview:-1"},"canonical":"https:\/\/www.koenigstahl.pl\/pl\/jansen\/zamowienia-i-dostawy\/","og_locale":"pl_PL","og_type":"article","og_title":"Dostawy Jansen: zam\u00f3wienia Klient\u00f3w realizowane s\u0105 zgodnie z obowi\u0105zuj\u0105cym cyklem dostaw.","og_description":"Zam\u00f3wienia prosimy wysy\u0142a\u0107 na dedykowany adres: zamowieniajansen@koenigstahl.plZam\u00f3wienia z\u0142o\u017cone do ka\u017cdego poniedzia\u0142ku roboczego do godziny 12:00 realizowane s\u0105 przez nasz dzia\u0142 obs\u0142ugi Klienta w kolejnych krokach:1. Po otrzymaniu zam\u00f3wienia \u2013 generujemy wst\u0119pne potwierdzenie z planowanym terminem wysy\u0142ki towaru do Klienta2. Po otrzymaniu potwierdzenia listy za\u0142adunkowej z Jansen AG ( najp\u00f3\u017aniej w czwartek ) przekazujemy informacj\u0119 o ewentualnych brakach oraz przesuni\u0119ciach termin\u00f3w.3. Po odprawie celnej oraz roz\u0142adunku w naszym magazynie w Solcu Kujawskim ( nast\u0119pny poniedzia\u0142ek lub wtorek roboczy ) zam\u00f3wiony towar wysy\u0142amy zgodnie z potwierdzeniem i cyklem dostaw do poszczeg\u00f3lnych region\u00f3w.","og_url":"https:\/\/www.koenigstahl.pl\/pl\/jansen\/zamowienia-i-dostawy\/","og_site_name":"Konigstahl PL","article_publisher":"https:\/\/www.facebook.com\/KonigStahl","article_modified_time":"2022-02-15T14:03:46+00:00","twitter_card":"summary_large_image","twitter_misc":{"Szacowany czas czytania":"4 minuty"},"schema":{"@context":"https:\/\/schema.org","@graph":[{"@type":"WebPage","@id":"https:\/\/www.koenigstahl.pl\/pl\/jansen\/zamowienia-i-dostawy\/","url":"https:\/\/www.koenigstahl.pl\/pl\/jansen\/zamowienia-i-dostawy\/","name":"Dostawy Jansen: zam\u00f3wienia Klient\u00f3w realizowane s\u0105 zgodnie z obowi\u0105zuj\u0105cym cyklem dostaw.","isPartOf":{"@id":"https:\/\/www.koenigstahl.pl\/pl\/#website"},"datePublished":"2020-10-13T12:27:09+00:00","dateModified":"2022-02-15T14:03:46+00:00","description":"Zam\u00f3wienia prosimy wysy\u0142a\u0107 na dedykowany adres: zamowieniajansen@koenigstahl.plZam\u00f3wienia z\u0142o\u017cone do ka\u017cdego poniedzia\u0142ku roboczego do godziny 12:00 realizowane s\u0105 przez nasz dzia\u0142 obs\u0142ugi Klienta w kolejnych krokach:1. Po otrzymaniu zam\u00f3wienia \u2013 generujemy wst\u0119pne potwierdzenie z planowanym terminem wysy\u0142ki towaru do Klienta2. Po otrzymaniu potwierdzenia listy za\u0142adunkowej z Jansen AG ( najp\u00f3\u017aniej w czwartek ) przekazujemy informacj\u0119 o ewentualnych brakach oraz przesuni\u0119ciach termin\u00f3w.3. Po odprawie celnej oraz roz\u0142adunku w naszym magazynie w Solcu Kujawskim ( nast\u0119pny poniedzia\u0142ek lub wtorek roboczy ) zam\u00f3wiony towar wysy\u0142amy zgodnie z potwierdzeniem i cyklem dostaw do poszczeg\u00f3lnych region\u00f3w.","breadcrumb":{"@id":"https:\/\/www.koenigstahl.pl\/pl\/jansen\/zamowienia-i-dostawy\/#breadcrumb"},"inLanguage":"pl-PL","potentialAction":[{"@type":"ReadAction","target":["https:\/\/www.koenigstahl.pl\/pl\/jansen\/zamowienia-i-dostawy\/"]}]},{"@type":"BreadcrumbList","@id":"https:\/\/www.koenigstahl.pl\/pl\/jansen\/zamowienia-i-dostawy\/#breadcrumb","itemListElement":[{"@type":"ListItem","position":1,"name":"Home","item":"https:\/\/www.koenigstahl.pl\/pl\/"},{"@type":"ListItem","position":2,"name":"Jansen","item":"https:\/\/www.koenigstahl.pl\/pl\/jansen\/"},{"@type":"ListItem","position":3,"name":"Zam\u00f3wienia i dostawy"}]},{"@type":"WebSite","@id":"https:\/\/www.koenigstahl.pl\/pl\/#website","url":"https:\/\/www.koenigstahl.pl\/pl\/","name":"Konigstahl","description":"Oferta firmy KONIGSTAHL obejmue profile stalowe, rury stalowe, pr\u0119ty ci\u0105gnione i walcowa, rury stalowe precyzyjne","publisher":{"@id":"https:\/\/www.koenigstahl.pl\/pl\/#organization"},"potentialAction":[{"@type":"SearchAction","target":{"@type":"EntryPoint","urlTemplate":"https:\/\/www.koenigstahl.pl\/pl\/?s={search_term_string}"},"query-input":{"@type":"PropertyValueSpecification","valueRequired":true,"valueName":"search_term_string"}}],"inLanguage":"pl-PL"},{"@type":"Organization","@id":"https:\/\/www.koenigstahl.pl\/pl\/#organization","name":"Konigstahl","url":"https:\/\/www.koenigstahl.pl\/pl\/","logo":{"@type":"ImageObject","inLanguage":"pl-PL","@id":"https:\/\/www.koenigstahl.pl\/pl\/#\/schema\/logo\/image\/","url":"https:\/\/www.koenigstahl.pl\/pl\/wp-content\/uploads\/sites\/5\/2025\/02\/LOGO_KS_2025.png","contentUrl":"https:\/\/www.koenigstahl.pl\/pl\/wp-content\/uploads\/sites\/5\/2025\/02\/LOGO_KS_2025.png","width":1639,"height":202,"caption":"Konigstahl"},"image":{"@id":"https:\/\/www.koenigstahl.pl\/pl\/#\/schema\/logo\/image\/"},"sameAs":["https:\/\/www.facebook.com\/KonigStahl","https:\/\/www.instagram.com\/konig_stahl\/","https:\/\/www.linkedin.com\/company\/knig-stahl-sp.-z-o.o.\/?viewAsMember=true"]}]}},"_links":{"self":[{"href":"https:\/\/www.koenigstahl.pl\/pl\/wp-json\/wp\/v2\/pages\/11844","targetHints":{"allow":["GET"]}}],"collection":[{"href":"https:\/\/www.koenigstahl.pl\/pl\/wp-json\/wp\/v2\/pages"}],"about":[{"href":"https:\/\/www.koenigstahl.pl\/pl\/wp-json\/wp\/v2\/types\/page"}],"author":[{"embeddable":true,"href":"https:\/\/www.koenigstahl.pl\/pl\/wp-json\/wp\/v2\/users\/763"}],"replies":[{"embeddable":true,"href":"https:\/\/www.koenigstahl.pl\/pl\/wp-json\/wp\/v2\/comments?post=11844"}],"version-history":[{"count":10,"href":"https:\/\/www.koenigstahl.pl\/pl\/wp-json\/wp\/v2\/pages\/11844\/revisions"}],"predecessor-version":[{"id":13109,"href":"https:\/\/www.koenigstahl.pl\/pl\/wp-json\/wp\/v2\/pages\/11844\/revisions\/13109"}],"up":[{"embeddable":true,"href":"https:\/\/www.koenigstahl.pl\/pl\/wp-json\/wp\/v2\/pages\/12658"}],"wp:attachment":[{"href":"https:\/\/www.koenigstahl.pl\/pl\/wp-json\/wp\/v2\/media?parent=11844"}],"curies":[{"name":"wp","href":"https:\/\/api.w.org\/{rel}","templated":true}]}}