{"id":15005,"date":"2025-05-30T09:32:59","date_gmt":"2025-05-30T07:32:59","guid":{"rendered":"https:\/\/www.koenigstahl.pl\/pl\/?page_id=15005"},"modified":"2025-05-30T10:57:42","modified_gmt":"2025-05-30T08:57:42","slug":"wspolpraca","status":"publish","type":"page","link":"https:\/\/www.koenigstahl.pl\/pl\/jansen\/wspolpraca\/","title":{"rendered":"Wsp\u00f3\u0142praca"},"content":{"rendered":"[vc_row][vc_column width=&#8221;2\/3&#8243;][vc_column_text css=&#8221;&#8221;]<strong>Bardzo dzi\u0119kujemy za zainteresowanie architektonicznymi systemami stalowymi JANSEN.<\/strong> \n<p>Aby u\u0142atwi\u0107 Pa\u0144stwu rozpocz\u0119cie wsp\u00f3\u0142pracy, poni\u017cej uporz\u0105dkowane informacje: \n<p>&nbsp; \n<ol>\n<li style=\"list-style-type: none;\">\n<ol>\n<li><strong>1. DOST\u0118P DO ZASOB\u00d3W \u201eDO POBRANIA\u201d ZE STRONY INTERNETOWEJ K\u00d6NIGSTAHL \u2013 PROSPEKTY, KATALOGI ITD<\/strong><\/li>\n<li>Zach\u0119camy do skorzystania z zasob\u00f3w naszej strony internetowej:<br \/>\n<a style=\"color: #0066cc;\" href=\"https:\/\/www.koenigstahl.pl\/pl\/jansen\/\">www.koenigstahl.pl\/pl\/jansen<\/a><\/li>\n<li>Aby uzyska\u0107 dost\u0119p do wszystkich materia\u0142\u00f3w, w tym katalog\u00f3w systemowych i warsztatowych, bazy rysunk\u00f3w i instrukcji, bardzo prosz\u0119 o zarejestrowanie si\u0119:<br \/>\n<a style=\"color: #0066cc;\" href=\"https:\/\/www.koenigstahl.pl\/pl\/rejestracja\/\">www.koenigstahl.pl\/pl\/rejestracja<\/a><br \/>\nPo stworzeniu konta otrzymacie Pa\u0144stwo maila z pro\u015bb\u0105 o potwierdzenie. Od tego momentu po zalogowaniu b\u0119dziecie mogli korzysta\u0107 ze wszystkich naszych zasob\u00f3w.<\/li>\n<\/ol>\n<\/li>\n<\/ol>\n<p>&nbsp; \n<ol>\n<li style=\"list-style-type: none;\">\n<ol>\n<li><strong>2. FABRYKACJA &amp; WARSZTAT<\/strong><\/li>\n<li>Aby pom\u00f3c Pa\u0144stwu zapozna\u0107 si\u0119 z technologi\u0105 fabrykacji, na naszej stronie internetowej w zak\u0142adce \u201eDO POBRANIA\u201d w kategorii \u201eKATALOGI I INSTRUKCJE WARSZTATOWE\u201d znajdziecie Pa\u0144stwo:\n<ul>\n<li><a style=\"color: #0066cc;\" href=\"https:\/\/www.koenigstahl.pl\/pl\/download-center\/instrukcje-ogolne-produkcja-montaz-i-konserwacja\/?dt=2&amp;file_download=12748\">Katalogi i instrukcje warsztatowe<\/a><\/li>\n<li><a style=\"color: #0066cc;\" href=\"https:\/\/www.koenigstahl.pl\/pl\/download-center\/instrukcje-ogolne-produkcja-montaz-i-konserwacja\/\">Instrukcje og\u00f3lne<\/a><\/li>\n<li><a style=\"color: #0066cc;\" href=\"https:\/\/www.koenigstahl.pl\/pl\/download-center\/instrukcje-ogolne-produkcja-montaz-i-konserwacja\/?dt=2&amp;file_download=6167\">Poradnik: produkcja w systemach Jansen<\/a><\/li>\n<li><a style=\"color: #0066cc;\" href=\"https:\/\/www.koenigstahl.pl\/pl\/download-center\/instrukcje-ogolne-produkcja-montaz-i-konserwacja\/?dt=2&amp;file_download=9395\">Szablony i narz\u0119dzia warsztatowe<\/a><\/li>\n<li><a style=\"color: #0066cc;\" href=\"https:\/\/www.koenigstahl.pl\/pl\/download-center\/instrukcje-ogolne-produkcja-montaz-i-konserwacja\/?dt=2&amp;file_download=9060\">Rekomendowane maszyny do stali<\/a><\/li>\n<\/ul>\n<p>Filmy instrukta\u017cowe Jansen:<br \/>\n<a style=\"color: #0066cc;\" href=\"https:\/\/www.jansen.com\/en\/building-systems-profile-systems-steel\/services-steel-systems\/processing\/processing-videos.html\">Zobacz tutaj<\/a><br \/>\nAnimacja \u2013 plan warsztatu:<br \/>\n<a style=\"color: #0066cc;\" href=\"https:\/\/youtu.be\/nlRcaqDiQf8\">https:\/\/youtu.be\/nlRcaqDiQf8<\/a><\/li>\n<\/ol>\n<\/li>\n<\/ol>\n<p>&nbsp; \n<ol>\n<li style=\"list-style-type: none;\">\n<ol>\n<li><strong>3. SZKOLENIA WARSZTATOWE<\/strong><\/li>\n<li>W przypadku zakupu materia\u0142\u00f3w Jansen oferujemy <strong>BEZP\u0141ATNE SZKOLENIA<\/strong> na Pa\u0144stwa warsztacie.<br \/>\nNasz technolog wsp\u00f3lnie z pracownikami uczestniczy w procesie fabrykacji, doradzaj\u0105c i prezentuj\u0105c narz\u0119dzia:<br \/>\n<a style=\"color: #0066cc;\" href=\"https:\/\/www.koenigstahl.pl\/pl\/download-center\/instrukcje-ogolne-produkcja-montaz-i-konserwacja\/?dt=2&amp;file_download=9395\">Szablony i narz\u0119dzia<\/a><br \/>\nSzkolenie trwa zazwyczaj 1\u20132 dni, w zale\u017cno\u015bci od systemu i umiej\u0119tno\u015bci zespo\u0142u.<\/li>\n<\/ol>\n<\/li>\n<\/ol>\n<p>&nbsp; \n<ol>\n<li style=\"list-style-type: none;\">\n<ol>\n<li><strong>4. JANISOFT \/ LOGIKAL<\/strong><\/li>\n<li>Rekomendujemy dedykowany program Janisoft:<br \/>\n<a style=\"color: #0066cc;\" href=\"https:\/\/www.koenigstahl.pl\/pl\/jansen\/uslugi\/#janIsoft\">https:\/\/www.koenigstahl.pl\/pl\/jansen\/uslugi\/#janIsoft<\/a><\/li>\n<li>Mo\u017cliwo\u015b\u0107 skorzystania z 90-dniowej wersji pr\u00f3bnej. Po pobraniu programu, kod nale\u017cy przes\u0142a\u0107 do:<br \/>\n<a style=\"color: #0066cc;\" href=\"mailto:p.dehnel@koenigstahl.pl\">p.dehnel@koenigstahl.pl<\/a><\/li>\n<li>Szkolenia:<br \/>\n\u2013 bezp\u0142atne przy zakupie licencji (w naszym biurze lub u klienta)<br \/>\n\u2013 p\u0142atne bez zakupu licencji: 1600 z\u0142 + VAT \/ dzie\u0144 (max. 6 godzin)<\/li>\n<\/ol>\n<\/li>\n<\/ol>\n<p>&nbsp; \n<ol>\n<li style=\"list-style-type: none;\">\n<ol>\n<li><strong>5. JANSEN DOCU CENTER<\/strong><\/li>\n<li>Jansen Docu Center to narz\u0119dzie (DE\/EN\/FR\/IT) dla architekt\u00f3w, projektant\u00f3w i inwestor\u00f3w:<br \/>\n<a style=\"color: #0066cc;\" href=\"https:\/\/www.koenigstahl.pl\/pl\/jansen\/uslugi\/#1603372421400-12707f5a-36b6\">Zobacz szczeg\u00f3\u0142y<\/a><br \/>\nFilm prezentuj\u0105cy funkcje:<br \/>\n<a style=\"color: #0066cc;\" href=\"https:\/\/youtu.be\/-0u66waO8cc\">https:\/\/youtu.be\/-0u66waO8cc<\/a><\/li>\n<li>Rejestracja:<br \/>\n<a style=\"color: #0066cc;\" href=\"https:\/\/www.jansen.com\/en\/building-systems-profile-systems-steel\/services-steel-systems\/docu-center\/first-time-registration.html\">Formularz rejestracyjny<\/a><br \/>\nNast\u0119pnie nale\u017cy pobra\u0107 aplikacj\u0119 na urz\u0105dzenie.<\/li>\n<\/ol>\n<\/li>\n<\/ol>\n<p>&nbsp; \n<ol>\n<li style=\"list-style-type: none;\">\n<ol>\n<li><strong>6. ZAM\u00d3WIENIA I DOSTAWY<\/strong><\/li>\n<li>Szczeg\u00f3\u0142y dotycz\u0105ce zam\u00f3wie\u0144, dostaw, reklamacji i gwarancji:<br \/>\n<a style=\"color: #0066cc;\" href=\"https:\/\/www.koenigstahl.pl\/pl\/jansen\/zamowienia-i-dostawy\/\">https:\/\/www.koenigstahl.pl\/pl\/jansen\/zamowienia-i-dostawy\/<\/a><\/li>\n<\/ol>\n<\/li>\n<\/ol>\n<p>&nbsp; \n<ol>\n<li><strong>7. CENNIKI<\/strong><\/li>\n<li>W przypadku zainteresowania wsp\u00f3\u0142prac\u0105, prosimy o kontakt z regionalnymi doradcami techniczno-handlowymi:<br \/>\n<a style=\"color: #0066cc;\" href=\"https:\/\/www.koenigstahl.pl\/pl\/jansen\/kontakt\/\">Kontakt \u2013 dzia\u0142 Jansen<\/a><\/li>\n<\/ol>\n<p><strong>ZAPRASZAMY DO KONTAKTU. TW\u00d3J SUKCES \u2013 NASZA PASJA.<\/strong>[\/vc_column_text][\/vc_column][vc_column width=&#8221;1\/3&#8243;][vc_single_image image=&#8221;15014&#8243; img_size=&#8221;large&#8221; css=&#8221;&#8221;][\/vc_column][\/vc_row]\n","protected":false},"excerpt":{"rendered":"<p>[vc_row][vc_column width=&#8221;2\/3&#8243;][vc_column_text css=&#8221;&#8221;]Bardzo dzi\u0119kujemy za zainteresowanie architektonicznymi systemami stalowymi JANSEN. Aby u\u0142atwi\u0107 Pa\u0144stwu rozpocz\u0119cie wsp\u00f3\u0142pracy, poni\u017cej uporz\u0105dkowane informacje: &nbsp; 1. DOST\u0118P DO ZASOB\u00d3W \u201eDO POBRANIA\u201d ZE STRONY INTERNETOWEJ K\u00d6NIGSTAHL \u2013 PROSPEKTY, KATALOGI ITD Zach\u0119camy do skorzystania z zasob\u00f3w naszej strony internetowej: www.koenigstahl.pl\/pl\/jansen Aby uzyska\u0107 dost\u0119p do wszystkich materia\u0142\u00f3w, w tym katalog\u00f3w systemowych i warsztatowych, bazy [&hellip;]<\/p>\n","protected":false},"author":5746,"featured_media":0,"parent":12658,"menu_order":7,"comment_status":"closed","ping_status":"closed","template":"","meta":{"_acf_changed":false,"footnotes":""},"class_list":["post-15005","page","type-page","status-publish","hentry"],"acf":[],"yoast_head":"<!-- This site is optimized with the Yoast SEO plugin v27.0 - https:\/\/yoast.com\/product\/yoast-seo-wordpress\/ -->\n<title>Wsp\u00f3\u0142praca - Konigstahl PL<\/title>\n<meta name=\"robots\" content=\"index, follow, max-snippet:-1, max-image-preview:large, max-video-preview:-1\" \/>\n<link rel=\"canonical\" href=\"https:\/\/www.koenigstahl.pl\/pl\/jansen\/wspolpraca\/\" \/>\n<meta property=\"og:locale\" content=\"pl_PL\" \/>\n<meta property=\"og:type\" content=\"article\" \/>\n<meta property=\"og:title\" content=\"Wsp\u00f3\u0142praca - Konigstahl PL\" \/>\n<meta property=\"og:description\" content=\"[vc_row][vc_column width=&#8221;2\/3&#8243;][vc_column_text css=&#8221;&#8221;]Bardzo dzi\u0119kujemy za zainteresowanie architektonicznymi systemami stalowymi JANSEN. Aby u\u0142atwi\u0107 Pa\u0144stwu rozpocz\u0119cie wsp\u00f3\u0142pracy, poni\u017cej uporz\u0105dkowane informacje: &nbsp; 1. DOST\u0118P DO ZASOB\u00d3W \u201eDO POBRANIA\u201d ZE STRONY INTERNETOWEJ K\u00d6NIGSTAHL \u2013 PROSPEKTY, KATALOGI ITD Zach\u0119camy do skorzystania z zasob\u00f3w naszej strony internetowej: www.koenigstahl.pl\/pl\/jansen Aby uzyska\u0107 dost\u0119p do wszystkich materia\u0142\u00f3w, w tym katalog\u00f3w systemowych i warsztatowych, bazy [&hellip;]\" \/>\n<meta property=\"og:url\" content=\"https:\/\/www.koenigstahl.pl\/pl\/jansen\/wspolpraca\/\" \/>\n<meta property=\"og:site_name\" content=\"Konigstahl PL\" \/>\n<meta property=\"article:publisher\" content=\"https:\/\/www.facebook.com\/KonigStahl\" \/>\n<meta property=\"article:modified_time\" content=\"2025-05-30T08:57:42+00:00\" \/>\n<meta name=\"twitter:card\" content=\"summary_large_image\" \/>\n<meta name=\"twitter:label1\" content=\"Szacowany czas czytania\" \/>\n\t<meta name=\"twitter:data1\" content=\"2 minuty\" \/>\n<script type=\"application\/ld+json\" class=\"yoast-schema-graph\">{\"@context\":\"https:\/\/schema.org\",\"@graph\":[{\"@type\":\"WebPage\",\"@id\":\"https:\/\/www.koenigstahl.pl\/pl\/jansen\/wspolpraca\/\",\"url\":\"https:\/\/www.koenigstahl.pl\/pl\/jansen\/wspolpraca\/\",\"name\":\"Wsp\u00f3\u0142praca - Konigstahl PL\",\"isPartOf\":{\"@id\":\"https:\/\/www.koenigstahl.pl\/pl\/#website\"},\"datePublished\":\"2025-05-30T07:32:59+00:00\",\"dateModified\":\"2025-05-30T08:57:42+00:00\",\"breadcrumb\":{\"@id\":\"https:\/\/www.koenigstahl.pl\/pl\/jansen\/wspolpraca\/#breadcrumb\"},\"inLanguage\":\"pl-PL\",\"potentialAction\":[{\"@type\":\"ReadAction\",\"target\":[\"https:\/\/www.koenigstahl.pl\/pl\/jansen\/wspolpraca\/\"]}]},{\"@type\":\"BreadcrumbList\",\"@id\":\"https:\/\/www.koenigstahl.pl\/pl\/jansen\/wspolpraca\/#breadcrumb\",\"itemListElement\":[{\"@type\":\"ListItem\",\"position\":1,\"name\":\"Home\",\"item\":\"https:\/\/www.koenigstahl.pl\/pl\/\"},{\"@type\":\"ListItem\",\"position\":2,\"name\":\"Jansen\",\"item\":\"https:\/\/www.koenigstahl.pl\/pl\/jansen\/\"},{\"@type\":\"ListItem\",\"position\":3,\"name\":\"Wsp\u00f3\u0142praca\"}]},{\"@type\":\"WebSite\",\"@id\":\"https:\/\/www.koenigstahl.pl\/pl\/#website\",\"url\":\"https:\/\/www.koenigstahl.pl\/pl\/\",\"name\":\"Konigstahl\",\"description\":\"Oferta firmy KONIGSTAHL obejmue profile stalowe, rury stalowe, pr\u0119ty ci\u0105gnione i walcowa, rury stalowe precyzyjne\",\"publisher\":{\"@id\":\"https:\/\/www.koenigstahl.pl\/pl\/#organization\"},\"potentialAction\":[{\"@type\":\"SearchAction\",\"target\":{\"@type\":\"EntryPoint\",\"urlTemplate\":\"https:\/\/www.koenigstahl.pl\/pl\/?s={search_term_string}\"},\"query-input\":{\"@type\":\"PropertyValueSpecification\",\"valueRequired\":true,\"valueName\":\"search_term_string\"}}],\"inLanguage\":\"pl-PL\"},{\"@type\":\"Organization\",\"@id\":\"https:\/\/www.koenigstahl.pl\/pl\/#organization\",\"name\":\"Konigstahl\",\"url\":\"https:\/\/www.koenigstahl.pl\/pl\/\",\"logo\":{\"@type\":\"ImageObject\",\"inLanguage\":\"pl-PL\",\"@id\":\"https:\/\/www.koenigstahl.pl\/pl\/#\/schema\/logo\/image\/\",\"url\":\"https:\/\/www.koenigstahl.pl\/pl\/wp-content\/uploads\/sites\/5\/2025\/02\/LOGO_KS_2025.png\",\"contentUrl\":\"https:\/\/www.koenigstahl.pl\/pl\/wp-content\/uploads\/sites\/5\/2025\/02\/LOGO_KS_2025.png\",\"width\":1639,\"height\":202,\"caption\":\"Konigstahl\"},\"image\":{\"@id\":\"https:\/\/www.koenigstahl.pl\/pl\/#\/schema\/logo\/image\/\"},\"sameAs\":[\"https:\/\/www.facebook.com\/KonigStahl\",\"https:\/\/www.instagram.com\/konig_stahl\/\",\"https:\/\/www.linkedin.com\/company\/knig-stahl-sp.-z-o.o.\/?viewAsMember=true\"]}]}<\/script>\n<!-- \/ Yoast SEO plugin. -->","yoast_head_json":{"title":"Wsp\u00f3\u0142praca - Konigstahl PL","robots":{"index":"index","follow":"follow","max-snippet":"max-snippet:-1","max-image-preview":"max-image-preview:large","max-video-preview":"max-video-preview:-1"},"canonical":"https:\/\/www.koenigstahl.pl\/pl\/jansen\/wspolpraca\/","og_locale":"pl_PL","og_type":"article","og_title":"Wsp\u00f3\u0142praca - Konigstahl PL","og_description":"[vc_row][vc_column width=&#8221;2\/3&#8243;][vc_column_text css=&#8221;&#8221;]Bardzo dzi\u0119kujemy za zainteresowanie architektonicznymi systemami stalowymi JANSEN. Aby u\u0142atwi\u0107 Pa\u0144stwu rozpocz\u0119cie wsp\u00f3\u0142pracy, poni\u017cej uporz\u0105dkowane informacje: &nbsp; 1. DOST\u0118P DO ZASOB\u00d3W \u201eDO POBRANIA\u201d ZE STRONY INTERNETOWEJ K\u00d6NIGSTAHL \u2013 PROSPEKTY, KATALOGI ITD Zach\u0119camy do skorzystania z zasob\u00f3w naszej strony internetowej: www.koenigstahl.pl\/pl\/jansen Aby uzyska\u0107 dost\u0119p do wszystkich materia\u0142\u00f3w, w tym katalog\u00f3w systemowych i warsztatowych, bazy [&hellip;]","og_url":"https:\/\/www.koenigstahl.pl\/pl\/jansen\/wspolpraca\/","og_site_name":"Konigstahl PL","article_publisher":"https:\/\/www.facebook.com\/KonigStahl","article_modified_time":"2025-05-30T08:57:42+00:00","twitter_card":"summary_large_image","twitter_misc":{"Szacowany czas czytania":"2 minuty"},"schema":{"@context":"https:\/\/schema.org","@graph":[{"@type":"WebPage","@id":"https:\/\/www.koenigstahl.pl\/pl\/jansen\/wspolpraca\/","url":"https:\/\/www.koenigstahl.pl\/pl\/jansen\/wspolpraca\/","name":"Wsp\u00f3\u0142praca - Konigstahl PL","isPartOf":{"@id":"https:\/\/www.koenigstahl.pl\/pl\/#website"},"datePublished":"2025-05-30T07:32:59+00:00","dateModified":"2025-05-30T08:57:42+00:00","breadcrumb":{"@id":"https:\/\/www.koenigstahl.pl\/pl\/jansen\/wspolpraca\/#breadcrumb"},"inLanguage":"pl-PL","potentialAction":[{"@type":"ReadAction","target":["https:\/\/www.koenigstahl.pl\/pl\/jansen\/wspolpraca\/"]}]},{"@type":"BreadcrumbList","@id":"https:\/\/www.koenigstahl.pl\/pl\/jansen\/wspolpraca\/#breadcrumb","itemListElement":[{"@type":"ListItem","position":1,"name":"Home","item":"https:\/\/www.koenigstahl.pl\/pl\/"},{"@type":"ListItem","position":2,"name":"Jansen","item":"https:\/\/www.koenigstahl.pl\/pl\/jansen\/"},{"@type":"ListItem","position":3,"name":"Wsp\u00f3\u0142praca"}]},{"@type":"WebSite","@id":"https:\/\/www.koenigstahl.pl\/pl\/#website","url":"https:\/\/www.koenigstahl.pl\/pl\/","name":"Konigstahl","description":"Oferta firmy KONIGSTAHL obejmue profile stalowe, rury stalowe, pr\u0119ty ci\u0105gnione i walcowa, rury stalowe precyzyjne","publisher":{"@id":"https:\/\/www.koenigstahl.pl\/pl\/#organization"},"potentialAction":[{"@type":"SearchAction","target":{"@type":"EntryPoint","urlTemplate":"https:\/\/www.koenigstahl.pl\/pl\/?s={search_term_string}"},"query-input":{"@type":"PropertyValueSpecification","valueRequired":true,"valueName":"search_term_string"}}],"inLanguage":"pl-PL"},{"@type":"Organization","@id":"https:\/\/www.koenigstahl.pl\/pl\/#organization","name":"Konigstahl","url":"https:\/\/www.koenigstahl.pl\/pl\/","logo":{"@type":"ImageObject","inLanguage":"pl-PL","@id":"https:\/\/www.koenigstahl.pl\/pl\/#\/schema\/logo\/image\/","url":"https:\/\/www.koenigstahl.pl\/pl\/wp-content\/uploads\/sites\/5\/2025\/02\/LOGO_KS_2025.png","contentUrl":"https:\/\/www.koenigstahl.pl\/pl\/wp-content\/uploads\/sites\/5\/2025\/02\/LOGO_KS_2025.png","width":1639,"height":202,"caption":"Konigstahl"},"image":{"@id":"https:\/\/www.koenigstahl.pl\/pl\/#\/schema\/logo\/image\/"},"sameAs":["https:\/\/www.facebook.com\/KonigStahl","https:\/\/www.instagram.com\/konig_stahl\/","https:\/\/www.linkedin.com\/company\/knig-stahl-sp.-z-o.o.\/?viewAsMember=true"]}]}},"_links":{"self":[{"href":"https:\/\/www.koenigstahl.pl\/pl\/wp-json\/wp\/v2\/pages\/15005","targetHints":{"allow":["GET"]}}],"collection":[{"href":"https:\/\/www.koenigstahl.pl\/pl\/wp-json\/wp\/v2\/pages"}],"about":[{"href":"https:\/\/www.koenigstahl.pl\/pl\/wp-json\/wp\/v2\/types\/page"}],"author":[{"embeddable":true,"href":"https:\/\/www.koenigstahl.pl\/pl\/wp-json\/wp\/v2\/users\/5746"}],"replies":[{"embeddable":true,"href":"https:\/\/www.koenigstahl.pl\/pl\/wp-json\/wp\/v2\/comments?post=15005"}],"version-history":[{"count":10,"href":"https:\/\/www.koenigstahl.pl\/pl\/wp-json\/wp\/v2\/pages\/15005\/revisions"}],"predecessor-version":[{"id":15018,"href":"https:\/\/www.koenigstahl.pl\/pl\/wp-json\/wp\/v2\/pages\/15005\/revisions\/15018"}],"up":[{"embeddable":true,"href":"https:\/\/www.koenigstahl.pl\/pl\/wp-json\/wp\/v2\/pages\/12658"}],"wp:attachment":[{"href":"https:\/\/www.koenigstahl.pl\/pl\/wp-json\/wp\/v2\/media?parent=15005"}],"curies":[{"name":"wp","href":"https:\/\/api.w.org\/{rel}","templated":true}]}}