{"id":15031,"date":"2025-06-18T10:36:15","date_gmt":"2025-06-18T08:36:15","guid":{"rendered":"https:\/\/www.koenigstahl.pl\/pl\/?page_id=15031"},"modified":"2025-07-10T09:26:27","modified_gmt":"2025-07-10T07:26:27","slug":"centrum-serwisowe","status":"publish","type":"page","link":"https:\/\/www.koenigstahl.pl\/pl\/centrum-serwisowe\/","title":{"rendered":"Centrum Serwisowe"},"content":{"rendered":"[vc_row][vc_column][vc_btn title=&#8221;Prospekt Wizerunkowy &#8211; Centrum Serwisowe&#8221; color=&#8221;blue&#8221; align=&#8221;center&#8221; i_icon_fontawesome=&#8221;fa fa-solid fa-fingerprint&#8221; css=&#8221;&#8221; button_block=&#8221;true&#8221; add_icon=&#8221;true&#8221; link=&#8221;url:https%3A%2F%2Fwww.koenigstahl.pl%2Fpl%2Fwp-content%2Fuploads%2Fsites%2F5%2F2025%2F07%2FProspekt-wizerunkowy_Centrum-Serwisowe.pdf&#8221;][\/vc_column][vc_column][vc_custom_heading text=&#8221;Laserowe ci\u0119cie rur i profili 3D&#8221; font_container=&#8221;tag:h3|text_align:center&#8221; google_fonts=&#8221;font_family:Arimo%3Aregular%2Citalic%2C700%2C700italic|font_style:700%20bold%20regular%3A700%3Anormal&#8221; css=&#8221;&#8221;][\/vc_column][\/vc_row][vc_row ct_full_width=&#8221;no&#8221; ct_padding=&#8221;u-no-space&#8221;][vc_column width=&#8221;7\/12&#8243;][vc_column_text css=&#8221;&#8221;]Oferujemy us\u0142ugi ci\u0119cia rur, profili, a tak\u017ce kszta\u0142townik\u00f3w otwartych w technologiach 3D. Najnowocze\u015bniejsze rozwi\u0105zania techniczne umo\u017cliwiaj\u0105 wycinanie skomplikowanych kszta\u0142t\u00f3w, jak r\u00f3wnie\u017c ci\u0119cie laserem pod ustalonym k\u0105tem. \n<p>Nasze\u00a0 lasery 3D umo\u017cliwiaj\u0105 obr\u00f3bk\u0119 materia\u0142u do 406 mm \u015brednicy (okr\u0119gu opisanego) i d\u0142ugo\u015bci do 12,5 m.[\/vc_column_text][vc_column_text]\n<table id=\"tablepress-30\" class=\"tablepress tablepress-id-30 table--3cols tbody-has-connected-cells\">\n<tbody class=\"row-striping\">\n<tr class=\"row-1\">\n\t<td colspan=\"2\" class=\"column-1\"><b>Maksymalne parametry<\/b><\/td>\n<\/tr>\n<tr class=\"row-2\">\n\t<td class=\"column-1\">\u015brednica<\/td><td class=\"column-2\">do 406,4 mm<br \/>\n<\/td>\n<\/tr>\n<tr class=\"row-3\">\n\t<td class=\"column-1\">odpowiada:<\/td><td class=\"column-2\"><\/td>\n<\/tr>\n<tr class=\"row-4\">\n\t<td class=\"column-1\">Profile kwadratowe:<\/td><td class=\"column-2\">do 300 mm x 300 mm<\/td>\n<\/tr>\n<tr class=\"row-5\">\n\t<td class=\"column-1\">Profile prostok\u0105tne:<\/td><td class=\"column-2\">do 350 mm x 200 mm<\/td>\n<\/tr>\n<tr class=\"row-6\">\n\t<td class=\"column-1\">Grubo\u015b\u0107 \u015bcianki (stal):<\/td><td class=\"column-2\">do 20 mm<\/td>\n<\/tr>\n<tr class=\"row-7\">\n\t<td class=\"column-1\">Maksymalna d\u0142ugo\u015b\u0107 produktu:<\/td><td class=\"column-2\">do 12 500 mm<\/td>\n<\/tr>\n<tr class=\"row-8\">\n\t<td class=\"column-1\">\u0141adowno\u015b\u0107:<\/td><td class=\"column-2\">do 140 kg\/m<\/td>\n<\/tr>\n<tr class=\"row-9\">\n\t<td class=\"column-1\">Format dokument\u00f3w:<\/td><td class=\"column-2\">Model <b>3D<\/b>: STEP\/IGS\/IPT\/SLDRT + <b>2D<\/b>: PDF\/DWG\/DXF\/JPG\/PNG<\/td>\n<\/tr>\n<\/tbody>\n<\/table>\n<!-- #tablepress-30 from cache -->[\/vc_column_text][\/vc_column][vc_column width=&#8221;5\/12&#8243;][vc_single_image image=&#8221;10626&#8243; img_size=&#8221;medium&#8221;][vc_single_image image=&#8221;10625&#8243; img_size=&#8221;medium&#8221;][\/vc_column][\/vc_row][vc_row][vc_column][vc_btn title=&#8221;KONTAKT DO DORADC\u00d3W TECHNICZNYCH (DZIA\u0141 WYROB\u00d3W HUTNICZYCH)&#8221; style=&#8221;outline-custom&#8221; outline_custom_color=&#8221;#dd0404&#8243; outline_custom_hover_background=&#8221;#dddddd&#8221; outline_custom_hover_text=&#8221;#dd3333&#8243; size=&#8221;lg&#8221; align=&#8221;center&#8221; button_block=&#8221;true&#8221; link=&#8221;url:https%3A%2F%2Fwww.koenigstahl.pl%2Fpl%2Fkontakt%2F||target:%20_blank|&#8221;][vc_btn title=&#8221;BROSZURA OBR\u00d3BKA LASEROWA&#8221; style=&#8221;outline-custom&#8221; outline_custom_color=&#8221;#f40c00&#8243; outline_custom_hover_background=&#8221;#e8e8e8&#8243; outline_custom_hover_text=&#8221;#dd3333&#8243; size=&#8221;lg&#8221; align=&#8221;center&#8221; button_block=&#8221;true&#8221; link=&#8221;url:https%3A%2F%2Fwww.koenigstahl.pl%2Fpl%2Fwp-content%2Fuploads%2Fsites%2F5%2F2022%2F06%2FKOENIGSTAHL-Ulotka-A4-Laser-2022.pdf|||&#8221;][vc_column_text css=&#8221;&#8221;]\n<h2><strong>Zalety ci\u0119cia laserowego:<\/strong><\/h2>\n<ul>\n<li>Mo\u017cliwo\u015b\u0107 zast\u0105pienia wielu operacji technologicznych jedn\u0105..<\/li>\n<li>Wysoka dok\u0142adno\u015b\u0107 pomiarowa oraz bardzo dobra jako\u015b\u0107 ci\u0119tych laserem kraw\u0119dzi.<\/li>\n<li>Minimalne odkszta\u0142cenia termiczne ci\u0119tych element\u00f3w (bardzo w\u0105ska strefa wp\u0142ywu ciep\u0142a).<\/li>\n<li>Lepsza jako\u015b\u0107 spawania dzi\u0119ki zoptymalizowanym fazom dla po\u0142\u0105cze\u0144 spawanych.<\/li>\n<li>Mo\u017cliwo\u015b\u0107 wykonania dowolnych oznacze\u0144 (grawer laserowy).<\/li>\n<li>Wysokie pr\u0119dko\u015bci ci\u0119cia laserowego.<\/li>\n<li>Redukcja koszt\u00f3w materia\u0142owych oraz operacji logistycznych<\/li>\n<\/ul>\n<h2>Korzy\u015bci dla Klienta:<\/h2>\n<ul>\n<li>Mo\u017cliwo\u015b\u0107 tworzenia nowatorskich produkt\u00f3w<\/li>\n<li>Redukcja koszt\u00f3w inwestycyjnych oraz skoncentrowanie zasob\u00f3w na strategicznych obszarach<\/li>\n<li>Minimalne koszty obs\u0142ugi<\/li>\n<\/ul>\n<p>Dzi\u0119ki posiadanej wiedzy w zakresie obr\u00f3bki laserowej, wycinania laserowego i innych us\u0142ug z wykorzystaniem ci\u0119cia laserowego, nasi specjali\u015bci odpowiedz\u0105 na wszystkie Pa\u0144stwa pytania techniczne oraz s\u0142u\u017c\u0105 wsparciem przy tworzeniu dokumentacji projektowej. Kompetentni pracownicy dzia\u0142u sprzeda\u017cy wsp\u00f3lnie z Pa\u0144stwem ustal\u0105 mo\u017cliwo\u015bci wykorzystania potencja\u0142u lasera 3D. W jednym miejscu, w firmie K\u00d6NIGSTAHL, mo\u017cecie Pa\u0144stwo otrzyma\u0107 gotowe elementy spe\u0142niaj\u0105ce Pa\u0144stwa wymagania.[\/vc_column_text][\/vc_column][\/vc_row][vc_row][vc_column width=&#8221;1\/3&#8243;][vc_video link=&#8221;https:\/\/www.youtube.com\/watch?v=9ELpNmuW52s&#8221; css=&#8221;&#8221;][\/vc_column][vc_column width=&#8221;1\/3&#8243;][vc_video link=&#8221;https:\/\/www.youtube.com\/watch?v=57zEbQW2s5Q&amp;list=PL1m1gQTtNM4KsR0SfkgvM7yHa507kVO-7&amp;index=2&amp;t=0s&#8221; css=&#8221;&#8221;][\/vc_column][vc_column width=&#8221;1\/3&#8243;][vc_video link=&#8221;https:\/\/www.youtube.com\/watch?v=vASamiDND_g&#8221; css=&#8221;&#8221;][\/vc_column][\/vc_row][vc_row][vc_column][vc_column_text]Bezpo\u015brednio z Pa\u0144stwa systemu CAD\/CAM mo\u017cliwy jest import modelido naszego lasera 3D w standardowych formatach (Inventor\u00ae, ProEngineer\u00ae, SAT\/ACIS\u00ae, SolidEdge\u00ae, Soldworks\u00ae, Parasolid\u00ae, Unigraphics\u00ae).[\/vc_column_text][\/vc_column][\/vc_row][vc_row ct_full_width=&#8221;no&#8221; el_class=&#8221;ct-image-gallery&#8221;][vc_column][vc_images_carousel images=&#8221;10867,10864,10863,10862,10860,12211,10866,10865,10861,13217,13219&#8243; img_size=&#8221;full&#8221; slides_per_view=&#8221;4&#8243; autoplay=&#8221;yes&#8221; hide_pagination_control=&#8221;yes&#8221; wrap=&#8221;yes&#8221;][\/vc_column][\/vc_row][vc_row ct_full_width=&#8221;true&#8221;][vc_column][vc_row_inner css=&#8221;.vc_custom_1750850064142{margin-top: 40px !important;padding-top: 50px !important;padding-bottom: 60px !important;background-color: #f2f2f2 !important;}&#8221; el_class=&#8221;rel&#8221;][vc_column_inner width=&#8221;2\/12&#8243;][\/vc_column_inner][vc_column_inner width=&#8221;5\/12&#8243;][vc_column_text css=&#8221;.vc_custom_1750945718141{border-radius: 1px !important;}&#8221;]\n<h2>CI\u0118CIE PI\u0141AMI TA\u015aMOWYMI<\/h2>\n<p>Dzi\u0119ki naszej us\u0142udze ci\u0119cia pomagamy zapobiec powstawaniu generuj\u0105cych koszty resztek i z\u0142omu. Korzystaj\u0105c z najnowocze\u015bniejszych wydajnych pi\u0142 ta\u015bmowych, mo\u017cemy na \u017cyczenie wykona\u0107 ci\u0119cia na wymiar \u015bcis\u0142y, ci\u0119cia k\u0105towe (o pojedynczym i podw\u00f3jnym skosie), a tak\u017ce wesprze\u0107 Pa\u0144stwa w ci\u0119ciach seryjnych. \n<p><strong>Korzy\u015bci dla Pa\u0144stwa:<\/strong> \n<ul>\n<li>U\u0142atwienie operowaniem materia\u0142ami d\u0142ugimi.<\/li>\n<li>Optymalizacja wykorzystania materia\u0142\u00f3w.<\/li>\n<li>Przeniesienie ryzyka zwi\u0105zanego z b\u0142\u0119dem ci\u0119cia materia\u0142u na nas.<\/li>\n<\/ul>\n<p>Przyspieszenie uko\u0144czenia projektu dzi\u0119ki dostawie materia\u0142\u00f3w we w\u0142a\u015bciwych d\u0142ugo\u015bciach w systemie JUST IN TIME[\/vc_column_text][vc_btn title=&#8221;Broszura: ci\u0119cie&#8221; style=&#8221;outline-custom&#8221; outline_custom_color=&#8221;#21314d&#8221; outline_custom_hover_background=&#8221;#21314d&#8221; outline_custom_hover_text=&#8221;#ffffff&#8221; i_align=&#8221;right&#8221; i_icon_fontawesome=&#8221;&#8221; css=&#8221;&#8221; add_icon=&#8221;true&#8221; link=&#8221;url:https%3A%2F%2Fwww.koenigstahl.pl%2Fpl%2Fwp-content%2Fuploads%2Fsites%2F5%2F2025%2F03%2FCiecie-proste-i-pod-katem-1.pdf&#8221;][\/vc_column_inner][vc_column_inner width=&#8221;5\/12&#8243; css=&#8221;.vc_custom_1513248071493{padding-right: 20px !important;}&#8221;][vc_video link=&#8221;https:\/\/www.youtube.com\/watch?v=GPXGBHQEM1s&#8221; el_width=&#8221;80&#8243;][\/vc_column_inner][\/vc_row_inner][\/vc_column][\/vc_row]\n","protected":false},"excerpt":{"rendered":"<p>[vc_row][vc_column][vc_btn title=&#8221;Prospekt Wizerunkowy &#8211; Centrum Serwisowe&#8221; color=&#8221;blue&#8221; align=&#8221;center&#8221; i_icon_fontawesome=&#8221;fa fa-solid fa-fingerprint&#8221; css=&#8221;&#8221; button_block=&#8221;true&#8221; add_icon=&#8221;true&#8221; link=&#8221;url:https%3A%2F%2Fwww.koenigstahl.pl%2Fpl%2Fwp-content%2Fuploads%2Fsites%2F5%2F2025%2F07%2FProspekt-wizerunkowy_Centrum-Serwisowe.pdf&#8221;][\/vc_column][vc_column][vc_custom_heading text=&#8221;Laserowe ci\u0119cie rur i profili 3D&#8221; font_container=&#8221;tag:h3|text_align:center&#8221; google_fonts=&#8221;font_family:Arimo%3Aregular%2Citalic%2C700%2C700italic|font_style:700%20bold%20regular%3A700%3Anormal&#8221; css=&#8221;&#8221;][\/vc_column][\/vc_row][vc_row ct_full_width=&#8221;no&#8221; ct_padding=&#8221;u-no-space&#8221;][vc_column width=&#8221;7\/12&#8243;][vc_column_text css=&#8221;&#8221;]Oferujemy us\u0142ugi ci\u0119cia rur, profili, a tak\u017ce kszta\u0142townik\u00f3w otwartych w technologiach 3D. Najnowocze\u015bniejsze rozwi\u0105zania techniczne umo\u017cliwiaj\u0105 wycinanie skomplikowanych kszta\u0142t\u00f3w, jak r\u00f3wnie\u017c ci\u0119cie laserem pod ustalonym k\u0105tem. Nasze\u00a0 lasery [&hellip;]<\/p>\n","protected":false},"author":5746,"featured_media":0,"parent":0,"menu_order":0,"comment_status":"closed","ping_status":"closed","template":"","meta":{"_acf_changed":false,"footnotes":""},"class_list":["post-15031","page","type-page","status-publish","hentry"],"acf":[],"yoast_head":"<!-- This site is optimized with the Yoast SEO plugin v27.0 - https:\/\/yoast.com\/product\/yoast-seo-wordpress\/ -->\n<title>Centrum Serwisowe - Konigstahl PL<\/title>\n<meta name=\"robots\" content=\"index, follow, max-snippet:-1, max-image-preview:large, max-video-preview:-1\" \/>\n<link rel=\"canonical\" href=\"https:\/\/www.koenigstahl.pl\/pl\/centrum-serwisowe\/\" \/>\n<meta property=\"og:locale\" content=\"pl_PL\" \/>\n<meta property=\"og:type\" content=\"article\" \/>\n<meta property=\"og:title\" content=\"Centrum Serwisowe - Konigstahl PL\" \/>\n<meta property=\"og:description\" content=\"[vc_row][vc_column][vc_btn title=&#8221;Prospekt Wizerunkowy &#8211; Centrum Serwisowe&#8221; color=&#8221;blue&#8221; align=&#8221;center&#8221; i_icon_fontawesome=&#8221;fa fa-solid fa-fingerprint&#8221; css=&#8221;&#8221; button_block=&#8221;true&#8221; add_icon=&#8221;true&#8221; link=&#8221;url:https%3A%2F%2Fwww.koenigstahl.pl%2Fpl%2Fwp-content%2Fuploads%2Fsites%2F5%2F2025%2F07%2FProspekt-wizerunkowy_Centrum-Serwisowe.pdf&#8221;][\/vc_column][vc_column][vc_custom_heading text=&#8221;Laserowe ci\u0119cie rur i profili 3D&#8221; font_container=&#8221;tag:h3|text_align:center&#8221; google_fonts=&#8221;font_family:Arimo%3Aregular%2Citalic%2C700%2C700italic|font_style:700%20bold%20regular%3A700%3Anormal&#8221; css=&#8221;&#8221;][\/vc_column][\/vc_row][vc_row ct_full_width=&#8221;no&#8221; ct_padding=&#8221;u-no-space&#8221;][vc_column width=&#8221;7\/12&#8243;][vc_column_text css=&#8221;&#8221;]Oferujemy us\u0142ugi ci\u0119cia rur, profili, a tak\u017ce kszta\u0142townik\u00f3w otwartych w technologiach 3D. Najnowocze\u015bniejsze rozwi\u0105zania techniczne umo\u017cliwiaj\u0105 wycinanie skomplikowanych kszta\u0142t\u00f3w, jak r\u00f3wnie\u017c ci\u0119cie laserem pod ustalonym k\u0105tem. Nasze\u00a0 lasery [&hellip;]\" \/>\n<meta property=\"og:url\" content=\"https:\/\/www.koenigstahl.pl\/pl\/centrum-serwisowe\/\" \/>\n<meta property=\"og:site_name\" content=\"Konigstahl PL\" \/>\n<meta property=\"article:publisher\" content=\"https:\/\/www.facebook.com\/KonigStahl\" \/>\n<meta property=\"article:modified_time\" content=\"2025-07-10T07:26:27+00:00\" \/>\n<meta name=\"twitter:card\" content=\"summary_large_image\" \/>\n<meta name=\"twitter:label1\" content=\"Szacowany czas czytania\" \/>\n\t<meta name=\"twitter:data1\" content=\"5 minut\" \/>\n<script type=\"application\/ld+json\" class=\"yoast-schema-graph\">{\"@context\":\"https:\/\/schema.org\",\"@graph\":[{\"@type\":\"WebPage\",\"@id\":\"https:\/\/www.koenigstahl.pl\/pl\/centrum-serwisowe\/\",\"url\":\"https:\/\/www.koenigstahl.pl\/pl\/centrum-serwisowe\/\",\"name\":\"Centrum Serwisowe - Konigstahl PL\",\"isPartOf\":{\"@id\":\"https:\/\/www.koenigstahl.pl\/pl\/#website\"},\"datePublished\":\"2025-06-18T08:36:15+00:00\",\"dateModified\":\"2025-07-10T07:26:27+00:00\",\"breadcrumb\":{\"@id\":\"https:\/\/www.koenigstahl.pl\/pl\/centrum-serwisowe\/#breadcrumb\"},\"inLanguage\":\"pl-PL\",\"potentialAction\":[{\"@type\":\"ReadAction\",\"target\":[\"https:\/\/www.koenigstahl.pl\/pl\/centrum-serwisowe\/\"]}]},{\"@type\":\"BreadcrumbList\",\"@id\":\"https:\/\/www.koenigstahl.pl\/pl\/centrum-serwisowe\/#breadcrumb\",\"itemListElement\":[{\"@type\":\"ListItem\",\"position\":1,\"name\":\"Home\",\"item\":\"https:\/\/www.koenigstahl.pl\/pl\/\"},{\"@type\":\"ListItem\",\"position\":2,\"name\":\"Centrum Serwisowe\"}]},{\"@type\":\"WebSite\",\"@id\":\"https:\/\/www.koenigstahl.pl\/pl\/#website\",\"url\":\"https:\/\/www.koenigstahl.pl\/pl\/\",\"name\":\"Konigstahl\",\"description\":\"Oferta firmy KONIGSTAHL obejmue profile stalowe, rury stalowe, pr\u0119ty ci\u0105gnione i walcowa, rury stalowe precyzyjne\",\"publisher\":{\"@id\":\"https:\/\/www.koenigstahl.pl\/pl\/#organization\"},\"potentialAction\":[{\"@type\":\"SearchAction\",\"target\":{\"@type\":\"EntryPoint\",\"urlTemplate\":\"https:\/\/www.koenigstahl.pl\/pl\/?s={search_term_string}\"},\"query-input\":{\"@type\":\"PropertyValueSpecification\",\"valueRequired\":true,\"valueName\":\"search_term_string\"}}],\"inLanguage\":\"pl-PL\"},{\"@type\":\"Organization\",\"@id\":\"https:\/\/www.koenigstahl.pl\/pl\/#organization\",\"name\":\"Konigstahl\",\"url\":\"https:\/\/www.koenigstahl.pl\/pl\/\",\"logo\":{\"@type\":\"ImageObject\",\"inLanguage\":\"pl-PL\",\"@id\":\"https:\/\/www.koenigstahl.pl\/pl\/#\/schema\/logo\/image\/\",\"url\":\"https:\/\/www.koenigstahl.pl\/pl\/wp-content\/uploads\/sites\/5\/2025\/02\/LOGO_KS_2025.png\",\"contentUrl\":\"https:\/\/www.koenigstahl.pl\/pl\/wp-content\/uploads\/sites\/5\/2025\/02\/LOGO_KS_2025.png\",\"width\":1639,\"height\":202,\"caption\":\"Konigstahl\"},\"image\":{\"@id\":\"https:\/\/www.koenigstahl.pl\/pl\/#\/schema\/logo\/image\/\"},\"sameAs\":[\"https:\/\/www.facebook.com\/KonigStahl\",\"https:\/\/www.instagram.com\/konig_stahl\/\",\"https:\/\/www.linkedin.com\/company\/knig-stahl-sp.-z-o.o.\/?viewAsMember=true\"]}]}<\/script>\n<!-- \/ Yoast SEO plugin. -->","yoast_head_json":{"title":"Centrum Serwisowe - Konigstahl PL","robots":{"index":"index","follow":"follow","max-snippet":"max-snippet:-1","max-image-preview":"max-image-preview:large","max-video-preview":"max-video-preview:-1"},"canonical":"https:\/\/www.koenigstahl.pl\/pl\/centrum-serwisowe\/","og_locale":"pl_PL","og_type":"article","og_title":"Centrum Serwisowe - Konigstahl PL","og_description":"[vc_row][vc_column][vc_btn title=&#8221;Prospekt Wizerunkowy &#8211; Centrum Serwisowe&#8221; color=&#8221;blue&#8221; align=&#8221;center&#8221; i_icon_fontawesome=&#8221;fa fa-solid fa-fingerprint&#8221; css=&#8221;&#8221; button_block=&#8221;true&#8221; add_icon=&#8221;true&#8221; link=&#8221;url:https%3A%2F%2Fwww.koenigstahl.pl%2Fpl%2Fwp-content%2Fuploads%2Fsites%2F5%2F2025%2F07%2FProspekt-wizerunkowy_Centrum-Serwisowe.pdf&#8221;][\/vc_column][vc_column][vc_custom_heading text=&#8221;Laserowe ci\u0119cie rur i profili 3D&#8221; font_container=&#8221;tag:h3|text_align:center&#8221; google_fonts=&#8221;font_family:Arimo%3Aregular%2Citalic%2C700%2C700italic|font_style:700%20bold%20regular%3A700%3Anormal&#8221; css=&#8221;&#8221;][\/vc_column][\/vc_row][vc_row ct_full_width=&#8221;no&#8221; ct_padding=&#8221;u-no-space&#8221;][vc_column width=&#8221;7\/12&#8243;][vc_column_text css=&#8221;&#8221;]Oferujemy us\u0142ugi ci\u0119cia rur, profili, a tak\u017ce kszta\u0142townik\u00f3w otwartych w technologiach 3D. Najnowocze\u015bniejsze rozwi\u0105zania techniczne umo\u017cliwiaj\u0105 wycinanie skomplikowanych kszta\u0142t\u00f3w, jak r\u00f3wnie\u017c ci\u0119cie laserem pod ustalonym k\u0105tem. Nasze\u00a0 lasery [&hellip;]","og_url":"https:\/\/www.koenigstahl.pl\/pl\/centrum-serwisowe\/","og_site_name":"Konigstahl PL","article_publisher":"https:\/\/www.facebook.com\/KonigStahl","article_modified_time":"2025-07-10T07:26:27+00:00","twitter_card":"summary_large_image","twitter_misc":{"Szacowany czas czytania":"5 minut"},"schema":{"@context":"https:\/\/schema.org","@graph":[{"@type":"WebPage","@id":"https:\/\/www.koenigstahl.pl\/pl\/centrum-serwisowe\/","url":"https:\/\/www.koenigstahl.pl\/pl\/centrum-serwisowe\/","name":"Centrum Serwisowe - Konigstahl PL","isPartOf":{"@id":"https:\/\/www.koenigstahl.pl\/pl\/#website"},"datePublished":"2025-06-18T08:36:15+00:00","dateModified":"2025-07-10T07:26:27+00:00","breadcrumb":{"@id":"https:\/\/www.koenigstahl.pl\/pl\/centrum-serwisowe\/#breadcrumb"},"inLanguage":"pl-PL","potentialAction":[{"@type":"ReadAction","target":["https:\/\/www.koenigstahl.pl\/pl\/centrum-serwisowe\/"]}]},{"@type":"BreadcrumbList","@id":"https:\/\/www.koenigstahl.pl\/pl\/centrum-serwisowe\/#breadcrumb","itemListElement":[{"@type":"ListItem","position":1,"name":"Home","item":"https:\/\/www.koenigstahl.pl\/pl\/"},{"@type":"ListItem","position":2,"name":"Centrum Serwisowe"}]},{"@type":"WebSite","@id":"https:\/\/www.koenigstahl.pl\/pl\/#website","url":"https:\/\/www.koenigstahl.pl\/pl\/","name":"Konigstahl","description":"Oferta firmy KONIGSTAHL obejmue profile stalowe, rury stalowe, pr\u0119ty ci\u0105gnione i walcowa, rury stalowe precyzyjne","publisher":{"@id":"https:\/\/www.koenigstahl.pl\/pl\/#organization"},"potentialAction":[{"@type":"SearchAction","target":{"@type":"EntryPoint","urlTemplate":"https:\/\/www.koenigstahl.pl\/pl\/?s={search_term_string}"},"query-input":{"@type":"PropertyValueSpecification","valueRequired":true,"valueName":"search_term_string"}}],"inLanguage":"pl-PL"},{"@type":"Organization","@id":"https:\/\/www.koenigstahl.pl\/pl\/#organization","name":"Konigstahl","url":"https:\/\/www.koenigstahl.pl\/pl\/","logo":{"@type":"ImageObject","inLanguage":"pl-PL","@id":"https:\/\/www.koenigstahl.pl\/pl\/#\/schema\/logo\/image\/","url":"https:\/\/www.koenigstahl.pl\/pl\/wp-content\/uploads\/sites\/5\/2025\/02\/LOGO_KS_2025.png","contentUrl":"https:\/\/www.koenigstahl.pl\/pl\/wp-content\/uploads\/sites\/5\/2025\/02\/LOGO_KS_2025.png","width":1639,"height":202,"caption":"Konigstahl"},"image":{"@id":"https:\/\/www.koenigstahl.pl\/pl\/#\/schema\/logo\/image\/"},"sameAs":["https:\/\/www.facebook.com\/KonigStahl","https:\/\/www.instagram.com\/konig_stahl\/","https:\/\/www.linkedin.com\/company\/knig-stahl-sp.-z-o.o.\/?viewAsMember=true"]}]}},"_links":{"self":[{"href":"https:\/\/www.koenigstahl.pl\/pl\/wp-json\/wp\/v2\/pages\/15031","targetHints":{"allow":["GET"]}}],"collection":[{"href":"https:\/\/www.koenigstahl.pl\/pl\/wp-json\/wp\/v2\/pages"}],"about":[{"href":"https:\/\/www.koenigstahl.pl\/pl\/wp-json\/wp\/v2\/types\/page"}],"author":[{"embeddable":true,"href":"https:\/\/www.koenigstahl.pl\/pl\/wp-json\/wp\/v2\/users\/5746"}],"replies":[{"embeddable":true,"href":"https:\/\/www.koenigstahl.pl\/pl\/wp-json\/wp\/v2\/comments?post=15031"}],"version-history":[{"count":10,"href":"https:\/\/www.koenigstahl.pl\/pl\/wp-json\/wp\/v2\/pages\/15031\/revisions"}],"predecessor-version":[{"id":15114,"href":"https:\/\/www.koenigstahl.pl\/pl\/wp-json\/wp\/v2\/pages\/15031\/revisions\/15114"}],"wp:attachment":[{"href":"https:\/\/www.koenigstahl.pl\/pl\/wp-json\/wp\/v2\/media?parent=15031"}],"curies":[{"name":"wp","href":"https:\/\/api.w.org\/{rel}","templated":true}]}}