{"id":33,"date":"2017-10-25T13:32:11","date_gmt":"2017-10-25T11:32:11","guid":{"rendered":"https:\/\/www.koenigstahl.pl\/pl\/?page_id=33"},"modified":"2026-04-16T07:56:01","modified_gmt":"2026-04-16T05:56:01","slug":"zarzad","status":"publish","type":"page","link":"https:\/\/www.koenigstahl.pl\/pl\/firma\/zarzad\/","title":{"rendered":"Zarz\u0105d"},"content":{"rendered":"[vc_row ct_full_width=&#8221;no&#8221; ct_padding=&#8221;u-no-space&#8221;][vc_column width=&#8221;1\/12&#8243;][\/vc_column][vc_column width=&#8221;10\/12&#8243;][vc_column_text css=&#8221;&#8221;]\n<p style=\"text-align: center; font-size: 24px; line-height: 32px; font-weight: bold; color: #021741;\"><span lang=\"pl\">&#8222;Wsp\u00f3lna przysz\u0142o\u015b\u0107 opiera si\u0119 na wzajemnym<br \/>\nzrozumieniu potrzeb ka\u017cdego partnera, wsp\u00f3\u0142pracy w celu osi\u0105gni\u0119cia<br \/>\nnajlepszych rozwi\u0105za\u0144 i spe\u0142nieniu zobowi\u0105za\u0144.&#8221;<\/span> \n<p style=\"text-align: center; font-size: 12px; color: #747882; letter-spacing: 0.1em;\">Zarz\u0105d K\u00d6NIGSTAHL \n[\/vc_column_text][\/vc_column][vc_column width=&#8221;1\/12&#8243;][\/vc_column][\/vc_row][vc_row ct_full_width=&#8221;no&#8221; ct_padding=&#8221;u-no-space&#8221;][vc_column width=&#8221;1\/3&#8243; offset=&#8221;vc_col-lg-3 vc_col-md-3&#8243;][vc_hoverbox image=&#8221;3566&#8243; primary_title=&#8221;&#8221; hover_title=&#8221;S\u0142awomir Brzozowski&#8221; shape=&#8221;square&#8221; css=&#8221;.vc_custom_1520193749925{margin-top: 30px !important;}&#8221;]Prezes Zarz\u0105du<br \/>\nDyrektor Generalny<br \/>\n<a href=\"mailto:s.brzozowski@koenigstahl.pl\">s.brzozowski@koenigstahl.pl<\/a>[\/vc_hoverbox][\/vc_column][vc_column width=&#8221;1\/3&#8243; offset=&#8221;vc_col-lg-3 vc_col-md-3&#8243;][vc_hoverbox image=&#8221;9576&#8243; primary_title=&#8221;&#8221; hover_title=&#8221;Stefan Gr\u00fcll&#8221; shape=&#8221;square&#8221; css=&#8221;.vc_custom_1558537656970{margin-top: 30px !important;}&#8221;]Cz\u0142onek Zarz\u0105du<br \/>\nDyrektor Zarz\u0105dzaj\u0105cy<br \/>\n<a href=\"mailto:s.gruell@koenigstahl.pl\">s.gruell@koenigstahl.pl<\/a> \n[\/vc_hoverbox][\/vc_column][vc_column width=&#8221;1\/3&#8243; offset=&#8221;vc_col-lg-3 vc_col-md-3&#8243;][vc_hoverbox image=&#8221;3564&#8243; primary_title=&#8221;&#8221; hover_title=&#8221;Andrzej Radecki&#8221; shape=&#8221;square&#8221; css=&#8221;.vc_custom_1664793618351{margin-top: 30px !important;}&#8221;]Przewodnicz\u0105cy Rady Konsultacyjnej \n[\/vc_hoverbox][\/vc_column][\/vc_row][vc_row ct_full_width=&#8221;no&#8221; ct_padding=&#8221;u-no-space&#8221; css=&#8221;.vc_custom_1509980503866{margin-bottom: 40px !important;}&#8221;][vc_column width=&#8221;1\/2&#8243; offset=&#8221;vc_col-lg-3 vc_col-md-3&#8243;][vc_hoverbox image=&#8221;3562&#8243; primary_title=&#8221;&#8221; hover_title=&#8221;Pawe\u0142 Dylewski&#8221; shape=&#8221;square&#8221; css=&#8221;.vc_custom_1521739022336{margin-top: 30px !important;}&#8221;]Dyrektor ds. Sprzeda\u017cy<br \/>\nProkurent<br \/>\n<a href=\"mailto:p.dylewski@koenigstahl.pl\">p.dylewski@koenigstahl.pl<\/a>[\/vc_hoverbox][\/vc_column][vc_column width=&#8221;1\/2&#8243; offset=&#8221;vc_col-lg-3 vc_col-md-3&#8243;][vc_hoverbox image=&#8221;3560&#8243; primary_title=&#8221;&#8221; hover_title=&#8221;Rados\u0142aw G\u0142owacki&#8221; shape=&#8221;square&#8221; css=&#8221;.vc_custom_1609759603615{margin-top: 30px !important;}&#8221;]Dyrektor Operacyjny<br \/>\nProkurent<br \/>\n<a href=\"mailto:r.glowacki@koenigstahl.pl\">r.glowacki@koenigstahl.pl<\/a>[\/vc_hoverbox][\/vc_column][vc_column width=&#8221;1\/2&#8243; offset=&#8221;vc_col-lg-3 vc_col-md-3&#8243;][vc_hoverbox image=&#8221;3559&#8243; primary_title=&#8221;&#8221; hover_title=&#8221;Wojciech Sowa&#8221; shape=&#8221;square&#8221; css=&#8221;.vc_custom_1520193853993{margin-top: 30px !important;}&#8221;]Dyrektor ds. Zakup\u00f3w<br \/>\nProkurent<br \/>\n<a href=\"mailto:w.sowa@koenigstahl.pl\">w.sowa@koenigstahl.pl<\/a>[\/vc_hoverbox][\/vc_column][vc_column width=&#8221;1\/2&#8243; offset=&#8221;vc_col-lg-3 vc_col-md-3&#8243;][\/vc_column][\/vc_row]\n","protected":false},"excerpt":{"rendered":"<p>[vc_row ct_full_width=&#8221;no&#8221; ct_padding=&#8221;u-no-space&#8221;][vc_column width=&#8221;1\/12&#8243;][\/vc_column][vc_column width=&#8221;10\/12&#8243;][vc_column_text css=&#8221;&#8221;] &#8222;Wsp\u00f3lna przysz\u0142o\u015b\u0107 opiera si\u0119 na wzajemnym zrozumieniu potrzeb ka\u017cdego partnera, wsp\u00f3\u0142pracy w celu osi\u0105gni\u0119cia najlepszych rozwi\u0105za\u0144 i spe\u0142nieniu zobowi\u0105za\u0144.&#8221; Zarz\u0105d K\u00d6NIGSTAHL [\/vc_column_text][\/vc_column][vc_column width=&#8221;1\/12&#8243;][\/vc_column][\/vc_row][vc_row ct_full_width=&#8221;no&#8221; ct_padding=&#8221;u-no-space&#8221;][vc_column width=&#8221;1\/3&#8243; offset=&#8221;vc_col-lg-3 vc_col-md-3&#8243;][vc_hoverbox image=&#8221;3566&#8243; primary_title=&#8221;&#8221; hover_title=&#8221;S\u0142awomir Brzozowski&#8221; shape=&#8221;square&#8221; css=&#8221;.vc_custom_1520193749925{margin-top: 30px !important;}&#8221;]Prezes Zarz\u0105du Dyrektor Generalny s.brzozowski@koenigstahl.pl[\/vc_hoverbox][\/vc_column][vc_column width=&#8221;1\/3&#8243; offset=&#8221;vc_col-lg-3 vc_col-md-3&#8243;][vc_hoverbox image=&#8221;9576&#8243; primary_title=&#8221;&#8221; hover_title=&#8221;Stefan Gr\u00fcll&#8221; shape=&#8221;square&#8221; css=&#8221;.vc_custom_1558537656970{margin-top: [&hellip;]<\/p>\n","protected":false},"author":763,"featured_media":0,"parent":10,"menu_order":32,"comment_status":"closed","ping_status":"closed","template":"","meta":{"_acf_changed":false,"footnotes":""},"class_list":["post-33","page","type-page","status-publish","hentry"],"acf":[],"yoast_head":"<!-- This site is optimized with the Yoast SEO plugin v27.0 - https:\/\/yoast.com\/product\/yoast-seo-wordpress\/ -->\n<title>Zarz\u0105d - Konigstahl PL<\/title>\n<meta name=\"description\" content=\"Wsp\u00f3lna przysz\u0142o\u015b\u0107 opiera si\u0119 na wzajemnym zrozumieniu potrzeb ka\u017cdego partnera, wsp\u00f3\u0142pracy w celu osi\u0105gni\u0119cia najlepszych rozwi\u0105za\u0144 i spe\u0142nieniu zobowi\u0105za\u0144.\" \/>\n<meta name=\"robots\" content=\"index, follow, max-snippet:-1, max-image-preview:large, max-video-preview:-1\" \/>\n<link rel=\"canonical\" href=\"https:\/\/www.koenigstahl.pl\/pl\/firma\/zarzad\/\" \/>\n<meta property=\"og:locale\" content=\"pl_PL\" \/>\n<meta property=\"og:type\" content=\"article\" \/>\n<meta property=\"og:title\" content=\"Zarz\u0105d - Konigstahl PL\" \/>\n<meta property=\"og:description\" content=\"Wsp\u00f3lna przysz\u0142o\u015b\u0107 opiera si\u0119 na wzajemnym zrozumieniu potrzeb ka\u017cdego partnera, wsp\u00f3\u0142pracy w celu osi\u0105gni\u0119cia najlepszych rozwi\u0105za\u0144 i spe\u0142nieniu zobowi\u0105za\u0144.\" \/>\n<meta property=\"og:url\" content=\"https:\/\/www.koenigstahl.pl\/pl\/firma\/zarzad\/\" \/>\n<meta property=\"og:site_name\" content=\"Konigstahl PL\" \/>\n<meta property=\"article:publisher\" content=\"https:\/\/www.facebook.com\/KonigStahl\" \/>\n<meta property=\"article:modified_time\" content=\"2026-04-16T05:56:01+00:00\" \/>\n<meta name=\"twitter:card\" content=\"summary_large_image\" \/>\n<meta name=\"twitter:label1\" content=\"Szacowany czas czytania\" \/>\n\t<meta name=\"twitter:data1\" content=\"2 minuty\" \/>\n<script type=\"application\/ld+json\" class=\"yoast-schema-graph\">{\"@context\":\"https:\/\/schema.org\",\"@graph\":[{\"@type\":\"WebPage\",\"@id\":\"https:\/\/www.koenigstahl.pl\/pl\/firma\/zarzad\/\",\"url\":\"https:\/\/www.koenigstahl.pl\/pl\/firma\/zarzad\/\",\"name\":\"Zarz\u0105d - Konigstahl PL\",\"isPartOf\":{\"@id\":\"https:\/\/www.koenigstahl.pl\/pl\/#website\"},\"datePublished\":\"2017-10-25T11:32:11+00:00\",\"dateModified\":\"2026-04-16T05:56:01+00:00\",\"description\":\"Wsp\u00f3lna przysz\u0142o\u015b\u0107 opiera si\u0119 na wzajemnym zrozumieniu potrzeb ka\u017cdego partnera, wsp\u00f3\u0142pracy w celu osi\u0105gni\u0119cia najlepszych rozwi\u0105za\u0144 i spe\u0142nieniu zobowi\u0105za\u0144.\",\"breadcrumb\":{\"@id\":\"https:\/\/www.koenigstahl.pl\/pl\/firma\/zarzad\/#breadcrumb\"},\"inLanguage\":\"pl-PL\",\"potentialAction\":[{\"@type\":\"ReadAction\",\"target\":[\"https:\/\/www.koenigstahl.pl\/pl\/firma\/zarzad\/\"]}]},{\"@type\":\"BreadcrumbList\",\"@id\":\"https:\/\/www.koenigstahl.pl\/pl\/firma\/zarzad\/#breadcrumb\",\"itemListElement\":[{\"@type\":\"ListItem\",\"position\":1,\"name\":\"Home\",\"item\":\"https:\/\/www.koenigstahl.pl\/pl\/\"},{\"@type\":\"ListItem\",\"position\":2,\"name\":\"Firma\",\"item\":\"https:\/\/www.koenigstahl.pl\/pl\/firma\/\"},{\"@type\":\"ListItem\",\"position\":3,\"name\":\"Zarz\u0105d\"}]},{\"@type\":\"WebSite\",\"@id\":\"https:\/\/www.koenigstahl.pl\/pl\/#website\",\"url\":\"https:\/\/www.koenigstahl.pl\/pl\/\",\"name\":\"Konigstahl\",\"description\":\"Oferta firmy KONIGSTAHL obejmue profile stalowe, rury stalowe, pr\u0119ty ci\u0105gnione i walcowa, rury stalowe precyzyjne\",\"publisher\":{\"@id\":\"https:\/\/www.koenigstahl.pl\/pl\/#organization\"},\"potentialAction\":[{\"@type\":\"SearchAction\",\"target\":{\"@type\":\"EntryPoint\",\"urlTemplate\":\"https:\/\/www.koenigstahl.pl\/pl\/?s={search_term_string}\"},\"query-input\":{\"@type\":\"PropertyValueSpecification\",\"valueRequired\":true,\"valueName\":\"search_term_string\"}}],\"inLanguage\":\"pl-PL\"},{\"@type\":\"Organization\",\"@id\":\"https:\/\/www.koenigstahl.pl\/pl\/#organization\",\"name\":\"Konigstahl\",\"url\":\"https:\/\/www.koenigstahl.pl\/pl\/\",\"logo\":{\"@type\":\"ImageObject\",\"inLanguage\":\"pl-PL\",\"@id\":\"https:\/\/www.koenigstahl.pl\/pl\/#\/schema\/logo\/image\/\",\"url\":\"https:\/\/www.koenigstahl.pl\/pl\/wp-content\/uploads\/sites\/5\/2025\/02\/LOGO_KS_2025.png\",\"contentUrl\":\"https:\/\/www.koenigstahl.pl\/pl\/wp-content\/uploads\/sites\/5\/2025\/02\/LOGO_KS_2025.png\",\"width\":1639,\"height\":202,\"caption\":\"Konigstahl\"},\"image\":{\"@id\":\"https:\/\/www.koenigstahl.pl\/pl\/#\/schema\/logo\/image\/\"},\"sameAs\":[\"https:\/\/www.facebook.com\/KonigStahl\",\"https:\/\/www.instagram.com\/konig_stahl\/\",\"https:\/\/www.linkedin.com\/company\/knig-stahl-sp.-z-o.o.\/?viewAsMember=true\"]}]}<\/script>\n<!-- \/ Yoast SEO plugin. -->","yoast_head_json":{"title":"Zarz\u0105d - Konigstahl PL","description":"Wsp\u00f3lna przysz\u0142o\u015b\u0107 opiera si\u0119 na wzajemnym zrozumieniu potrzeb ka\u017cdego partnera, wsp\u00f3\u0142pracy w celu osi\u0105gni\u0119cia najlepszych rozwi\u0105za\u0144 i spe\u0142nieniu zobowi\u0105za\u0144.","robots":{"index":"index","follow":"follow","max-snippet":"max-snippet:-1","max-image-preview":"max-image-preview:large","max-video-preview":"max-video-preview:-1"},"canonical":"https:\/\/www.koenigstahl.pl\/pl\/firma\/zarzad\/","og_locale":"pl_PL","og_type":"article","og_title":"Zarz\u0105d - Konigstahl PL","og_description":"Wsp\u00f3lna przysz\u0142o\u015b\u0107 opiera si\u0119 na wzajemnym zrozumieniu potrzeb ka\u017cdego partnera, wsp\u00f3\u0142pracy w celu osi\u0105gni\u0119cia najlepszych rozwi\u0105za\u0144 i spe\u0142nieniu zobowi\u0105za\u0144.","og_url":"https:\/\/www.koenigstahl.pl\/pl\/firma\/zarzad\/","og_site_name":"Konigstahl PL","article_publisher":"https:\/\/www.facebook.com\/KonigStahl","article_modified_time":"2026-04-16T05:56:01+00:00","twitter_card":"summary_large_image","twitter_misc":{"Szacowany czas czytania":"2 minuty"},"schema":{"@context":"https:\/\/schema.org","@graph":[{"@type":"WebPage","@id":"https:\/\/www.koenigstahl.pl\/pl\/firma\/zarzad\/","url":"https:\/\/www.koenigstahl.pl\/pl\/firma\/zarzad\/","name":"Zarz\u0105d - Konigstahl PL","isPartOf":{"@id":"https:\/\/www.koenigstahl.pl\/pl\/#website"},"datePublished":"2017-10-25T11:32:11+00:00","dateModified":"2026-04-16T05:56:01+00:00","description":"Wsp\u00f3lna przysz\u0142o\u015b\u0107 opiera si\u0119 na wzajemnym zrozumieniu potrzeb ka\u017cdego partnera, wsp\u00f3\u0142pracy w celu osi\u0105gni\u0119cia najlepszych rozwi\u0105za\u0144 i spe\u0142nieniu zobowi\u0105za\u0144.","breadcrumb":{"@id":"https:\/\/www.koenigstahl.pl\/pl\/firma\/zarzad\/#breadcrumb"},"inLanguage":"pl-PL","potentialAction":[{"@type":"ReadAction","target":["https:\/\/www.koenigstahl.pl\/pl\/firma\/zarzad\/"]}]},{"@type":"BreadcrumbList","@id":"https:\/\/www.koenigstahl.pl\/pl\/firma\/zarzad\/#breadcrumb","itemListElement":[{"@type":"ListItem","position":1,"name":"Home","item":"https:\/\/www.koenigstahl.pl\/pl\/"},{"@type":"ListItem","position":2,"name":"Firma","item":"https:\/\/www.koenigstahl.pl\/pl\/firma\/"},{"@type":"ListItem","position":3,"name":"Zarz\u0105d"}]},{"@type":"WebSite","@id":"https:\/\/www.koenigstahl.pl\/pl\/#website","url":"https:\/\/www.koenigstahl.pl\/pl\/","name":"Konigstahl","description":"Oferta firmy KONIGSTAHL obejmue profile stalowe, rury stalowe, pr\u0119ty ci\u0105gnione i walcowa, rury stalowe precyzyjne","publisher":{"@id":"https:\/\/www.koenigstahl.pl\/pl\/#organization"},"potentialAction":[{"@type":"SearchAction","target":{"@type":"EntryPoint","urlTemplate":"https:\/\/www.koenigstahl.pl\/pl\/?s={search_term_string}"},"query-input":{"@type":"PropertyValueSpecification","valueRequired":true,"valueName":"search_term_string"}}],"inLanguage":"pl-PL"},{"@type":"Organization","@id":"https:\/\/www.koenigstahl.pl\/pl\/#organization","name":"Konigstahl","url":"https:\/\/www.koenigstahl.pl\/pl\/","logo":{"@type":"ImageObject","inLanguage":"pl-PL","@id":"https:\/\/www.koenigstahl.pl\/pl\/#\/schema\/logo\/image\/","url":"https:\/\/www.koenigstahl.pl\/pl\/wp-content\/uploads\/sites\/5\/2025\/02\/LOGO_KS_2025.png","contentUrl":"https:\/\/www.koenigstahl.pl\/pl\/wp-content\/uploads\/sites\/5\/2025\/02\/LOGO_KS_2025.png","width":1639,"height":202,"caption":"Konigstahl"},"image":{"@id":"https:\/\/www.koenigstahl.pl\/pl\/#\/schema\/logo\/image\/"},"sameAs":["https:\/\/www.facebook.com\/KonigStahl","https:\/\/www.instagram.com\/konig_stahl\/","https:\/\/www.linkedin.com\/company\/knig-stahl-sp.-z-o.o.\/?viewAsMember=true"]}]}},"_links":{"self":[{"href":"https:\/\/www.koenigstahl.pl\/pl\/wp-json\/wp\/v2\/pages\/33","targetHints":{"allow":["GET"]}}],"collection":[{"href":"https:\/\/www.koenigstahl.pl\/pl\/wp-json\/wp\/v2\/pages"}],"about":[{"href":"https:\/\/www.koenigstahl.pl\/pl\/wp-json\/wp\/v2\/types\/page"}],"author":[{"embeddable":true,"href":"https:\/\/www.koenigstahl.pl\/pl\/wp-json\/wp\/v2\/users\/763"}],"replies":[{"embeddable":true,"href":"https:\/\/www.koenigstahl.pl\/pl\/wp-json\/wp\/v2\/comments?post=33"}],"version-history":[{"count":11,"href":"https:\/\/www.koenigstahl.pl\/pl\/wp-json\/wp\/v2\/pages\/33\/revisions"}],"predecessor-version":[{"id":15339,"href":"https:\/\/www.koenigstahl.pl\/pl\/wp-json\/wp\/v2\/pages\/33\/revisions\/15339"}],"up":[{"embeddable":true,"href":"https:\/\/www.koenigstahl.pl\/pl\/wp-json\/wp\/v2\/pages\/10"}],"wp:attachment":[{"href":"https:\/\/www.koenigstahl.pl\/pl\/wp-json\/wp\/v2\/media?parent=33"}],"curies":[{"name":"wp","href":"https:\/\/api.w.org\/{rel}","templated":true}]}}