{"id":37,"date":"2017-10-25T13:32:42","date_gmt":"2017-10-25T11:32:42","guid":{"rendered":"https:\/\/www.koenigstahl.pl\/pl\/?page_id=37"},"modified":"2026-04-09T12:02:21","modified_gmt":"2026-04-09T10:02:21","slug":"kariera2","status":"publish","type":"page","link":"https:\/\/www.koenigstahl.pl\/pl\/firma\/kariera2\/","title":{"rendered":"Kariera"},"content":{"rendered":"[vc_row][vc_column][vc_column_text]\n<h2 style=\"text-align: center;\">Oferujemy naszym pracownikom ukierunkowane szkolenia i mo\u017cliwo\u015bci dalszej edukacji, a tak\u017ce konieczn\u0105 przestrze\u0144 do rozwoju.<\/h2>\n<h3 style=\"text-align: center;\"><strong>W ten spos\u00f3b tworzymy w pracy atmosfer\u0119 \u0142\u0105cz\u0105c\u0105 w sobie tolerancj\u0119, zrozumienie i ducha pracy zespo\u0142owej.<\/strong><\/h3>\n[\/vc_column_text][vc_tta_tabs style=&#8221;flat&#8221; color=&#8221;white&#8221; alignment=&#8221;center&#8221; active_section=&#8221;1&#8243; el_class=&#8221;accordion_tab&#8221;][vc_tta_section title=&#8221;KONKRETNE PRZYK\u0141ADY&#8221; tab_id=&#8221;Przyklady-kariery&#8221;]    <h2 class=\"tabs__head\"><img decoding=\"async\" src=\"https:\/\/www.koenigstahl.pl\/pl\/wp-content\/uploads\/sites\/5\/2018\/01\/emiliakmita-1.png\" alt=\"image\" \/>\n        <span class=\"ct_accordion__title\"><span class=\"ct_accordion__name\">Emilia Kmita-Ko\u0142odziejczyk<\/span><br>\n<span class=\"ct_accordion__work\">Kierownik Dzia\u0142u Handlowego<\/span><\/span><\/h2>\n    <div class=\"tabs__body\">\n        \n<h4 class=\"ct-review-header\">Emilia Kmita-Ko\u0142odziejczyk<\/h4>\n<p>&nbsp; \n<p><strong>Stanowisko:\u00a0<\/strong>\u00a0Kierownik Dzia\u0142u Handlowego, Warszawa<br \/>\n<strong>Zakres odpowiedzialno\u015bci: <\/strong>Nawi\u0105zywanie i utrzymywanie d\u0142ugotrwa\u0142ych relacji z klientem, pozyskiwanie nowych klient\u00f3w, tworzenie i realizowanie strategii sprzeda\u017cowych, zarz\u0105dzanie zespo\u0142em. \n<p>&nbsp; \n<h4 class=\"ct-review-subheader\" style=\"font-weight: normal;\"><strong><span style=\"color: #21314d;\">Wywiad z pracownikiem<\/span><\/strong><\/h4>\n<p><strong><em>1. Jak wygl\u0105da\u0142 rozw\u00f3j Twojej kariery zawodowej w K\u00d6NIG STAHL? Jakie mo\u017cliwo\u015bci zaoferowa\u0142a Ci firma?<\/em><\/strong> \n<p>E.K.Moja przygoda z K\u00f6nig Stahl trwa ju\u017c prawie 20 lat i praca nadal daje mi du\u017co satysfakcji. Dzi\u0119ki wsp\u00f3\u0142pracy ze \u015bwietnymi fachowcami, udzia\u0142owi w licznych projektach i szkoleniach zdoby\u0142am olbrzymie do\u015bwiadczenie w bran\u017cy. Obecnie zarz\u0105dzam Biurem Sprzeda\u017cy w Warszawie, a sukces jaki odnios\u0142am opiera si\u0119 na owocnej wsp\u00f3\u0142pracy z klientami. Sta\u0142y, dobry kontakt z klientem to moja kluczowa misja do spe\u0142nienia ka\u017cdego dnia. \n<p><em><strong>2. Co wyr\u00f3\u017cnia K\u00d6NIG STAHL jako dobrego pracodawc\u0119 na rynku pracy?<\/strong><\/em> \n<p>E.K.K\u00f6nig Stahl ca\u0142y czas si\u0119 rozwija, inwestuje w nowe us\u0142ugi, technologie. Inwestuje w ludzi, szczeg\u00f3lnie tych zaanga\u017cowanych. Mamy komfortowo wyposa\u017cone biuro i \u015bwietne warunki do pracy. Mamy bardzo dobry zesp\u00f3\u0142, kt\u00f3ry \u015bci\u015ble ze sob\u0105 wsp\u00f3\u0142pracuje, dzi\u0119ki czemu powierzane zadanie s\u0105\u00a0 skutecznie realizowane. Zaanga\u017cowanie, profesjonalno\u015b\u0107 i pasja pracownik\u00f3w maj\u0105 du\u017cy wp\u0142yw na wzmacnianie naszej pozycji na rynku.\u00a0 Ludzie s\u0105 \u017cyczliwi i pomocni co przek\u0142ada si\u0119 na \u015bwietn\u0105 atmosfer\u0119. Ciesz\u0119 si\u0119, \u017ce pracuj\u0119 w tak stabilnej i rozwojowej jednocze\u015bnie firmie, co daje poczucie bezpiecze\u0144stwa i zadowolenie. \n<p><em><strong>3. Jakie do\u015bwiadczenia\/ wydarzenia w pracy w K\u00d6NIG STAHL\u00a0 da\u0142y Ci szczeg\u00f3ln\u0105 satysfakcj\u0119?<\/strong><\/em> \n<p>E.K.Sprzeda\u017c to moja pasja, dlatego ka\u017cde zam\u00f3wienie nap\u0119dza mnie do dalszego dzia\u0142ania. Mam na swoim koncie wiele takich sukces\u00f3w, ale szczeg\u00f3lnie mi\u0142o wspominam du\u017ce zam\u00f3wienie na 150 ton stali, kt\u00f3re dogra\u0142am z klientem podczas jednej rozmowy telefonicznej. Osi\u0105gn\u0119\u0142am sw\u00f3j cel, a klient by\u0142 bardzo zadowolony z szybkiej i sprawnej obs\u0142ugi. Tak naprawd\u0119 cieszy ka\u017cdy dobrze zrealizowany projekt nawet ten najmniejszy.<\/div>\n\n        <h2 class=\"tabs__head\"><img decoding=\"async\" src=\"https:\/\/www.koenigstahl.pl\/pl\/wp-content\/uploads\/sites\/5\/2017\/10\/\u0141ukasz_Mrozek_small.jpg\" alt=\"image\" \/>\n        <span class=\"ct_accordion__title\"><span class=\"ct_accordion__name\">\u0141ukasz Mrozek<\/span><br>\n<span class=\"ct_accordion__work\">Kierownik Dzia\u0142u Logistyki<\/span><\/span><\/h2>\n    <div class=\"tabs__body\">\n        \n<h4 class=\"ct-review-header\"><span style=\"color: #21314d;\">\u0141ukasz Mrozek<\/span><\/h4>\n<p>&nbsp; \n<p><span class=\"ct-review-bold\">Stanowisko: <\/span><span class=\"ct-review\">Kierownik Dzia\u0142u Logistyki<\/span><br \/>\n<span class=\"ct-review-bold\">Zakres odpowiedzialno\u015bci:<\/span>\u00a0Zarz\u0105dzanie realizacj\u0105 dostaw z magazynu w Miko\u0142owie \n<p>&nbsp; \n<h4 class=\"ct-review-subheader\" style=\"font-weight: normal;\"><strong><span style=\"color: #21314d;\">Wywiad z pracownikiem<\/span><\/strong><\/h4>\n<p><em><strong>1. Jak wygl\u0105da\u0142 rozw\u00f3j Twojej kariery zawodowej w K\u00d6NIG STAHL? Jakie mo\u017cliwo\u015bci zaoferowa\u0142a Ci firma?<br \/>\n<\/strong><\/em><br \/>\n\u0141.M.Prac\u0119 w K\u00f6nigstahl zacz\u0105\u0142em na stanowisku magazyniera, awansuj\u0105c nast\u0119pnie na Lidera zespo\u0142u, a aktualnie odpowiadam za ca\u0142y Dzia\u0142 Logistyki w Oddziale Po\u0142udnie. \n<p>Zdobywanie kolejnych do\u015bwiadcze\u0144 zawodowych, kompetencji i umiej\u0119tno\u015bci by\u0142o mo\u017cliwe dzi\u0119ki wsparciu prze\u0142o\u017conych oraz specjalistycznym szkoleniom, kt\u00f3re pomagaj\u0105 mi rozwija\u0107 si\u0119 wraz z firm\u0105 K\u00f6nigstahl. \n<p><em><strong>2. Co wyr\u00f3\u017cnia K\u00d6NIG STAHL jako dobrego pracodawc\u0119 na rynku pracy?<\/strong><\/em> \n<p>\u0141.M. K\u00f6nigstahl to dobra atmosfera w pracy oraz partnerskie podej\u015bcie do wsp\u00f3\u0142pracownik\u00f3w. Nowoczesne wyposa\u017cenie magazynu \u2013 systemy sk\u0142adowania, suwnice oraz pi\u0142y ta\u015bmowe pozwalaj\u0105 na nabycie nowych umiej\u0119tno\u015bci i do\u015bwiadcze\u0144. \n<p>Praca w K\u00f6nigstahl to codzienne wyzwania pozbawione rutyny, kt\u00f3rych podj\u0119cie daje poczucie samorealizacji. \n<p><em><strong>3. Jakie do\u015bwiadczenia\/ wydarzenia w pracy w K\u00d6NIG STAHL\u00a0 da\u0142y Ci szczeg\u00f3ln\u0105 satysfakcj\u0119?<\/strong><\/em> \n<p>\u0142.M.Wa\u017cnym sprawdzianem dla mnie i moich wsp\u00f3\u0142pracownik\u00f3w by\u0142o wdro\u017cenie nowego systemu informatycznego, podczas kt\u00f3rego musieli\u015bmy zachowa\u0107 zdolno\u015b\u0107 do p\u0142ynnej realizacji zam\u00f3wie\u0144, szczeg\u00f3lnie w pierwszym okresie dzia\u0142ania. Utrzymali\u015bmy pe\u0142n\u0105 efektywno\u015b\u0107 pracy pomimo typowych dla takiego procesu niedogodno\u015bci. \n<p>Obserwacja zaanga\u017cowania ca\u0142ego zespo\u0142u logistyk\u00f3w i magazynier\u00f3w, kt\u00f3re wykracza\u0142o poza zwyk\u0142e zadania i bez kt\u00f3rego sukces projektu by\u0142by mocno zagro\u017cony, przynios\u0142o mi du\u017co satysfakcji.<\/div>\n\n    [\/vc_tta_section][\/vc_tta_tabs][vc_row_inner css=&#8221;.vc_custom_1523373903867{margin-bottom: 35px !important;}&#8221;][vc_column_inner width=&#8221;1\/2&#8243; css=&#8221;.vc_custom_1523373752949{margin-bottom: 15px !important;}&#8221;][vc_video link=&#8221;https:\/\/youtu.be\/lNzMMfR3aFk&#8221;][\/vc_column_inner][vc_column_inner width=&#8221;1\/2&#8243; css=&#8221;.vc_custom_1523373745167{margin-bottom: 15px !important;}&#8221;][vc_video link=&#8221;https:\/\/www.youtube.com\/watch?v=hbuO_6Zj0jE&#8221;][\/vc_column_inner][\/vc_row_inner][\/vc_column][\/vc_row]\n","protected":false},"excerpt":{"rendered":"<p>[vc_row][vc_column][vc_column_text] Oferujemy naszym pracownikom ukierunkowane szkolenia i mo\u017cliwo\u015bci dalszej edukacji, a tak\u017ce konieczn\u0105 przestrze\u0144 do rozwoju. W ten spos\u00f3b tworzymy w pracy atmosfer\u0119 \u0142\u0105cz\u0105c\u0105 w sobie tolerancj\u0119, zrozumienie i ducha pracy zespo\u0142owej. [\/vc_column_text][vc_tta_tabs style=&#8221;flat&#8221; color=&#8221;white&#8221; alignment=&#8221;center&#8221; active_section=&#8221;1&#8243; el_class=&#8221;accordion_tab&#8221;][vc_tta_section title=&#8221;KONKRETNE PRZYK\u0141ADY&#8221; tab_id=&#8221;Przyklady-kariery&#8221;][\/vc_tta_section][\/vc_tta_tabs][vc_row_inner css=&#8221;.vc_custom_1523373903867{margin-bottom: 35px !important;}&#8221;][vc_column_inner width=&#8221;1\/2&#8243; css=&#8221;.vc_custom_1523373752949{margin-bottom: 15px !important;}&#8221;][vc_video link=&#8221;https:\/\/youtu.be\/lNzMMfR3aFk&#8221;][\/vc_column_inner][vc_column_inner width=&#8221;1\/2&#8243; css=&#8221;.vc_custom_1523373745167{margin-bottom: 15px !important;}&#8221;][vc_video link=&#8221;https:\/\/www.youtube.com\/watch?v=hbuO_6Zj0jE&#8221;][\/vc_column_inner][\/vc_row_inner][\/vc_column][\/vc_row]<\/p>\n","protected":false},"author":763,"featured_media":7300,"parent":10,"menu_order":30,"comment_status":"closed","ping_status":"closed","template":"","meta":{"_acf_changed":false,"footnotes":""},"class_list":["post-37","page","type-page","status-publish","has-post-thumbnail","hentry"],"acf":[],"yoast_head":"<!-- This site is optimized with the Yoast SEO plugin v27.0 - https:\/\/yoast.com\/product\/yoast-seo-wordpress\/ -->\n<title>Kariera - u nas liczy si\u0119 cz\u0142owiek - Konigstahl PL<\/title>\n<meta name=\"description\" content=\"Oferujemy naszym pracownikom ukierunkowane szkolenia i mo\u017cliwo\u015bci dalszej edukacji, a tak\u017ce konieczn\u0105 przestrze\u0144 do rozwoju. W ten spos\u00f3b tworzymy w pracy atmosfer\u0119 \u0142\u0105cz\u0105c\u0105 w sobie tolerancj\u0119, zrozumienie i ducha pracy zespo\u0142owej.\" \/>\n<meta name=\"robots\" content=\"index, follow, max-snippet:-1, max-image-preview:large, max-video-preview:-1\" \/>\n<link rel=\"canonical\" href=\"https:\/\/www.koenigstahl.pl\/pl\/firma\/kariera2\/\" \/>\n<meta property=\"og:locale\" content=\"pl_PL\" \/>\n<meta property=\"og:type\" content=\"article\" \/>\n<meta property=\"og:title\" content=\"Kariera - u nas liczy si\u0119 cz\u0142owiek - Konigstahl PL\" \/>\n<meta property=\"og:description\" content=\"Oferujemy naszym pracownikom ukierunkowane szkolenia i mo\u017cliwo\u015bci dalszej edukacji, a tak\u017ce konieczn\u0105 przestrze\u0144 do rozwoju. W ten spos\u00f3b tworzymy w pracy atmosfer\u0119 \u0142\u0105cz\u0105c\u0105 w sobie tolerancj\u0119, zrozumienie i ducha pracy zespo\u0142owej.\" \/>\n<meta property=\"og:url\" content=\"https:\/\/www.koenigstahl.pl\/pl\/firma\/kariera2\/\" \/>\n<meta property=\"og:site_name\" content=\"Konigstahl PL\" \/>\n<meta property=\"article:publisher\" content=\"https:\/\/www.facebook.com\/KonigStahl\" \/>\n<meta property=\"article:modified_time\" content=\"2026-04-09T10:02:21+00:00\" \/>\n<meta property=\"og:image\" content=\"https:\/\/www.koenigstahl.pl\/pl\/wp-content\/uploads\/sites\/5\/2019\/02\/20190130_112707-e1549544670790.jpg\" \/>\n\t<meta property=\"og:image:width\" content=\"1960\" \/>\n\t<meta property=\"og:image:height\" content=\"4032\" \/>\n\t<meta property=\"og:image:type\" content=\"image\/jpeg\" \/>\n<meta name=\"twitter:card\" content=\"summary_large_image\" \/>\n<meta name=\"twitter:label1\" content=\"Szacowany czas czytania\" \/>\n\t<meta name=\"twitter:data1\" content=\"11 minut\" \/>\n<script type=\"application\/ld+json\" class=\"yoast-schema-graph\">{\"@context\":\"https:\/\/schema.org\",\"@graph\":[{\"@type\":\"WebPage\",\"@id\":\"https:\/\/www.koenigstahl.pl\/pl\/firma\/kariera2\/\",\"url\":\"https:\/\/www.koenigstahl.pl\/pl\/firma\/kariera2\/\",\"name\":\"Kariera - u nas liczy si\u0119 cz\u0142owiek - Konigstahl PL\",\"isPartOf\":{\"@id\":\"https:\/\/www.koenigstahl.pl\/pl\/#website\"},\"primaryImageOfPage\":{\"@id\":\"https:\/\/www.koenigstahl.pl\/pl\/firma\/kariera2\/#primaryimage\"},\"image\":{\"@id\":\"https:\/\/www.koenigstahl.pl\/pl\/firma\/kariera2\/#primaryimage\"},\"thumbnailUrl\":\"https:\/\/www.koenigstahl.pl\/pl\/wp-content\/uploads\/sites\/5\/2019\/02\/20190130_112707-e1549544670790.jpg\",\"datePublished\":\"2017-10-25T11:32:42+00:00\",\"dateModified\":\"2026-04-09T10:02:21+00:00\",\"description\":\"Oferujemy naszym pracownikom ukierunkowane szkolenia i mo\u017cliwo\u015bci dalszej edukacji, a tak\u017ce konieczn\u0105 przestrze\u0144 do rozwoju. W ten spos\u00f3b tworzymy w pracy atmosfer\u0119 \u0142\u0105cz\u0105c\u0105 w sobie tolerancj\u0119, zrozumienie i ducha pracy zespo\u0142owej.\",\"breadcrumb\":{\"@id\":\"https:\/\/www.koenigstahl.pl\/pl\/firma\/kariera2\/#breadcrumb\"},\"inLanguage\":\"pl-PL\",\"potentialAction\":[{\"@type\":\"ReadAction\",\"target\":[\"https:\/\/www.koenigstahl.pl\/pl\/firma\/kariera2\/\"]}]},{\"@type\":\"ImageObject\",\"inLanguage\":\"pl-PL\",\"@id\":\"https:\/\/www.koenigstahl.pl\/pl\/firma\/kariera2\/#primaryimage\",\"url\":\"https:\/\/www.koenigstahl.pl\/pl\/wp-content\/uploads\/sites\/5\/2019\/02\/20190130_112707-e1549544670790.jpg\",\"contentUrl\":\"https:\/\/www.koenigstahl.pl\/pl\/wp-content\/uploads\/sites\/5\/2019\/02\/20190130_112707-e1549544670790.jpg\",\"width\":1960,\"height\":4032},{\"@type\":\"BreadcrumbList\",\"@id\":\"https:\/\/www.koenigstahl.pl\/pl\/firma\/kariera2\/#breadcrumb\",\"itemListElement\":[{\"@type\":\"ListItem\",\"position\":1,\"name\":\"Home\",\"item\":\"https:\/\/www.koenigstahl.pl\/pl\/\"},{\"@type\":\"ListItem\",\"position\":2,\"name\":\"Firma\",\"item\":\"https:\/\/www.koenigstahl.pl\/pl\/firma\/\"},{\"@type\":\"ListItem\",\"position\":3,\"name\":\"Kariera\"}]},{\"@type\":\"WebSite\",\"@id\":\"https:\/\/www.koenigstahl.pl\/pl\/#website\",\"url\":\"https:\/\/www.koenigstahl.pl\/pl\/\",\"name\":\"Konigstahl\",\"description\":\"Oferta firmy KONIGSTAHL obejmue profile stalowe, rury stalowe, pr\u0119ty ci\u0105gnione i walcowa, rury stalowe precyzyjne\",\"publisher\":{\"@id\":\"https:\/\/www.koenigstahl.pl\/pl\/#organization\"},\"potentialAction\":[{\"@type\":\"SearchAction\",\"target\":{\"@type\":\"EntryPoint\",\"urlTemplate\":\"https:\/\/www.koenigstahl.pl\/pl\/?s={search_term_string}\"},\"query-input\":{\"@type\":\"PropertyValueSpecification\",\"valueRequired\":true,\"valueName\":\"search_term_string\"}}],\"inLanguage\":\"pl-PL\"},{\"@type\":\"Organization\",\"@id\":\"https:\/\/www.koenigstahl.pl\/pl\/#organization\",\"name\":\"Konigstahl\",\"url\":\"https:\/\/www.koenigstahl.pl\/pl\/\",\"logo\":{\"@type\":\"ImageObject\",\"inLanguage\":\"pl-PL\",\"@id\":\"https:\/\/www.koenigstahl.pl\/pl\/#\/schema\/logo\/image\/\",\"url\":\"https:\/\/www.koenigstahl.pl\/pl\/wp-content\/uploads\/sites\/5\/2025\/02\/LOGO_KS_2025.png\",\"contentUrl\":\"https:\/\/www.koenigstahl.pl\/pl\/wp-content\/uploads\/sites\/5\/2025\/02\/LOGO_KS_2025.png\",\"width\":1639,\"height\":202,\"caption\":\"Konigstahl\"},\"image\":{\"@id\":\"https:\/\/www.koenigstahl.pl\/pl\/#\/schema\/logo\/image\/\"},\"sameAs\":[\"https:\/\/www.facebook.com\/KonigStahl\",\"https:\/\/www.instagram.com\/konig_stahl\/\",\"https:\/\/www.linkedin.com\/company\/knig-stahl-sp.-z-o.o.\/?viewAsMember=true\"]}]}<\/script>\n<!-- \/ Yoast SEO plugin. -->","yoast_head_json":{"title":"Kariera - u nas liczy si\u0119 cz\u0142owiek - Konigstahl PL","description":"Oferujemy naszym pracownikom ukierunkowane szkolenia i mo\u017cliwo\u015bci dalszej edukacji, a tak\u017ce konieczn\u0105 przestrze\u0144 do rozwoju. W ten spos\u00f3b tworzymy w pracy atmosfer\u0119 \u0142\u0105cz\u0105c\u0105 w sobie tolerancj\u0119, zrozumienie i ducha pracy zespo\u0142owej.","robots":{"index":"index","follow":"follow","max-snippet":"max-snippet:-1","max-image-preview":"max-image-preview:large","max-video-preview":"max-video-preview:-1"},"canonical":"https:\/\/www.koenigstahl.pl\/pl\/firma\/kariera2\/","og_locale":"pl_PL","og_type":"article","og_title":"Kariera - u nas liczy si\u0119 cz\u0142owiek - Konigstahl PL","og_description":"Oferujemy naszym pracownikom ukierunkowane szkolenia i mo\u017cliwo\u015bci dalszej edukacji, a tak\u017ce konieczn\u0105 przestrze\u0144 do rozwoju. W ten spos\u00f3b tworzymy w pracy atmosfer\u0119 \u0142\u0105cz\u0105c\u0105 w sobie tolerancj\u0119, zrozumienie i ducha pracy zespo\u0142owej.","og_url":"https:\/\/www.koenigstahl.pl\/pl\/firma\/kariera2\/","og_site_name":"Konigstahl PL","article_publisher":"https:\/\/www.facebook.com\/KonigStahl","article_modified_time":"2026-04-09T10:02:21+00:00","og_image":[{"width":1960,"height":4032,"url":"https:\/\/www.koenigstahl.pl\/pl\/wp-content\/uploads\/sites\/5\/2019\/02\/20190130_112707-e1549544670790.jpg","type":"image\/jpeg"}],"twitter_card":"summary_large_image","twitter_misc":{"Szacowany czas czytania":"11 minut"},"schema":{"@context":"https:\/\/schema.org","@graph":[{"@type":"WebPage","@id":"https:\/\/www.koenigstahl.pl\/pl\/firma\/kariera2\/","url":"https:\/\/www.koenigstahl.pl\/pl\/firma\/kariera2\/","name":"Kariera - u nas liczy si\u0119 cz\u0142owiek - Konigstahl PL","isPartOf":{"@id":"https:\/\/www.koenigstahl.pl\/pl\/#website"},"primaryImageOfPage":{"@id":"https:\/\/www.koenigstahl.pl\/pl\/firma\/kariera2\/#primaryimage"},"image":{"@id":"https:\/\/www.koenigstahl.pl\/pl\/firma\/kariera2\/#primaryimage"},"thumbnailUrl":"https:\/\/www.koenigstahl.pl\/pl\/wp-content\/uploads\/sites\/5\/2019\/02\/20190130_112707-e1549544670790.jpg","datePublished":"2017-10-25T11:32:42+00:00","dateModified":"2026-04-09T10:02:21+00:00","description":"Oferujemy naszym pracownikom ukierunkowane szkolenia i mo\u017cliwo\u015bci dalszej edukacji, a tak\u017ce konieczn\u0105 przestrze\u0144 do rozwoju. W ten spos\u00f3b tworzymy w pracy atmosfer\u0119 \u0142\u0105cz\u0105c\u0105 w sobie tolerancj\u0119, zrozumienie i ducha pracy zespo\u0142owej.","breadcrumb":{"@id":"https:\/\/www.koenigstahl.pl\/pl\/firma\/kariera2\/#breadcrumb"},"inLanguage":"pl-PL","potentialAction":[{"@type":"ReadAction","target":["https:\/\/www.koenigstahl.pl\/pl\/firma\/kariera2\/"]}]},{"@type":"ImageObject","inLanguage":"pl-PL","@id":"https:\/\/www.koenigstahl.pl\/pl\/firma\/kariera2\/#primaryimage","url":"https:\/\/www.koenigstahl.pl\/pl\/wp-content\/uploads\/sites\/5\/2019\/02\/20190130_112707-e1549544670790.jpg","contentUrl":"https:\/\/www.koenigstahl.pl\/pl\/wp-content\/uploads\/sites\/5\/2019\/02\/20190130_112707-e1549544670790.jpg","width":1960,"height":4032},{"@type":"BreadcrumbList","@id":"https:\/\/www.koenigstahl.pl\/pl\/firma\/kariera2\/#breadcrumb","itemListElement":[{"@type":"ListItem","position":1,"name":"Home","item":"https:\/\/www.koenigstahl.pl\/pl\/"},{"@type":"ListItem","position":2,"name":"Firma","item":"https:\/\/www.koenigstahl.pl\/pl\/firma\/"},{"@type":"ListItem","position":3,"name":"Kariera"}]},{"@type":"WebSite","@id":"https:\/\/www.koenigstahl.pl\/pl\/#website","url":"https:\/\/www.koenigstahl.pl\/pl\/","name":"Konigstahl","description":"Oferta firmy KONIGSTAHL obejmue profile stalowe, rury stalowe, pr\u0119ty ci\u0105gnione i walcowa, rury stalowe precyzyjne","publisher":{"@id":"https:\/\/www.koenigstahl.pl\/pl\/#organization"},"potentialAction":[{"@type":"SearchAction","target":{"@type":"EntryPoint","urlTemplate":"https:\/\/www.koenigstahl.pl\/pl\/?s={search_term_string}"},"query-input":{"@type":"PropertyValueSpecification","valueRequired":true,"valueName":"search_term_string"}}],"inLanguage":"pl-PL"},{"@type":"Organization","@id":"https:\/\/www.koenigstahl.pl\/pl\/#organization","name":"Konigstahl","url":"https:\/\/www.koenigstahl.pl\/pl\/","logo":{"@type":"ImageObject","inLanguage":"pl-PL","@id":"https:\/\/www.koenigstahl.pl\/pl\/#\/schema\/logo\/image\/","url":"https:\/\/www.koenigstahl.pl\/pl\/wp-content\/uploads\/sites\/5\/2025\/02\/LOGO_KS_2025.png","contentUrl":"https:\/\/www.koenigstahl.pl\/pl\/wp-content\/uploads\/sites\/5\/2025\/02\/LOGO_KS_2025.png","width":1639,"height":202,"caption":"Konigstahl"},"image":{"@id":"https:\/\/www.koenigstahl.pl\/pl\/#\/schema\/logo\/image\/"},"sameAs":["https:\/\/www.facebook.com\/KonigStahl","https:\/\/www.instagram.com\/konig_stahl\/","https:\/\/www.linkedin.com\/company\/knig-stahl-sp.-z-o.o.\/?viewAsMember=true"]}]}},"_links":{"self":[{"href":"https:\/\/www.koenigstahl.pl\/pl\/wp-json\/wp\/v2\/pages\/37","targetHints":{"allow":["GET"]}}],"collection":[{"href":"https:\/\/www.koenigstahl.pl\/pl\/wp-json\/wp\/v2\/pages"}],"about":[{"href":"https:\/\/www.koenigstahl.pl\/pl\/wp-json\/wp\/v2\/types\/page"}],"author":[{"embeddable":true,"href":"https:\/\/www.koenigstahl.pl\/pl\/wp-json\/wp\/v2\/users\/763"}],"replies":[{"embeddable":true,"href":"https:\/\/www.koenigstahl.pl\/pl\/wp-json\/wp\/v2\/comments?post=37"}],"version-history":[{"count":13,"href":"https:\/\/www.koenigstahl.pl\/pl\/wp-json\/wp\/v2\/pages\/37\/revisions"}],"predecessor-version":[{"id":15329,"href":"https:\/\/www.koenigstahl.pl\/pl\/wp-json\/wp\/v2\/pages\/37\/revisions\/15329"}],"up":[{"embeddable":true,"href":"https:\/\/www.koenigstahl.pl\/pl\/wp-json\/wp\/v2\/pages\/10"}],"wp:featuredmedia":[{"embeddable":true,"href":"https:\/\/www.koenigstahl.pl\/pl\/wp-json\/wp\/v2\/media\/7300"}],"wp:attachment":[{"href":"https:\/\/www.koenigstahl.pl\/pl\/wp-json\/wp\/v2\/media?parent=37"}],"curies":[{"name":"wp","href":"https:\/\/api.w.org\/{rel}","templated":true}]}}