{"id":39,"date":"2017-10-25T13:32:54","date_gmt":"2017-10-25T11:32:54","guid":{"rendered":"https:\/\/www.koenigstahl.pl\/pl\/?page_id=39"},"modified":"2025-01-16T09:22:27","modified_gmt":"2025-01-16T08:22:27","slug":"jakosccertyfikaty","status":"publish","type":"page","link":"https:\/\/www.koenigstahl.pl\/pl\/firma\/jakosccertyfikaty\/","title":{"rendered":"Jako\u015b\u0107 &amp; certyfikaty"},"content":{"rendered":"[vc_row ct_full_width=&#8221;no&#8221; ct_padding=&#8221;u-no-space&#8221;][vc_column width=&#8221;5\/6&#8243;][vc_column_text]<strong>Obowi\u0105zuj\u0105ce w K\u00d6NIG STAHL standardy jako\u015bci potwierdzane s\u0105 corocznymi audytami kontrolnymi i certyfikacyjnymi .<\/strong> \n<p>ISO 9001 zapewnia system\u00a0 procedur, kt\u00f3re pozwalaj\u0105 nam najlepiej spe\u0142nia\u0107 potrzeby klient\u00f3w. \n<p>Wysoka jako\u015b\u0107 produkt\u00f3w dost\u0119pnych w ofercie, kompetencje naszych pracownik\u00f3w oraz procedury zapewniania jako\u015bci dla wszystkich proces\u00f3w zachodz\u0105cych w firmie spe\u0142niaj\u0105 standardy ISO 9001 i od 2002 roku by\u0142y corocznie kontrolowane i certyfikowane przez uprawnione jednostki certyfikuj\u0105ce. Sp\u00f3\u0142ka dba o \u015brodowisko naturalne, co potwierdza certyfikat norm \u015brodowiskowych ISO 14001:2015. \n<p>Profesjonalna realizacja us\u0142ug i proces\u00f3w potwierdzona jest nast\u0119puj\u0105cym certyfikatem jako\u015bci:<strong> <a href=\"https:\/\/www.koenigstahl.pl\/pl\/wp-content\/uploads\/sites\/5\/2023\/08\/Certyfikat_ISO_2023_9001.jpg\">ISO 9001<\/a><\/strong> i<strong> <a href=\"https:\/\/www.koenigstahl.pl\/pl\/wp-content\/uploads\/sites\/5\/2023\/08\/ISO14001_2020.jpg\">ISO 14001<\/a>.<\/strong>[\/vc_column_text][\/vc_column][vc_column width=&#8221;1\/6&#8243;][vc_single_image image=&#8221;14316&#8243; img_size=&#8221;full&#8221;][vc_single_image image=&#8221;12679&#8243; img_size=&#8221;full&#8221;][\/vc_column][\/vc_row][vc_row][vc_column][vc_column_text]\n\t\t<style>\n\t\t\t#wpls-logo-showcase-slider-1 .wpls-fix-box,\n\t\t\t#wpls-logo-showcase-slider-1 .wpls-fix-box img.wp-post-image{max-height:250px; }\n\t\t<\/style>\n\n\t\t<div class=\"wpls-wrap wpls-logo-showcase-slider-wrp wpls-logo-clearfix wpls-design-1 \" data-conf=\"{&quot;slides_column&quot;:&quot;3&quot;,&quot;slides_scroll&quot;:1,&quot;dots&quot;:&quot;true&quot;,&quot;arrows&quot;:&quot;true&quot;,&quot;autoplay&quot;:&quot;true&quot;,&quot;autoplay_interval&quot;:3000,&quot;loop&quot;:&quot;true&quot;,&quot;rtl&quot;:&quot;false&quot;,&quot;speed&quot;:800,&quot;center_mode&quot;:&quot;true&quot;,&quot;lazyload&quot;:&quot;&quot;}\">\n\t\t\t<div class=\"wpls-logo-showcase logo_showcase wpls-logo-slider wpls-center sliderimage_hide_border \" id=\"wpls-logo-showcase-slider-1\" >\n\t\t\t\t<div class=\"wpls-logo-cnt\">\n\t<div class=\"wpls-fix-box\">\n\t\t\t\t<a href=\"https:\/\/www.koenigstahl.pl\/pl\/wp-content\/uploads\/sites\/5\/2018\/04\/cert2.png\" target=\"_self\">\n\t\t\t<img decoding=\"async\" class=\"wp-post-image\"  src=\"https:\/\/www.koenigstahl.pl\/pl\/wp-content\/uploads\/sites\/5\/2025\/01\/znak-cert-pcc-pca-QMS-new.jpg\" alt=\"\" \/>\n\t\t<\/a>\n\t\t\t<\/div>\n\t<\/div><div class=\"wpls-logo-cnt\">\n\t<div class=\"wpls-fix-box\">\n\t\t\t\t<img decoding=\"async\" class=\"wp-post-image\"  src=\"https:\/\/www.koenigstahl.pl\/pl\/wp-content\/uploads\/sites\/5\/2017\/11\/cert3.png\" alt=\"K\u00f6nigStahl certyfikat\" \/>\n\t\t\t<\/div>\n\t<\/div><div class=\"wpls-logo-cnt\">\n\t<div class=\"wpls-fix-box\">\n\t\t\t\t<img decoding=\"async\" class=\"wp-post-image\"  src=\"https:\/\/www.koenigstahl.pl\/pl\/wp-content\/uploads\/sites\/5\/2017\/11\/cert4.png\" alt=\"K\u00f6nigStahl certyfikat\" \/>\n\t\t\t<\/div>\n\t<\/div><div class=\"wpls-logo-cnt\">\n\t<div class=\"wpls-fix-box\">\n\t\t\t\t<a href=\"https:\/\/www.koenigstahl.pl\/pl\/wp-content\/uploads\/sites\/5\/2021\/02\/znak-cert-pcc-pca-EMS-new.jpg\" target=\"_self\">\n\t\t\t<img decoding=\"async\" class=\"wp-post-image\"  src=\"https:\/\/www.koenigstahl.pl\/pl\/wp-content\/uploads\/sites\/5\/2021\/02\/znak-cert-pcc-pca-EMS-new.jpg\" alt=\"\" \/>\n\t\t<\/a>\n\t\t\t<\/div>\n\t<\/div>\t\t\t<\/div>\n\t\t<\/div>\n\n\t\t[\/vc_column_text][\/vc_column][\/vc_row][vc_row][vc_column][\/vc_column][\/vc_row][vc_row][vc_column][\/vc_column][\/vc_row]\n","protected":false},"excerpt":{"rendered":"<p>[vc_row ct_full_width=&#8221;no&#8221; ct_padding=&#8221;u-no-space&#8221;][vc_column width=&#8221;5\/6&#8243;][vc_column_text]Obowi\u0105zuj\u0105ce w K\u00d6NIG STAHL standardy jako\u015bci potwierdzane s\u0105 corocznymi audytami kontrolnymi i certyfikacyjnymi . ISO 9001 zapewnia system\u00a0 procedur, kt\u00f3re pozwalaj\u0105 nam najlepiej spe\u0142nia\u0107 potrzeby klient\u00f3w. Wysoka jako\u015b\u0107 produkt\u00f3w dost\u0119pnych w ofercie, kompetencje naszych pracownik\u00f3w oraz procedury zapewniania jako\u015bci dla wszystkich proces\u00f3w zachodz\u0105cych w firmie spe\u0142niaj\u0105 standardy ISO 9001 i od 2002 [&hellip;]<\/p>\n","protected":false},"author":763,"featured_media":0,"parent":10,"menu_order":28,"comment_status":"closed","ping_status":"closed","template":"","meta":{"_acf_changed":false,"footnotes":""},"class_list":["post-39","page","type-page","status-publish","hentry"],"acf":[],"yoast_head":"<!-- This site is optimized with the Yoast SEO plugin v27.0 - https:\/\/yoast.com\/product\/yoast-seo-wordpress\/ -->\n<title>Jako\u015b\u0107 &amp; certyfikaty - Konigstahl PL<\/title>\n<meta name=\"description\" content=\"Obowi\u0105zuj\u0105ce w K\u00d6NIG STAHL standardy jako\u015bci potwierdzane s\u0105 corocznymi audytami kontrolnymi i certyfikacyjnymi. ISO 9001 zapewnia system procedur, kt\u00f3re pozwalaj\u0105 nam najlepiej spe\u0142nia\u0107 potrzeby klient\u00f3w. Profesjonalna realizacja us\u0142ug i proces\u00f3w potwierdzona jest nast\u0119puj\u0105cym certyfikatem jako\u015bci: T\u00dcV-ISO 9001.\" \/>\n<meta name=\"robots\" content=\"index, follow, max-snippet:-1, max-image-preview:large, max-video-preview:-1\" \/>\n<link rel=\"canonical\" href=\"https:\/\/www.koenigstahl.pl\/pl\/firma\/jakosccertyfikaty\/\" \/>\n<meta property=\"og:locale\" content=\"pl_PL\" \/>\n<meta property=\"og:type\" content=\"article\" \/>\n<meta property=\"og:title\" content=\"Jako\u015b\u0107 &amp; certyfikaty - Konigstahl PL\" \/>\n<meta property=\"og:description\" content=\"Obowi\u0105zuj\u0105ce w K\u00d6NIG STAHL standardy jako\u015bci potwierdzane s\u0105 corocznymi audytami kontrolnymi i certyfikacyjnymi. ISO 9001 zapewnia system procedur, kt\u00f3re pozwalaj\u0105 nam najlepiej spe\u0142nia\u0107 potrzeby klient\u00f3w. Profesjonalna realizacja us\u0142ug i proces\u00f3w potwierdzona jest nast\u0119puj\u0105cym certyfikatem jako\u015bci: T\u00dcV-ISO 9001.\" \/>\n<meta property=\"og:url\" content=\"https:\/\/www.koenigstahl.pl\/pl\/firma\/jakosccertyfikaty\/\" \/>\n<meta property=\"og:site_name\" content=\"Konigstahl PL\" \/>\n<meta property=\"article:publisher\" content=\"https:\/\/www.facebook.com\/KonigStahl\" \/>\n<meta property=\"article:modified_time\" content=\"2025-01-16T08:22:27+00:00\" \/>\n<meta name=\"twitter:card\" content=\"summary_large_image\" \/>\n<meta name=\"twitter:label1\" content=\"Szacowany czas czytania\" \/>\n\t<meta name=\"twitter:data1\" content=\"1 minuta\" \/>\n<script type=\"application\/ld+json\" class=\"yoast-schema-graph\">{\"@context\":\"https:\/\/schema.org\",\"@graph\":[{\"@type\":\"WebPage\",\"@id\":\"https:\/\/www.koenigstahl.pl\/pl\/firma\/jakosccertyfikaty\/\",\"url\":\"https:\/\/www.koenigstahl.pl\/pl\/firma\/jakosccertyfikaty\/\",\"name\":\"Jako\u015b\u0107 &amp; certyfikaty - Konigstahl PL\",\"isPartOf\":{\"@id\":\"https:\/\/www.koenigstahl.pl\/pl\/#website\"},\"datePublished\":\"2017-10-25T11:32:54+00:00\",\"dateModified\":\"2025-01-16T08:22:27+00:00\",\"description\":\"Obowi\u0105zuj\u0105ce w K\u00d6NIG STAHL standardy jako\u015bci potwierdzane s\u0105 corocznymi audytami kontrolnymi i certyfikacyjnymi. ISO 9001 zapewnia system procedur, kt\u00f3re pozwalaj\u0105 nam najlepiej spe\u0142nia\u0107 potrzeby klient\u00f3w. Profesjonalna realizacja us\u0142ug i proces\u00f3w potwierdzona jest nast\u0119puj\u0105cym certyfikatem jako\u015bci: T\u00dcV-ISO 9001.\",\"breadcrumb\":{\"@id\":\"https:\/\/www.koenigstahl.pl\/pl\/firma\/jakosccertyfikaty\/#breadcrumb\"},\"inLanguage\":\"pl-PL\",\"potentialAction\":[{\"@type\":\"ReadAction\",\"target\":[\"https:\/\/www.koenigstahl.pl\/pl\/firma\/jakosccertyfikaty\/\"]}]},{\"@type\":\"BreadcrumbList\",\"@id\":\"https:\/\/www.koenigstahl.pl\/pl\/firma\/jakosccertyfikaty\/#breadcrumb\",\"itemListElement\":[{\"@type\":\"ListItem\",\"position\":1,\"name\":\"Home\",\"item\":\"https:\/\/www.koenigstahl.pl\/pl\/\"},{\"@type\":\"ListItem\",\"position\":2,\"name\":\"Firma\",\"item\":\"https:\/\/www.koenigstahl.pl\/pl\/firma\/\"},{\"@type\":\"ListItem\",\"position\":3,\"name\":\"Jako\u015b\u0107 &amp; certyfikaty\"}]},{\"@type\":\"WebSite\",\"@id\":\"https:\/\/www.koenigstahl.pl\/pl\/#website\",\"url\":\"https:\/\/www.koenigstahl.pl\/pl\/\",\"name\":\"Konigstahl\",\"description\":\"Oferta firmy KONIGSTAHL obejmue profile stalowe, rury stalowe, pr\u0119ty ci\u0105gnione i walcowa, rury stalowe precyzyjne\",\"publisher\":{\"@id\":\"https:\/\/www.koenigstahl.pl\/pl\/#organization\"},\"potentialAction\":[{\"@type\":\"SearchAction\",\"target\":{\"@type\":\"EntryPoint\",\"urlTemplate\":\"https:\/\/www.koenigstahl.pl\/pl\/?s={search_term_string}\"},\"query-input\":{\"@type\":\"PropertyValueSpecification\",\"valueRequired\":true,\"valueName\":\"search_term_string\"}}],\"inLanguage\":\"pl-PL\"},{\"@type\":\"Organization\",\"@id\":\"https:\/\/www.koenigstahl.pl\/pl\/#organization\",\"name\":\"Konigstahl\",\"url\":\"https:\/\/www.koenigstahl.pl\/pl\/\",\"logo\":{\"@type\":\"ImageObject\",\"inLanguage\":\"pl-PL\",\"@id\":\"https:\/\/www.koenigstahl.pl\/pl\/#\/schema\/logo\/image\/\",\"url\":\"https:\/\/www.koenigstahl.pl\/pl\/wp-content\/uploads\/sites\/5\/2025\/02\/LOGO_KS_2025.png\",\"contentUrl\":\"https:\/\/www.koenigstahl.pl\/pl\/wp-content\/uploads\/sites\/5\/2025\/02\/LOGO_KS_2025.png\",\"width\":1639,\"height\":202,\"caption\":\"Konigstahl\"},\"image\":{\"@id\":\"https:\/\/www.koenigstahl.pl\/pl\/#\/schema\/logo\/image\/\"},\"sameAs\":[\"https:\/\/www.facebook.com\/KonigStahl\",\"https:\/\/www.instagram.com\/konig_stahl\/\",\"https:\/\/www.linkedin.com\/company\/knig-stahl-sp.-z-o.o.\/?viewAsMember=true\"]}]}<\/script>\n<!-- \/ Yoast SEO plugin. -->","yoast_head_json":{"title":"Jako\u015b\u0107 &amp; certyfikaty - Konigstahl PL","description":"Obowi\u0105zuj\u0105ce w K\u00d6NIG STAHL standardy jako\u015bci potwierdzane s\u0105 corocznymi audytami kontrolnymi i certyfikacyjnymi. ISO 9001 zapewnia system procedur, kt\u00f3re pozwalaj\u0105 nam najlepiej spe\u0142nia\u0107 potrzeby klient\u00f3w. Profesjonalna realizacja us\u0142ug i proces\u00f3w potwierdzona jest nast\u0119puj\u0105cym certyfikatem jako\u015bci: T\u00dcV-ISO 9001.","robots":{"index":"index","follow":"follow","max-snippet":"max-snippet:-1","max-image-preview":"max-image-preview:large","max-video-preview":"max-video-preview:-1"},"canonical":"https:\/\/www.koenigstahl.pl\/pl\/firma\/jakosccertyfikaty\/","og_locale":"pl_PL","og_type":"article","og_title":"Jako\u015b\u0107 &amp; certyfikaty - Konigstahl PL","og_description":"Obowi\u0105zuj\u0105ce w K\u00d6NIG STAHL standardy jako\u015bci potwierdzane s\u0105 corocznymi audytami kontrolnymi i certyfikacyjnymi. ISO 9001 zapewnia system procedur, kt\u00f3re pozwalaj\u0105 nam najlepiej spe\u0142nia\u0107 potrzeby klient\u00f3w. Profesjonalna realizacja us\u0142ug i proces\u00f3w potwierdzona jest nast\u0119puj\u0105cym certyfikatem jako\u015bci: T\u00dcV-ISO 9001.","og_url":"https:\/\/www.koenigstahl.pl\/pl\/firma\/jakosccertyfikaty\/","og_site_name":"Konigstahl PL","article_publisher":"https:\/\/www.facebook.com\/KonigStahl","article_modified_time":"2025-01-16T08:22:27+00:00","twitter_card":"summary_large_image","twitter_misc":{"Szacowany czas czytania":"1 minuta"},"schema":{"@context":"https:\/\/schema.org","@graph":[{"@type":"WebPage","@id":"https:\/\/www.koenigstahl.pl\/pl\/firma\/jakosccertyfikaty\/","url":"https:\/\/www.koenigstahl.pl\/pl\/firma\/jakosccertyfikaty\/","name":"Jako\u015b\u0107 &amp; certyfikaty - Konigstahl PL","isPartOf":{"@id":"https:\/\/www.koenigstahl.pl\/pl\/#website"},"datePublished":"2017-10-25T11:32:54+00:00","dateModified":"2025-01-16T08:22:27+00:00","description":"Obowi\u0105zuj\u0105ce w K\u00d6NIG STAHL standardy jako\u015bci potwierdzane s\u0105 corocznymi audytami kontrolnymi i certyfikacyjnymi. ISO 9001 zapewnia system procedur, kt\u00f3re pozwalaj\u0105 nam najlepiej spe\u0142nia\u0107 potrzeby klient\u00f3w. Profesjonalna realizacja us\u0142ug i proces\u00f3w potwierdzona jest nast\u0119puj\u0105cym certyfikatem jako\u015bci: T\u00dcV-ISO 9001.","breadcrumb":{"@id":"https:\/\/www.koenigstahl.pl\/pl\/firma\/jakosccertyfikaty\/#breadcrumb"},"inLanguage":"pl-PL","potentialAction":[{"@type":"ReadAction","target":["https:\/\/www.koenigstahl.pl\/pl\/firma\/jakosccertyfikaty\/"]}]},{"@type":"BreadcrumbList","@id":"https:\/\/www.koenigstahl.pl\/pl\/firma\/jakosccertyfikaty\/#breadcrumb","itemListElement":[{"@type":"ListItem","position":1,"name":"Home","item":"https:\/\/www.koenigstahl.pl\/pl\/"},{"@type":"ListItem","position":2,"name":"Firma","item":"https:\/\/www.koenigstahl.pl\/pl\/firma\/"},{"@type":"ListItem","position":3,"name":"Jako\u015b\u0107 &amp; certyfikaty"}]},{"@type":"WebSite","@id":"https:\/\/www.koenigstahl.pl\/pl\/#website","url":"https:\/\/www.koenigstahl.pl\/pl\/","name":"Konigstahl","description":"Oferta firmy KONIGSTAHL obejmue profile stalowe, rury stalowe, pr\u0119ty ci\u0105gnione i walcowa, rury stalowe precyzyjne","publisher":{"@id":"https:\/\/www.koenigstahl.pl\/pl\/#organization"},"potentialAction":[{"@type":"SearchAction","target":{"@type":"EntryPoint","urlTemplate":"https:\/\/www.koenigstahl.pl\/pl\/?s={search_term_string}"},"query-input":{"@type":"PropertyValueSpecification","valueRequired":true,"valueName":"search_term_string"}}],"inLanguage":"pl-PL"},{"@type":"Organization","@id":"https:\/\/www.koenigstahl.pl\/pl\/#organization","name":"Konigstahl","url":"https:\/\/www.koenigstahl.pl\/pl\/","logo":{"@type":"ImageObject","inLanguage":"pl-PL","@id":"https:\/\/www.koenigstahl.pl\/pl\/#\/schema\/logo\/image\/","url":"https:\/\/www.koenigstahl.pl\/pl\/wp-content\/uploads\/sites\/5\/2025\/02\/LOGO_KS_2025.png","contentUrl":"https:\/\/www.koenigstahl.pl\/pl\/wp-content\/uploads\/sites\/5\/2025\/02\/LOGO_KS_2025.png","width":1639,"height":202,"caption":"Konigstahl"},"image":{"@id":"https:\/\/www.koenigstahl.pl\/pl\/#\/schema\/logo\/image\/"},"sameAs":["https:\/\/www.facebook.com\/KonigStahl","https:\/\/www.instagram.com\/konig_stahl\/","https:\/\/www.linkedin.com\/company\/knig-stahl-sp.-z-o.o.\/?viewAsMember=true"]}]}},"_links":{"self":[{"href":"https:\/\/www.koenigstahl.pl\/pl\/wp-json\/wp\/v2\/pages\/39","targetHints":{"allow":["GET"]}}],"collection":[{"href":"https:\/\/www.koenigstahl.pl\/pl\/wp-json\/wp\/v2\/pages"}],"about":[{"href":"https:\/\/www.koenigstahl.pl\/pl\/wp-json\/wp\/v2\/types\/page"}],"author":[{"embeddable":true,"href":"https:\/\/www.koenigstahl.pl\/pl\/wp-json\/wp\/v2\/users\/763"}],"replies":[{"embeddable":true,"href":"https:\/\/www.koenigstahl.pl\/pl\/wp-json\/wp\/v2\/comments?post=39"}],"version-history":[{"count":12,"href":"https:\/\/www.koenigstahl.pl\/pl\/wp-json\/wp\/v2\/pages\/39\/revisions"}],"predecessor-version":[{"id":14324,"href":"https:\/\/www.koenigstahl.pl\/pl\/wp-json\/wp\/v2\/pages\/39\/revisions\/14324"}],"up":[{"embeddable":true,"href":"https:\/\/www.koenigstahl.pl\/pl\/wp-json\/wp\/v2\/pages\/10"}],"wp:attachment":[{"href":"https:\/\/www.koenigstahl.pl\/pl\/wp-json\/wp\/v2\/media?parent=39"}],"curies":[{"name":"wp","href":"https:\/\/api.w.org\/{rel}","templated":true}]}}