{"id":5229,"date":"2018-04-16T12:08:35","date_gmt":"2018-04-16T10:08:35","guid":{"rendered":"https:\/\/www.koenigstahl.pl\/pl\/?page_id=5229"},"modified":"2026-04-02T12:43:10","modified_gmt":"2026-04-02T10:43:10","slug":"kontakt","status":"publish","type":"page","link":"https:\/\/www.koenigstahl.pl\/pl\/jansen\/kontakt\/","title":{"rendered":"Kontakt"},"content":{"rendered":"[vc_row ct_full_width=&#8221;no&#8221; ct_padding=&#8221;u-no-space&#8221; equal_height=&#8221;yes&#8221; css=&#8221;.vc_custom_1523876589675{padding-top: 45px !important;}&#8221;][vc_column width=&#8221;1\/2&#8243; css=&#8221;.vc_custom_1523876636651{margin-top: 15px !important;margin-right: 15px !important;margin-bottom: 15px !important;margin-left: 15px !important;border-top-width: 1px !important;border-right-width: 1px !important;border-bottom-width: 1px !important;border-left-width: 1px !important;padding-right: 30px !important;padding-left: 30px !important;border-left-color: #d3d4d6 !important;border-left-style: solid !important;border-right-color: #d3d4d6 !important;border-right-style: solid !important;border-top-color: #d3d4d6 !important;border-top-style: solid !important;border-bottom-color: #d3d4d6 !important;border-bottom-style: solid !important;}&#8221;][vc_column_text]\n<div class=\"ct_contact__container grey\">\n<h3 class=\"ct_formtitle person\">Sebastian Komar<\/h3>\n<p>Dyrektor ds. Sprzeda\u017cy System\u00f3w Jansen<br \/>\n<a href=\"tel:+48225496104\">+48 22 5496 104<\/a><br \/>\n<a href=\"tel:+48502427076\">+48 502 427 076<\/a><br \/>\n<i class=\"fa fa-envelope ct_bluelink\"><\/i><a class=\"ct_bluelink\" href=\"mailto:s.komar@koenigstahl.pl\">s.komar@koenigstahl.pl<\/a> \n<\/div>\n<p>&nbsp; \n<p>&nbsp; \n[\/vc_column_text][\/vc_column][vc_column width=&#8221;1\/2&#8243; css=&#8221;.vc_custom_1523876654060{margin-top: 15px !important;margin-right: 15px !important;margin-bottom: 15px !important;margin-left: 15px !important;border-top-width: 1px !important;border-right-width: 1px !important;border-bottom-width: 1px !important;border-left-width: 1px !important;padding-right: 30px !important;padding-left: 30px !important;border-left-color: #d3d4d6 !important;border-left-style: solid !important;border-right-color: #d3d4d6 !important;border-right-style: solid !important;border-top-color: #d3d4d6 !important;border-top-style: solid !important;border-bottom-color: #d3d4d6 !important;border-bottom-style: solid !important;}&#8221;][vc_column_text css=&#8221;&#8221;]\n<div class=\"ct_contact__container grey\">\n<h3 class=\"ct_formtitle\">Regionalni doradcy techniczno-handlowi<\/h3>\n<h3 class=\"ct_formtitle person\">Sebastian Komar<\/h3>\n<p>(wojew\u00f3dztwa : mazowieckie, \u0142\u00f3dzkie, lubelskie, podlaskie) \n<p>Dyrektor ds. Sprzeda\u017cy System\u00f3w Jansen \n<p><i class=\"fa fa-phone-square\"><\/i> <a href=\"tel:+48225496102\">+48\u00a022 5496 104<\/a><br \/>\n<i class=\"fa fa-phone-square\"><\/i> <a href=\"tel:+48502427076\">+48\u00a0502 427 076<\/a><br \/>\n<i class=\"fa fa-envelope ct_bluelink\"><\/i><a class=\"ct_bluelink\" href=\"mailto:s.komar@koenigstahl.pl\">s.komar@koenigstahl.pl<\/a> \n<h3 class=\"ct_formtitle person\">Pawe\u0142 Dehnel<\/h3>\n<p>(wojew\u00f3dztwa: wielkopolskie, lubuskie)<br \/>\nPrzedstawiciel techniczno-handlowy \n<p><i class=\"fa fa-phone-square\"><\/i> <a href=\"tel:+48500060725\">+48 500 060 725<\/a><br \/>\n<i class=\"fa fa-envelope ct_bluelink\"><\/i><a class=\"ct_bluelink\" href=\"mailto:p.dehnel@koenigstahl.pl\">p.dehnel@koenigstahl.pl<\/a> \n<h3 class=\"ct_formtitle person\">Dawid Malisiewicz<\/h3>\n<p>(wojew\u00f3dztwa: ma\u0142opolskie, \u015bl\u0105skie, \u015bwi\u0119tokrzyskie, podkarpackie, dolno\u015bl\u0105skie, opolskie)<br \/>\nPrzedstawiciel techniczno-handlowy \n<p><i class=\"fa fa-phone-square\"><\/i> <a href=\"http:\/\/tel.:0048502427090\">+48 502 427 090<\/a><br \/>\n<i class=\"fa fa-envelope ct_bluelink\"><\/i><a href=\"mailto:d.malisiewicz@koenigstahl.pl\">d.malisiewicz@koenigstahl.pl<\/a> \n<h3 class=\"ct_formtitle person\">Robert Barci\u0144ski<\/h3>\n<p>(wojew\u00f3dztwa: zachodnio-pomorskie, pomorskie, kujawsko-pomorskie, warmi\u0144sko-mazurskie)<br \/>\nPrzedstawiciel techniczno-handlowy \n<p><i class=\"fa fa-phone-square\"><\/i>\u00a0<a href=\"tel:+48786327904\">+48 786 327 904<\/a><br \/>\n<i class=\"fa fa-envelope ct_bluelink\"><\/i><a href=\"mailto:r.barcinski@koenigstahl.pl\">r.barcinski@koenigstahl.pl<\/a> \n<\/div>\n[\/vc_column_text][\/vc_column][\/vc_row][vc_row ct_full_width=&#8221;no&#8221; ct_padding=&#8221;u-no-space&#8221; equal_height=&#8221;yes&#8221; css=&#8221;.vc_custom_1523876589675{padding-top: 45px !important;}&#8221;][vc_column width=&#8221;1\/2&#8243; css=&#8221;.vc_custom_1523876636651{margin-top: 15px !important;margin-right: 15px !important;margin-bottom: 15px !important;margin-left: 15px !important;border-top-width: 1px !important;border-right-width: 1px !important;border-bottom-width: 1px !important;border-left-width: 1px !important;padding-right: 30px !important;padding-left: 30px !important;border-left-color: #d3d4d6 !important;border-left-style: solid !important;border-right-color: #d3d4d6 !important;border-right-style: solid !important;border-top-color: #d3d4d6 !important;border-top-style: solid !important;border-bottom-color: #d3d4d6 !important;border-bottom-style: solid !important;}&#8221;][vc_column_text]\n<h3 class=\"ct_formtitle\">Dzia\u0142 Techniczny<\/h3>\n<div class=\"ct_contact__container grey\">\n<h3 class=\"ct_formtitle person\">Tomasz Suchecki<\/h3>\n<p>Koordynator Projekt\u00f3w<br \/>\nSpecjalista ds. Badawczo-Rozwojowych \n<p><i class=\"fa fa-phone-square\"><\/i> <a href=\"tel:+48225496157\">+48 22 5496 157<\/a><br \/>\n<i class=\"fa fa-phone-square\"><\/i> <a href=\"tel:+48505172122\">+48 505 172 122<\/a><br \/>\n<i class=\"fa fa-envelope ct_bluelink\"><\/i><a class=\"ct_bluelink\" href=\"mailto:t.suchecki@koenigstahl.pl\">t.suchecki@koenigstahl.pl<\/a> \n<div class=\"ct_contact__container grey\">\n<h3><\/h3>\n<h3 class=\"ct_formtitle person\">Pawe\u0142 Dehnel<\/h3>\n<p>Specjalista ds. Obs\u0142ugi Systemu JANIsoft \n<p>Przedstawiciel techniczno-handlowy \n<p><i class=\"fa fa-phone-square\"><\/i> <a href=\"tel:+48500060725\">+48 500 060 725<\/a><br \/>\n<i class=\"fa fa-envelope ct_bluelink\"><\/i><a class=\"ct_bluelink\" href=\"mailto:p.dehnel@koenigstahl.pl\">p.dehnel@koenigstahl.pl<\/a> \n<\/div>\n<\/div>\n[\/vc_column_text][\/vc_column][vc_column width=&#8221;1\/2&#8243; css=&#8221;.vc_custom_1523876654060{margin-top: 15px !important;margin-right: 15px !important;margin-bottom: 15px !important;margin-left: 15px !important;border-top-width: 1px !important;border-right-width: 1px !important;border-bottom-width: 1px !important;border-left-width: 1px !important;padding-right: 30px !important;padding-left: 30px !important;border-left-color: #d3d4d6 !important;border-left-style: solid !important;border-right-color: #d3d4d6 !important;border-right-style: solid !important;border-top-color: #d3d4d6 !important;border-top-style: solid !important;border-bottom-color: #d3d4d6 !important;border-bottom-style: solid !important;}&#8221;][vc_column_text]\n<h3 class=\"ct_formtitle\">Dzia\u0142 Obs\u0142ugi Klienta<\/h3>\n<div class=\"ct_contact__container grey\">\n<h3 class=\"ct_formtitle person\">Rafa\u0142 Szczepa\u0144ski<\/h3>\n<p>Specjalista ds. Obs\u0142ugi Klienta \n<p><i class=\"fa fa-phone-square\"><\/i> <a href=\"tel:+48225496171\">+48 22 5496 171<\/a><br \/>\n<i class=\"fa fa-phone-square\"><\/i> <a href=\"tel:+48512247451\">+48 512 247 451<\/a><br \/>\n<a class=\"ct_bluelink\" href=\"mailto:r.szczepanski@koenigstahl.pl\">r.szczepanski@koenigstahl.pl<\/a> \n<div class=\"ct_contact__container grey\"><\/div>\n<\/div>\n[\/vc_column_text][\/vc_column][\/vc_row]\n","protected":false},"excerpt":{"rendered":"<p>[vc_row ct_full_width=&#8221;no&#8221; ct_padding=&#8221;u-no-space&#8221; equal_height=&#8221;yes&#8221; css=&#8221;.vc_custom_1523876589675{padding-top: 45px !important;}&#8221;][vc_column width=&#8221;1\/2&#8243; css=&#8221;.vc_custom_1523876636651{margin-top: 15px !important;margin-right: 15px !important;margin-bottom: 15px !important;margin-left: 15px !important;border-top-width: 1px !important;border-right-width: 1px !important;border-bottom-width: 1px !important;border-left-width: 1px !important;padding-right: 30px !important;padding-left: 30px !important;border-left-color: #d3d4d6 !important;border-left-style: solid !important;border-right-color: #d3d4d6 !important;border-right-style: solid !important;border-top-color: #d3d4d6 !important;border-top-style: solid !important;border-bottom-color: #d3d4d6 !important;border-bottom-style: solid !important;}&#8221;][vc_column_text] Sebastian Komar Dyrektor ds. Sprzeda\u017cy System\u00f3w Jansen +48 22 5496 [&hellip;]<\/p>\n","protected":false},"author":763,"featured_media":0,"parent":12658,"menu_order":16,"comment_status":"closed","ping_status":"closed","template":"","meta":{"_acf_changed":false,"footnotes":""},"class_list":["post-5229","page","type-page","status-publish","hentry"],"acf":[],"yoast_head":"<!-- This site is optimized with the Yoast SEO plugin v27.0 - https:\/\/yoast.com\/product\/yoast-seo-wordpress\/ -->\n<title>Kontakt do dzia\u0142u Jansen - Konigstahl PL<\/title>\n<meta name=\"robots\" content=\"index, follow, max-snippet:-1, max-image-preview:large, max-video-preview:-1\" \/>\n<link rel=\"canonical\" href=\"https:\/\/www.koenigstahl.pl\/pl\/jansen\/kontakt\/\" \/>\n<meta property=\"og:locale\" content=\"pl_PL\" \/>\n<meta property=\"og:type\" content=\"article\" \/>\n<meta property=\"og:title\" content=\"Kontakt do dzia\u0142u Jansen - Konigstahl PL\" \/>\n<meta property=\"og:description\" content=\"[vc_row ct_full_width=&#8221;no&#8221; ct_padding=&#8221;u-no-space&#8221; equal_height=&#8221;yes&#8221; css=&#8221;.vc_custom_1523876589675{padding-top: 45px !important;}&#8221;][vc_column width=&#8221;1\/2&#8243; css=&#8221;.vc_custom_1523876636651{margin-top: 15px !important;margin-right: 15px !important;margin-bottom: 15px !important;margin-left: 15px !important;border-top-width: 1px !important;border-right-width: 1px !important;border-bottom-width: 1px !important;border-left-width: 1px !important;padding-right: 30px !important;padding-left: 30px !important;border-left-color: #d3d4d6 !important;border-left-style: solid !important;border-right-color: #d3d4d6 !important;border-right-style: solid !important;border-top-color: #d3d4d6 !important;border-top-style: solid !important;border-bottom-color: #d3d4d6 !important;border-bottom-style: solid !important;}&#8221;][vc_column_text] Sebastian Komar Dyrektor ds. Sprzeda\u017cy System\u00f3w Jansen +48 22 5496 [&hellip;]\" \/>\n<meta property=\"og:url\" content=\"https:\/\/www.koenigstahl.pl\/pl\/jansen\/kontakt\/\" \/>\n<meta property=\"og:site_name\" content=\"Konigstahl PL\" \/>\n<meta property=\"article:publisher\" content=\"https:\/\/www.facebook.com\/KonigStahl\" \/>\n<meta property=\"article:modified_time\" content=\"2026-04-02T10:43:10+00:00\" \/>\n<meta name=\"twitter:card\" content=\"summary_large_image\" \/>\n<meta name=\"twitter:label1\" content=\"Szacowany czas czytania\" \/>\n\t<meta name=\"twitter:data1\" content=\"2 minuty\" \/>\n<script type=\"application\/ld+json\" class=\"yoast-schema-graph\">{\"@context\":\"https:\/\/schema.org\",\"@graph\":[{\"@type\":\"WebPage\",\"@id\":\"https:\/\/www.koenigstahl.pl\/pl\/jansen\/kontakt\/\",\"url\":\"https:\/\/www.koenigstahl.pl\/pl\/jansen\/kontakt\/\",\"name\":\"Kontakt do dzia\u0142u Jansen - Konigstahl PL\",\"isPartOf\":{\"@id\":\"https:\/\/www.koenigstahl.pl\/pl\/#website\"},\"datePublished\":\"2018-04-16T10:08:35+00:00\",\"dateModified\":\"2026-04-02T10:43:10+00:00\",\"breadcrumb\":{\"@id\":\"https:\/\/www.koenigstahl.pl\/pl\/jansen\/kontakt\/#breadcrumb\"},\"inLanguage\":\"pl-PL\",\"potentialAction\":[{\"@type\":\"ReadAction\",\"target\":[\"https:\/\/www.koenigstahl.pl\/pl\/jansen\/kontakt\/\"]}]},{\"@type\":\"BreadcrumbList\",\"@id\":\"https:\/\/www.koenigstahl.pl\/pl\/jansen\/kontakt\/#breadcrumb\",\"itemListElement\":[{\"@type\":\"ListItem\",\"position\":1,\"name\":\"Home\",\"item\":\"https:\/\/www.koenigstahl.pl\/pl\/\"},{\"@type\":\"ListItem\",\"position\":2,\"name\":\"Jansen\",\"item\":\"https:\/\/www.koenigstahl.pl\/pl\/jansen\/\"},{\"@type\":\"ListItem\",\"position\":3,\"name\":\"Kontakt\"}]},{\"@type\":\"WebSite\",\"@id\":\"https:\/\/www.koenigstahl.pl\/pl\/#website\",\"url\":\"https:\/\/www.koenigstahl.pl\/pl\/\",\"name\":\"Konigstahl\",\"description\":\"Oferta firmy KONIGSTAHL obejmue profile stalowe, rury stalowe, pr\u0119ty ci\u0105gnione i walcowa, rury stalowe precyzyjne\",\"publisher\":{\"@id\":\"https:\/\/www.koenigstahl.pl\/pl\/#organization\"},\"potentialAction\":[{\"@type\":\"SearchAction\",\"target\":{\"@type\":\"EntryPoint\",\"urlTemplate\":\"https:\/\/www.koenigstahl.pl\/pl\/?s={search_term_string}\"},\"query-input\":{\"@type\":\"PropertyValueSpecification\",\"valueRequired\":true,\"valueName\":\"search_term_string\"}}],\"inLanguage\":\"pl-PL\"},{\"@type\":\"Organization\",\"@id\":\"https:\/\/www.koenigstahl.pl\/pl\/#organization\",\"name\":\"Konigstahl\",\"url\":\"https:\/\/www.koenigstahl.pl\/pl\/\",\"logo\":{\"@type\":\"ImageObject\",\"inLanguage\":\"pl-PL\",\"@id\":\"https:\/\/www.koenigstahl.pl\/pl\/#\/schema\/logo\/image\/\",\"url\":\"https:\/\/www.koenigstahl.pl\/pl\/wp-content\/uploads\/sites\/5\/2025\/02\/LOGO_KS_2025.png\",\"contentUrl\":\"https:\/\/www.koenigstahl.pl\/pl\/wp-content\/uploads\/sites\/5\/2025\/02\/LOGO_KS_2025.png\",\"width\":1639,\"height\":202,\"caption\":\"Konigstahl\"},\"image\":{\"@id\":\"https:\/\/www.koenigstahl.pl\/pl\/#\/schema\/logo\/image\/\"},\"sameAs\":[\"https:\/\/www.facebook.com\/KonigStahl\",\"https:\/\/www.instagram.com\/konig_stahl\/\",\"https:\/\/www.linkedin.com\/company\/knig-stahl-sp.-z-o.o.\/?viewAsMember=true\"]}]}<\/script>\n<!-- \/ Yoast SEO plugin. -->","yoast_head_json":{"title":"Kontakt do dzia\u0142u Jansen - Konigstahl PL","robots":{"index":"index","follow":"follow","max-snippet":"max-snippet:-1","max-image-preview":"max-image-preview:large","max-video-preview":"max-video-preview:-1"},"canonical":"https:\/\/www.koenigstahl.pl\/pl\/jansen\/kontakt\/","og_locale":"pl_PL","og_type":"article","og_title":"Kontakt do dzia\u0142u Jansen - Konigstahl PL","og_description":"[vc_row ct_full_width=&#8221;no&#8221; ct_padding=&#8221;u-no-space&#8221; equal_height=&#8221;yes&#8221; css=&#8221;.vc_custom_1523876589675{padding-top: 45px !important;}&#8221;][vc_column width=&#8221;1\/2&#8243; css=&#8221;.vc_custom_1523876636651{margin-top: 15px !important;margin-right: 15px !important;margin-bottom: 15px !important;margin-left: 15px !important;border-top-width: 1px !important;border-right-width: 1px !important;border-bottom-width: 1px !important;border-left-width: 1px !important;padding-right: 30px !important;padding-left: 30px !important;border-left-color: #d3d4d6 !important;border-left-style: solid !important;border-right-color: #d3d4d6 !important;border-right-style: solid !important;border-top-color: #d3d4d6 !important;border-top-style: solid !important;border-bottom-color: #d3d4d6 !important;border-bottom-style: solid !important;}&#8221;][vc_column_text] Sebastian Komar Dyrektor ds. Sprzeda\u017cy System\u00f3w Jansen +48 22 5496 [&hellip;]","og_url":"https:\/\/www.koenigstahl.pl\/pl\/jansen\/kontakt\/","og_site_name":"Konigstahl PL","article_publisher":"https:\/\/www.facebook.com\/KonigStahl","article_modified_time":"2026-04-02T10:43:10+00:00","twitter_card":"summary_large_image","twitter_misc":{"Szacowany czas czytania":"2 minuty"},"schema":{"@context":"https:\/\/schema.org","@graph":[{"@type":"WebPage","@id":"https:\/\/www.koenigstahl.pl\/pl\/jansen\/kontakt\/","url":"https:\/\/www.koenigstahl.pl\/pl\/jansen\/kontakt\/","name":"Kontakt do dzia\u0142u Jansen - Konigstahl PL","isPartOf":{"@id":"https:\/\/www.koenigstahl.pl\/pl\/#website"},"datePublished":"2018-04-16T10:08:35+00:00","dateModified":"2026-04-02T10:43:10+00:00","breadcrumb":{"@id":"https:\/\/www.koenigstahl.pl\/pl\/jansen\/kontakt\/#breadcrumb"},"inLanguage":"pl-PL","potentialAction":[{"@type":"ReadAction","target":["https:\/\/www.koenigstahl.pl\/pl\/jansen\/kontakt\/"]}]},{"@type":"BreadcrumbList","@id":"https:\/\/www.koenigstahl.pl\/pl\/jansen\/kontakt\/#breadcrumb","itemListElement":[{"@type":"ListItem","position":1,"name":"Home","item":"https:\/\/www.koenigstahl.pl\/pl\/"},{"@type":"ListItem","position":2,"name":"Jansen","item":"https:\/\/www.koenigstahl.pl\/pl\/jansen\/"},{"@type":"ListItem","position":3,"name":"Kontakt"}]},{"@type":"WebSite","@id":"https:\/\/www.koenigstahl.pl\/pl\/#website","url":"https:\/\/www.koenigstahl.pl\/pl\/","name":"Konigstahl","description":"Oferta firmy KONIGSTAHL obejmue profile stalowe, rury stalowe, pr\u0119ty ci\u0105gnione i walcowa, rury stalowe precyzyjne","publisher":{"@id":"https:\/\/www.koenigstahl.pl\/pl\/#organization"},"potentialAction":[{"@type":"SearchAction","target":{"@type":"EntryPoint","urlTemplate":"https:\/\/www.koenigstahl.pl\/pl\/?s={search_term_string}"},"query-input":{"@type":"PropertyValueSpecification","valueRequired":true,"valueName":"search_term_string"}}],"inLanguage":"pl-PL"},{"@type":"Organization","@id":"https:\/\/www.koenigstahl.pl\/pl\/#organization","name":"Konigstahl","url":"https:\/\/www.koenigstahl.pl\/pl\/","logo":{"@type":"ImageObject","inLanguage":"pl-PL","@id":"https:\/\/www.koenigstahl.pl\/pl\/#\/schema\/logo\/image\/","url":"https:\/\/www.koenigstahl.pl\/pl\/wp-content\/uploads\/sites\/5\/2025\/02\/LOGO_KS_2025.png","contentUrl":"https:\/\/www.koenigstahl.pl\/pl\/wp-content\/uploads\/sites\/5\/2025\/02\/LOGO_KS_2025.png","width":1639,"height":202,"caption":"Konigstahl"},"image":{"@id":"https:\/\/www.koenigstahl.pl\/pl\/#\/schema\/logo\/image\/"},"sameAs":["https:\/\/www.facebook.com\/KonigStahl","https:\/\/www.instagram.com\/konig_stahl\/","https:\/\/www.linkedin.com\/company\/knig-stahl-sp.-z-o.o.\/?viewAsMember=true"]}]}},"_links":{"self":[{"href":"https:\/\/www.koenigstahl.pl\/pl\/wp-json\/wp\/v2\/pages\/5229","targetHints":{"allow":["GET"]}}],"collection":[{"href":"https:\/\/www.koenigstahl.pl\/pl\/wp-json\/wp\/v2\/pages"}],"about":[{"href":"https:\/\/www.koenigstahl.pl\/pl\/wp-json\/wp\/v2\/types\/page"}],"author":[{"embeddable":true,"href":"https:\/\/www.koenigstahl.pl\/pl\/wp-json\/wp\/v2\/users\/763"}],"replies":[{"embeddable":true,"href":"https:\/\/www.koenigstahl.pl\/pl\/wp-json\/wp\/v2\/comments?post=5229"}],"version-history":[{"count":12,"href":"https:\/\/www.koenigstahl.pl\/pl\/wp-json\/wp\/v2\/pages\/5229\/revisions"}],"predecessor-version":[{"id":15295,"href":"https:\/\/www.koenigstahl.pl\/pl\/wp-json\/wp\/v2\/pages\/5229\/revisions\/15295"}],"up":[{"embeddable":true,"href":"https:\/\/www.koenigstahl.pl\/pl\/wp-json\/wp\/v2\/pages\/12658"}],"wp:attachment":[{"href":"https:\/\/www.koenigstahl.pl\/pl\/wp-json\/wp\/v2\/media?parent=5229"}],"curies":[{"name":"wp","href":"https:\/\/api.w.org\/{rel}","templated":true}]}}