{"id":63,"date":"2017-10-25T13:44:10","date_gmt":"2017-10-25T11:44:10","guid":{"rendered":"https:\/\/www.koenigstahl.pl\/pl\/?page_id=63"},"modified":"2025-06-18T12:20:38","modified_gmt":"2025-06-18T10:20:38","slug":"uslugi","status":"publish","type":"page","link":"https:\/\/www.koenigstahl.pl\/pl\/uslugi\/","title":{"rendered":"Us\u0142ugi"},"content":{"rendered":"[vc_row ct_full_width=&#8221;no&#8221; ct_padding=&#8221;u-no-space&#8221;][vc_column width=&#8221;1\/12&#8243;][\/vc_column][vc_column width=&#8221;10\/12&#8243;][vc_column_text]\n<p style=\"text-align: center; font-size: 24px; line-height: 32px; font-weight: bold; color: #021741;\"><span lang=\"pl\"> Potrzeby s\u0105 r\u00f3\u017cne, my oferujemy rozwi\u0105zanie dla ka\u017cdej z nich.<\/span> \n[\/vc_column_text][\/vc_column][vc_column width=&#8221;1\/12&#8243;][\/vc_column][\/vc_row][vc_row ct_full_width=&#8221;no&#8221; ct_padding=&#8221;u-no-space&#8221;][vc_column width=&#8221;1\/12&#8243;][vc_column_text][\/vc_column_text][\/vc_column][vc_column width=&#8221;10\/12&#8243;][vc_column_text]\n<p style=\"text-align: center;\">Oferujemy naszym klientom kompleksowy zakres us\u0142ug, od dedykowanych zam\u00f3wie\u0144 materia\u0142owych, poprzez zapewnienie \u00a0dost\u0119pno\u015bci w naszych rozproszone lokalizacjach magazynowych, a\u017c po dostaw\u0119 pod podany adres w oczekiwanym terminie. \n[\/vc_column_text][\/vc_column][vc_column width=&#8221;1\/12&#8243;][\/vc_column][\/vc_row][vc_row ct_full_width=&#8221;no&#8221; ct_padding=&#8221;u-no-space&#8221;][vc_column width=&#8221;5\/12&#8243;][vc_video link=&#8221;https:\/\/www.youtube.com\/watch?v=nh6PMcTMmaA&#8221;][\/vc_column][vc_column width=&#8221;7\/12&#8243;][vc_column_text]\n<p style=\"text-align: left;\">Bierzemy na siebie proces kontroli jako\u015bci w \u0142a\u0144cuchu dostaw, pocz\u0105wszy od najmniejszych partii a\u017c po kompletne specyfikacje. Na \u017cyczenie naszych klient\u00f3w oferujemy r\u00f3wnie\u017c wst\u0119pne przetwarzanie i prefabrykacj\u0119 za po\u015brednictwem naszych w\u0142asnych i zewn\u0119trznych centr\u00f3w serwisowych. \n<p style=\"text-align: left;\">\u0141\u0105czymy poszczeg\u00f3lne us\u0142ugi w ramach naszych nast\u0119puj\u0105cych rodzaj\u00f3w dzia\u0142alno\u015bci: <strong>SOURCING<\/strong>, <strong>SUPPLY<\/strong> i <strong>SHAPING<\/strong>. \n[\/vc_column_text][vc_btn title=&#8221;Broszura: Centrum Serwisowe&#8221; style=&#8221;outline-custom&#8221; outline_custom_color=&#8221;#21314d&#8221; outline_custom_hover_background=&#8221;#21314d&#8221; outline_custom_hover_text=&#8221;#ffffff&#8221; i_align=&#8221;right&#8221; i_icon_fontawesome=&#8221;&#8221; css=&#8221;&#8221; add_icon=&#8221;true&#8221; link=&#8221;url:https%3A%2F%2Fwww.koenigstahl.pl%2Fpl%2Fwp-content%2Fuploads%2Fsites%2F5%2F2025%2F06%2FProspekt-wizerunkowy_Centrum-Serwisowe.pdf&#8221;][\/vc_column][\/vc_row][vc_row ct_full_width=&#8221;true&#8221; ct_padding=&#8221;u-no-space&#8221; el_class=&#8221;ct_mobile__fullwidth&#8221;][vc_column][vc_tta_tabs style=&#8221;flat&#8221; color=&#8221;white&#8221; alignment=&#8221;center&#8221; active_section=&#8221;1&#8243;][vc_tta_section title=&#8221;Shaping (serwis ci\u0119cia\/laserowa obr\u00f3bka rur)&#8221; tab_id=&#8221;Shaping&#8221;][vc_row_inner css=&#8221;.vc_custom_1515770991683{margin-top: 40px !important;padding-top: 50px !important;padding-bottom: 60px !important;background-color: #f2f2f2 !important;}&#8221; el_class=&#8221;rel&#8221;][vc_column_inner width=&#8221;2\/12&#8243;][\/vc_column_inner][vc_column_inner width=&#8221;5\/12&#8243;][vc_column_text css=&#8221;.vc_custom_1547747042655{border-radius: 1px !important;}&#8221;]\n<h2>CI\u0118CIE<\/h2>\n<p>Dzi\u0119ki naszej us\u0142udze ci\u0119cia pomagamy zapobiec powstawaniu generuj\u0105cych koszty resztek i z\u0142omu. Korzystaj\u0105c z najnowocze\u015bniejszych wydajnych pi\u0142 ta\u015bmowych, mo\u017cemy na \u017cyczenie wykona\u0107 ci\u0119cia na wymiar \u015bcis\u0142y, ci\u0119cia k\u0105towe (o pojedynczym i podw\u00f3jnym skosie), a tak\u017ce wesprze\u0107 Pa\u0144stwa w ci\u0119ciach seryjnych. \n<p><strong>Korzy\u015bci dla Pa\u0144stwa:<\/strong> \n<ul>\n<li>U\u0142atwienie operowaniem materia\u0142ami d\u0142ugimi.<\/li>\n<li>Optymalizacja wykorzystania materia\u0142\u00f3w.<\/li>\n<li>Przeniesienie ryzyka zwi\u0105zanego z b\u0142\u0119dem ci\u0119cia materia\u0142u na nas.<\/li>\n<\/ul>\n<p>Przyspieszenie uko\u0144czenia projektu dzi\u0119ki dostawie materia\u0142\u00f3w we w\u0142a\u015bciwych d\u0142ugo\u015bciach w systemie JUST IN TIME[\/vc_column_text][vc_btn title=&#8221;Broszura: ci\u0119cie&#8221; style=&#8221;outline-custom&#8221; outline_custom_color=&#8221;#21314d&#8221; outline_custom_hover_background=&#8221;#21314d&#8221; outline_custom_hover_text=&#8221;#ffffff&#8221; i_align=&#8221;right&#8221; i_icon_fontawesome=&#8221;&#8221; css=&#8221;&#8221; add_icon=&#8221;true&#8221; link=&#8221;url:https%3A%2F%2Fwww.koenigstahl.pl%2Fpl%2Fwp-content%2Fuploads%2Fsites%2F5%2F2025%2F03%2FCiecie-proste-i-pod-katem.pdf&#8221;][\/vc_column_inner][vc_column_inner width=&#8221;5\/12&#8243; css=&#8221;.vc_custom_1513248071493{padding-right: 20px !important;}&#8221;][vc_video link=&#8221;https:\/\/www.youtube.com\/watch?v=GPXGBHQEM1s&#8221; el_width=&#8221;80&#8243;][\/vc_column_inner][\/vc_row_inner][vc_row_inner css=&#8221;.vc_custom_1515770991683{margin-top: 40px !important;padding-top: 50px !important;padding-bottom: 60px !important;background-color: #f2f2f2 !important;}&#8221; el_class=&#8221;rel&#8221;][vc_column_inner width=&#8221;2\/12&#8243;][\/vc_column_inner][vc_column_inner width=&#8221;5\/12&#8243;][vc_video link=&#8221;https:\/\/www.youtube.com\/watch?v=vASamiDND_g&#8221; el_width=&#8221;80&#8243;][vc_btn title=&#8221;Broszura obr\u00f3bka laserowa&#8221; style=&#8221;outline-custom&#8221; outline_custom_color=&#8221;#000349&#8243; outline_custom_hover_background=&#8221;#000951&#8243; outline_custom_hover_text=&#8221;#ffffff&#8221; i_align=&#8221;right&#8221; i_icon_fontawesome=&#8221;fa fa-arrow-right&#8221; add_icon=&#8221;true&#8221; link=&#8221;url:https%3A%2F%2Fwww.koenigstahl.pl%2Fpl%2Fwp-content%2Fuploads%2Fsites%2F5%2F2019%2F07%2FKOENIGSTAHL-Ulotka-A4-Laser.pdf|||&#8221;][\/vc_column_inner][vc_column_inner width=&#8221;5\/12&#8243;][vc_column_text]\n<h2>LASEROWA OBR\u00d3BKA RUR I PROFILI<\/h2>\n<p>Dzi\u0119ki inwestycji w nowoczesn\u0105 maszyn\u0119 do <a href=\"https:\/\/www.koenigstahl.pl\/pl\/ciecie-laserowe-3d\/\">ci\u0119cia laserowego w 3D<\/a>, oferujemy us\u0142uge ci\u0119cia rur, profili, a tak\u017ce kszta\u0142townik\u00f3w otwartych. Najnowocze\u015bniejsze rozwi\u0105zania techniczne umo\u017cliwiaj\u0105 wycinanie skomplikowanych kszta\u0142t\u00f3w, jak r\u00f3wnie\u017c ci\u0119cie pod ustalonym k\u0105tem. \n<p>Nasz nowy laser 3D umo\u017cliwia obr\u00f3bk\u0119 materia\u0142u do 406 mm \u015brednicy ( okr\u0119gu opisanego) i d\u0142ugo\u015bci do 12,5m. \n<p><strong>Zalety ci\u0119cia laserowego:<\/strong> \n<ul>\n<li>Mo\u017cliwo\u015b\u0107 wykonania wielu operacji technologicznych.<\/li>\n<li>Wysoka dok\u0142adno\u015b\u0107 pomiarowa oraz bardzo dobra jako\u015b\u0107 ci\u0119tych kraw\u0119dzi.<\/li>\n<li>MInimalne odksztalcenia termiczne ci\u0119tych element\u00f3w ( bardzo w\u0105ska strefa wp\u0142ywu ciep\u0142a).<\/li>\n<li>Lepsza jako\u015b\u0107 spawania dzi\u0119ki zoptymalizowanym fazom dlapo\u0142\u0105cze\u0144 spawanych.<\/li>\n<li>Mo\u017cliwo\u015b\u0107 wykonania dowolnych oznaczen ( grawer ).<\/li>\n<li>Wysokie pr\u0119dko\u015bci ci\u0119cia.<\/li>\n<li>Redukcja koszt\u00f3w materia\u0142owych oraz operacji logistycznych<\/li>\n<\/ul>\n[\/vc_column_text][\/vc_column_inner][\/vc_row_inner][\/vc_tta_section][vc_tta_section title=&#8221;Sourcing (zakupy dedykowane)&#8221; tab_id=&#8221;sourcing&#8221;][vc_column_text]\n<p style=\"text-align: center;\"><strong>Zoptymalizowany zakup produkt\u00f3w stalowych na projekty i zam\u00f3wienia w ilo\u015bciach produkcyjnych ( zakup dedykowany )\u00a0<\/strong> \n[\/vc_column_text][vc_row_inner el_class=&#8221;container&#8221;][vc_column_inner width=&#8221;5\/12&#8243;][vc_single_image image=&#8221;2156&#8243; img_size=&#8221;full&#8221;][\/vc_column_inner][vc_column_inner width=&#8221;7\/12&#8243;][vc_column_text]Bierzemy na siebie wyszukiwanie i dob\u00f3r odpowiednich dostawc\u00f3w oraz zakup niezb\u0119dnych materia\u0142\u00f3w. \n<p><strong>W firmie K\u00d6NIG STAHL maj\u0105 Pa\u0144stwo dobrze sobie znan\u0105 osob\u0119 kontaktow\u0105.<\/strong> \n<p>Jeste\u015bmy do Pa\u0144stwa dyspozycji podczas ca\u0142ego procesu zakupowego. W ten spos\u00f3b mo\u017cemy spe\u0142ni\u0107 Pa\u0144stwa wymagania dotycz\u0105ce jako\u015bci materia\u0142\u00f3w, dostaw i termin\u00f3w, niezale\u017cnie od tego, czy jest to projekt w Europie, czy poza ni\u0105.[\/vc_column_text][\/vc_column_inner][\/vc_row_inner][\/vc_tta_section][vc_tta_section title=&#8221;Supply (oferta magazynowa)&#8221; tab_id=&#8221;1512563646000-123e3c7a-022d&#8221;][vc_column_text]\n<p style=\"text-align: center;\"><strong>Pa\u0144stwa\u00a0 magazyn surowc\u00f3w \u00a0w najlepszych r\u0119kach. Dostawy just in time z naszych magazyn\u00f3w.<\/strong> \n[\/vc_column_text][vc_row_inner css=&#8221;.vc_custom_1518174706334{padding-top: 40px !important;padding-bottom: 40px !important;}&#8221; el_class=&#8221;container&#8221;][vc_column_inner width=&#8221;5\/12&#8243;][vc_single_image image=&#8221;2166&#8243; img_size=&#8221;full&#8221;][\/vc_column_inner][vc_column_inner width=&#8221;7\/12&#8243;][vc_column_text]Maj\u0105c <strong>jeden z najwi\u0119kszych magazyn\u00f3w w Polsce<\/strong> mo\u017cemy zapewni\u0107 Pa\u0144stwu szybk\u0105 dost\u0119pno\u015b\u0107 wymaganego towaru. Z naszych magazyn\u00f3w dostarczamy Pa\u0144stwu wymagane ilo\u015bci. Bierzemy na siebie indywidualne konfekcjonowanie w wi\u0105zki zgodnie z Pa\u0144stwa specyfikacj\u0105, pakowanie i znakowanie. \n<p>Tak samo jest z dostaw\u0105 towar\u00f3w \u2013 transporty realizowane przez naszych Partner\u00f3w nawet <strong>kilka razy w tygodniu w Pa\u0144stwa okolice<\/strong>.[\/vc_column_text][vc_btn title=&#8221;Broszura og\u00f3lna&#8221; style=&#8221;outline-custom&#8221; outline_custom_color=&#8221;#001638&#8243; outline_custom_hover_background=&#8221;#011033&#8243; outline_custom_hover_text=&#8221;#ffffff&#8221; i_align=&#8221;right&#8221; i_icon_fontawesome=&#8221;fa fa-arrow-right&#8221; add_icon=&#8221;true&#8221; link=&#8221;url:https%3A%2F%2Fwww.koenigstahl.pl%2Fpl%2Fwp-content%2Fuploads%2Fsites%2F5%2F2018%2F07%2FFolder_NEW_02-2018_net.pdf|||&#8221;][\/vc_column_inner][\/vc_row_inner][vc_row_inner css=&#8221;.vc_custom_1515598971411{padding-top: 40px !important;padding-bottom: 40px !important;background-color: #f2f2f2 !important;}&#8221;][vc_column_inner width=&#8221;2\/12&#8243;][\/vc_column_inner][vc_column_inner width=&#8221;5\/12&#8243;][vc_column_text]\n<h2>ZAM\u00d3WIENIA RAMOWE<\/h2>\n<p>W przypadku regularnego zapotrzebowania na powtarzaj\u0105ce si\u0119 specyfikacje materia\u0142owe, ch\u0119tnie zawieramy umowy ramowe na czas okre\u015blony. Odpowiednie ilo\u015bci s\u0105 dla Pa\u0144stwa rezerwowane i dost\u0119pne od r\u0119ki. \n<p>Uzgodniona cena zakupu oznacza <strong>dodatkowe zabezpieczenie finansowe dla Pa\u0144stwa firmy<\/strong>. \n[\/vc_column_text][vc_btn title=&#8221;Broszura: profile prostok\u0105tne i kwadratowe&#8221; style=&#8221;outline-custom&#8221; outline_custom_color=&#8221;rgba(0,8,48,0.83)&#8221; outline_custom_hover_background=&#8221;rgba(0,7,66,0.93)&#8221; outline_custom_hover_text=&#8221;#ffffff&#8221; i_align=&#8221;right&#8221; i_icon_fontawesome=&#8221;fa fa-arrow-right&#8221; add_icon=&#8221;true&#8221; link=&#8221;url:https%3A%2F%2Fwww.koenigstahl.pl%2Fpl%2Fwp-content%2Fuploads%2Fsites%2F5%2F2018%2F03%2FBroszura-profile-prostok%C4%85tne-i-kwadratowe.pdf|||&#8221;][\/vc_column_inner][vc_column_inner width=&#8221;5\/12&#8243;][vc_single_image image=&#8221;977&#8243; img_size=&#8221;full&#8221;][\/vc_column_inner][\/vc_row_inner][vc_row_inner css=&#8221;.vc_custom_1518174937789{padding-top: 40px !important;padding-bottom: 40px !important;}&#8221; el_class=&#8221;container&#8221;][vc_column_inner width=&#8221;5\/12&#8243;][vc_single_image image=&#8221;301&#8243; img_size=&#8221;full&#8221;][\/vc_column_inner][vc_column_inner width=&#8221;7\/12&#8243;][vc_column_text css=&#8221;.vc_custom_1547747018975{border-radius: 1px !important;}&#8221;]\n<h2>CI\u0118CIE<\/h2>\n<p>Dzi\u0119ki naszej us\u0142udze ci\u0119cia pomagamy zapobiec powstawaniu generuj\u0105cych koszty resztek i z\u0142omu. Korzystaj\u0105c z najnowocze\u015bniejszych wydajnych pi\u0142 ta\u015bmowych, mo\u017cemy na \u017cyczenie wykona\u0107 ci\u0119cia na wymiar \u015bcis\u0142y, ci\u0119cia k\u0105towe (o pojedynczym i podw\u00f3jnym skosie), a tak\u017ce wesprze\u0107 Pa\u0144stwa w ci\u0119ciach seryjnych. \n<p><strong>Korzy\u015bci dla Pa\u0144stwa:<\/strong> \n<ul>\n<li>U\u0142atwienie operowaniem materia\u0142ami d\u0142ugimi.<\/li>\n<li>Optymalizacja wykorzystania materia\u0142\u00f3w.<\/li>\n<li>Przeniesienie ryzyka zwi\u0105zanego z b\u0142\u0119dem ci\u0119cia materia\u0142u na nas.<\/li>\n<\/ul>\n<p>Przyspieszenie uko\u0144czenia projektu dzi\u0119ki dostawie materia\u0142\u00f3w we w\u0142a\u015bciwych d\u0142ugo\u015bciach w systemie JUST IN TIME[\/vc_column_text][vc_btn title=&#8221;Broszura: ci\u0119cie&#8221; style=&#8221;outline-custom&#8221; outline_custom_color=&#8221;#21314d&#8221; outline_custom_hover_background=&#8221;#21314d&#8221; outline_custom_hover_text=&#8221;#ffffff&#8221; i_align=&#8221;right&#8221; i_icon_fontawesome=&#8221;fa fa-long-arrow-right&#8221; add_icon=&#8221;true&#8221; link=&#8221;url:https%3A%2F%2Fwww.koenigstahl.pl%2Fpl%2Fwp-content%2Fuploads%2Fsites%2F5%2F2018%2F03%2FBroszura-ci%C4%99cie-proste-i-pod-k%C4%85tem-rur-profili-oraz-pr%C4%99t%C3%B3w.pdf|||&#8221; el_class=&#8221;btn-download&#8221;][\/vc_column_inner][\/vc_row_inner][\/vc_tta_section][\/vc_tta_tabs][vc_row_inner][vc_column_inner width=&#8221;1\/4&#8243;][vc_column_text]\n<div class=\"wpb_column vc_column_container vc_col-sm-7\">\n<div class=\"vc_column-inner \">\n<div class=\"wpb_wrapper\">\n<div class=\"wpb_text_column wpb_content_element \">\n<div class=\"wpb_wrapper\"><\/div>\n<p>&nbsp; \n<\/div>\n<\/div>\n<\/div>\n<\/div>\n[\/vc_column_text][\/vc_column_inner][vc_column_inner width=&#8221;1\/2&#8243;][vc_video link=&#8221;https:\/\/www.youtube.com\/watch?v=57zEbQW2s5Q&amp;list=PL1m1gQTtNM4KsR0SfkgvM7yHa507kVO-7&amp;index=2&amp;t=0s&#8221;][\/vc_column_inner][vc_column_inner width=&#8221;1\/4&#8243;][\/vc_column_inner][\/vc_row_inner][\/vc_column][\/vc_row]\n","protected":false},"excerpt":{"rendered":"<p>[vc_row ct_full_width=&#8221;no&#8221; ct_padding=&#8221;u-no-space&#8221;][vc_column width=&#8221;1\/12&#8243;][\/vc_column][vc_column width=&#8221;10\/12&#8243;][vc_column_text] Potrzeby s\u0105 r\u00f3\u017cne, my oferujemy rozwi\u0105zanie dla ka\u017cdej z nich. [\/vc_column_text][\/vc_column][vc_column width=&#8221;1\/12&#8243;][\/vc_column][\/vc_row][vc_row ct_full_width=&#8221;no&#8221; ct_padding=&#8221;u-no-space&#8221;][vc_column width=&#8221;1\/12&#8243;][vc_column_text][\/vc_column_text][\/vc_column][vc_column width=&#8221;10\/12&#8243;][vc_column_text] Oferujemy naszym klientom kompleksowy zakres us\u0142ug, od dedykowanych zam\u00f3wie\u0144 materia\u0142owych, poprzez zapewnienie \u00a0dost\u0119pno\u015bci w naszych rozproszone lokalizacjach magazynowych, a\u017c po dostaw\u0119 pod podany adres w oczekiwanym terminie. [\/vc_column_text][\/vc_column][vc_column width=&#8221;1\/12&#8243;][\/vc_column][\/vc_row][vc_row ct_full_width=&#8221;no&#8221; ct_padding=&#8221;u-no-space&#8221;][vc_column width=&#8221;5\/12&#8243;][vc_video link=&#8221;https:\/\/www.youtube.com\/watch?v=nh6PMcTMmaA&#8221;][\/vc_column][vc_column width=&#8221;7\/12&#8243;][vc_column_text] [&hellip;]<\/p>\n","protected":false},"author":763,"featured_media":0,"parent":0,"menu_order":51,"comment_status":"closed","ping_status":"closed","template":"","meta":{"_acf_changed":false,"footnotes":""},"class_list":["post-63","page","type-page","status-publish","hentry"],"acf":[],"yoast_head":"<!-- This site is optimized with the Yoast SEO plugin v27.0 - https:\/\/yoast.com\/product\/yoast-seo-wordpress\/ -->\n<title>Us\u0142ugi magazynowania, dostaw i prefabrykacji wyrob\u00f3w hutniczych<\/title>\n<meta name=\"description\" content=\"Oferujemy naszym klientom kompleksowy zakres us\u0142ug, od dedykowanych zam\u00f3wie\u0144 materia\u0142owych, poprzez zapewnienie dost\u0119pno\u015bci w naszych rozproszone lokalizacjach magazynowych, a\u017c po dostaw\u0119 pod podany adres w oczekiwanym terminie.\" \/>\n<meta name=\"robots\" content=\"index, follow, max-snippet:-1, max-image-preview:large, max-video-preview:-1\" \/>\n<link rel=\"canonical\" href=\"https:\/\/www.koenigstahl.pl\/pl\/uslugi\/\" \/>\n<meta property=\"og:locale\" content=\"pl_PL\" \/>\n<meta property=\"og:type\" content=\"article\" \/>\n<meta property=\"og:title\" content=\"Us\u0142ugi magazynowania, dostaw i prefabrykacji wyrob\u00f3w hutniczych\" \/>\n<meta property=\"og:description\" content=\"Oferujemy naszym klientom kompleksowy zakres us\u0142ug, od dedykowanych zam\u00f3wie\u0144 materia\u0142owych, poprzez zapewnienie dost\u0119pno\u015bci w naszych rozproszone lokalizacjach magazynowych, a\u017c po dostaw\u0119 pod podany adres w oczekiwanym terminie.\" \/>\n<meta property=\"og:url\" content=\"https:\/\/www.koenigstahl.pl\/pl\/uslugi\/\" \/>\n<meta property=\"og:site_name\" content=\"Konigstahl PL\" \/>\n<meta property=\"article:publisher\" content=\"https:\/\/www.facebook.com\/KonigStahl\" \/>\n<meta property=\"article:modified_time\" content=\"2025-06-18T10:20:38+00:00\" \/>\n<meta name=\"twitter:card\" content=\"summary_large_image\" \/>\n<meta name=\"twitter:label1\" content=\"Szacowany czas czytania\" \/>\n\t<meta name=\"twitter:data1\" content=\"6 minut\" \/>\n<script type=\"application\/ld+json\" class=\"yoast-schema-graph\">{\"@context\":\"https:\/\/schema.org\",\"@graph\":[{\"@type\":\"WebPage\",\"@id\":\"https:\/\/www.koenigstahl.pl\/pl\/uslugi\/\",\"url\":\"https:\/\/www.koenigstahl.pl\/pl\/uslugi\/\",\"name\":\"Us\u0142ugi magazynowania, dostaw i prefabrykacji wyrob\u00f3w hutniczych\",\"isPartOf\":{\"@id\":\"https:\/\/www.koenigstahl.pl\/pl\/#website\"},\"datePublished\":\"2017-10-25T11:44:10+00:00\",\"dateModified\":\"2025-06-18T10:20:38+00:00\",\"description\":\"Oferujemy naszym klientom kompleksowy zakres us\u0142ug, od dedykowanych zam\u00f3wie\u0144 materia\u0142owych, poprzez zapewnienie dost\u0119pno\u015bci w naszych rozproszone lokalizacjach magazynowych, a\u017c po dostaw\u0119 pod podany adres w oczekiwanym terminie.\",\"breadcrumb\":{\"@id\":\"https:\/\/www.koenigstahl.pl\/pl\/uslugi\/#breadcrumb\"},\"inLanguage\":\"pl-PL\",\"potentialAction\":[{\"@type\":\"ReadAction\",\"target\":[\"https:\/\/www.koenigstahl.pl\/pl\/uslugi\/\"]}]},{\"@type\":\"BreadcrumbList\",\"@id\":\"https:\/\/www.koenigstahl.pl\/pl\/uslugi\/#breadcrumb\",\"itemListElement\":[{\"@type\":\"ListItem\",\"position\":1,\"name\":\"Home\",\"item\":\"https:\/\/www.koenigstahl.pl\/pl\/\"},{\"@type\":\"ListItem\",\"position\":2,\"name\":\"Us\u0142ugi\"}]},{\"@type\":\"WebSite\",\"@id\":\"https:\/\/www.koenigstahl.pl\/pl\/#website\",\"url\":\"https:\/\/www.koenigstahl.pl\/pl\/\",\"name\":\"Konigstahl\",\"description\":\"Oferta firmy KONIGSTAHL obejmue profile stalowe, rury stalowe, pr\u0119ty ci\u0105gnione i walcowa, rury stalowe precyzyjne\",\"publisher\":{\"@id\":\"https:\/\/www.koenigstahl.pl\/pl\/#organization\"},\"potentialAction\":[{\"@type\":\"SearchAction\",\"target\":{\"@type\":\"EntryPoint\",\"urlTemplate\":\"https:\/\/www.koenigstahl.pl\/pl\/?s={search_term_string}\"},\"query-input\":{\"@type\":\"PropertyValueSpecification\",\"valueRequired\":true,\"valueName\":\"search_term_string\"}}],\"inLanguage\":\"pl-PL\"},{\"@type\":\"Organization\",\"@id\":\"https:\/\/www.koenigstahl.pl\/pl\/#organization\",\"name\":\"Konigstahl\",\"url\":\"https:\/\/www.koenigstahl.pl\/pl\/\",\"logo\":{\"@type\":\"ImageObject\",\"inLanguage\":\"pl-PL\",\"@id\":\"https:\/\/www.koenigstahl.pl\/pl\/#\/schema\/logo\/image\/\",\"url\":\"https:\/\/www.koenigstahl.pl\/pl\/wp-content\/uploads\/sites\/5\/2025\/02\/LOGO_KS_2025.png\",\"contentUrl\":\"https:\/\/www.koenigstahl.pl\/pl\/wp-content\/uploads\/sites\/5\/2025\/02\/LOGO_KS_2025.png\",\"width\":1639,\"height\":202,\"caption\":\"Konigstahl\"},\"image\":{\"@id\":\"https:\/\/www.koenigstahl.pl\/pl\/#\/schema\/logo\/image\/\"},\"sameAs\":[\"https:\/\/www.facebook.com\/KonigStahl\",\"https:\/\/www.instagram.com\/konig_stahl\/\",\"https:\/\/www.linkedin.com\/company\/knig-stahl-sp.-z-o.o.\/?viewAsMember=true\"]}]}<\/script>\n<!-- \/ Yoast SEO plugin. -->","yoast_head_json":{"title":"Us\u0142ugi magazynowania, dostaw i prefabrykacji wyrob\u00f3w hutniczych","description":"Oferujemy naszym klientom kompleksowy zakres us\u0142ug, od dedykowanych zam\u00f3wie\u0144 materia\u0142owych, poprzez zapewnienie dost\u0119pno\u015bci w naszych rozproszone lokalizacjach magazynowych, a\u017c po dostaw\u0119 pod podany adres w oczekiwanym terminie.","robots":{"index":"index","follow":"follow","max-snippet":"max-snippet:-1","max-image-preview":"max-image-preview:large","max-video-preview":"max-video-preview:-1"},"canonical":"https:\/\/www.koenigstahl.pl\/pl\/uslugi\/","og_locale":"pl_PL","og_type":"article","og_title":"Us\u0142ugi magazynowania, dostaw i prefabrykacji wyrob\u00f3w hutniczych","og_description":"Oferujemy naszym klientom kompleksowy zakres us\u0142ug, od dedykowanych zam\u00f3wie\u0144 materia\u0142owych, poprzez zapewnienie dost\u0119pno\u015bci w naszych rozproszone lokalizacjach magazynowych, a\u017c po dostaw\u0119 pod podany adres w oczekiwanym terminie.","og_url":"https:\/\/www.koenigstahl.pl\/pl\/uslugi\/","og_site_name":"Konigstahl PL","article_publisher":"https:\/\/www.facebook.com\/KonigStahl","article_modified_time":"2025-06-18T10:20:38+00:00","twitter_card":"summary_large_image","twitter_misc":{"Szacowany czas czytania":"6 minut"},"schema":{"@context":"https:\/\/schema.org","@graph":[{"@type":"WebPage","@id":"https:\/\/www.koenigstahl.pl\/pl\/uslugi\/","url":"https:\/\/www.koenigstahl.pl\/pl\/uslugi\/","name":"Us\u0142ugi magazynowania, dostaw i prefabrykacji wyrob\u00f3w hutniczych","isPartOf":{"@id":"https:\/\/www.koenigstahl.pl\/pl\/#website"},"datePublished":"2017-10-25T11:44:10+00:00","dateModified":"2025-06-18T10:20:38+00:00","description":"Oferujemy naszym klientom kompleksowy zakres us\u0142ug, od dedykowanych zam\u00f3wie\u0144 materia\u0142owych, poprzez zapewnienie dost\u0119pno\u015bci w naszych rozproszone lokalizacjach magazynowych, a\u017c po dostaw\u0119 pod podany adres w oczekiwanym terminie.","breadcrumb":{"@id":"https:\/\/www.koenigstahl.pl\/pl\/uslugi\/#breadcrumb"},"inLanguage":"pl-PL","potentialAction":[{"@type":"ReadAction","target":["https:\/\/www.koenigstahl.pl\/pl\/uslugi\/"]}]},{"@type":"BreadcrumbList","@id":"https:\/\/www.koenigstahl.pl\/pl\/uslugi\/#breadcrumb","itemListElement":[{"@type":"ListItem","position":1,"name":"Home","item":"https:\/\/www.koenigstahl.pl\/pl\/"},{"@type":"ListItem","position":2,"name":"Us\u0142ugi"}]},{"@type":"WebSite","@id":"https:\/\/www.koenigstahl.pl\/pl\/#website","url":"https:\/\/www.koenigstahl.pl\/pl\/","name":"Konigstahl","description":"Oferta firmy KONIGSTAHL obejmue profile stalowe, rury stalowe, pr\u0119ty ci\u0105gnione i walcowa, rury stalowe precyzyjne","publisher":{"@id":"https:\/\/www.koenigstahl.pl\/pl\/#organization"},"potentialAction":[{"@type":"SearchAction","target":{"@type":"EntryPoint","urlTemplate":"https:\/\/www.koenigstahl.pl\/pl\/?s={search_term_string}"},"query-input":{"@type":"PropertyValueSpecification","valueRequired":true,"valueName":"search_term_string"}}],"inLanguage":"pl-PL"},{"@type":"Organization","@id":"https:\/\/www.koenigstahl.pl\/pl\/#organization","name":"Konigstahl","url":"https:\/\/www.koenigstahl.pl\/pl\/","logo":{"@type":"ImageObject","inLanguage":"pl-PL","@id":"https:\/\/www.koenigstahl.pl\/pl\/#\/schema\/logo\/image\/","url":"https:\/\/www.koenigstahl.pl\/pl\/wp-content\/uploads\/sites\/5\/2025\/02\/LOGO_KS_2025.png","contentUrl":"https:\/\/www.koenigstahl.pl\/pl\/wp-content\/uploads\/sites\/5\/2025\/02\/LOGO_KS_2025.png","width":1639,"height":202,"caption":"Konigstahl"},"image":{"@id":"https:\/\/www.koenigstahl.pl\/pl\/#\/schema\/logo\/image\/"},"sameAs":["https:\/\/www.facebook.com\/KonigStahl","https:\/\/www.instagram.com\/konig_stahl\/","https:\/\/www.linkedin.com\/company\/knig-stahl-sp.-z-o.o.\/?viewAsMember=true"]}]}},"_links":{"self":[{"href":"https:\/\/www.koenigstahl.pl\/pl\/wp-json\/wp\/v2\/pages\/63","targetHints":{"allow":["GET"]}}],"collection":[{"href":"https:\/\/www.koenigstahl.pl\/pl\/wp-json\/wp\/v2\/pages"}],"about":[{"href":"https:\/\/www.koenigstahl.pl\/pl\/wp-json\/wp\/v2\/types\/page"}],"author":[{"embeddable":true,"href":"https:\/\/www.koenigstahl.pl\/pl\/wp-json\/wp\/v2\/users\/763"}],"replies":[{"embeddable":true,"href":"https:\/\/www.koenigstahl.pl\/pl\/wp-json\/wp\/v2\/comments?post=63"}],"version-history":[{"count":12,"href":"https:\/\/www.koenigstahl.pl\/pl\/wp-json\/wp\/v2\/pages\/63\/revisions"}],"predecessor-version":[{"id":15048,"href":"https:\/\/www.koenigstahl.pl\/pl\/wp-json\/wp\/v2\/pages\/63\/revisions\/15048"}],"wp:attachment":[{"href":"https:\/\/www.koenigstahl.pl\/pl\/wp-json\/wp\/v2\/media?parent=63"}],"curies":[{"name":"wp","href":"https:\/\/api.w.org\/{rel}","templated":true}]}}