{"id":667,"date":"2017-11-09T10:53:25","date_gmt":"2017-11-09T09:53:25","guid":{"rendered":"https:\/\/www.koenigstahl.pl\/pl\/?page_id=667"},"modified":"2025-12-19T15:25:02","modified_gmt":"2025-12-19T14:25:02","slug":"rury-stalowe","status":"publish","type":"page","link":"https:\/\/www.koenigstahl.pl\/pl\/rury-stalowe\/","title":{"rendered":"Rury stalowe"},"content":{"rendered":"[vc_row][vc_column][vc_column_text]Magazynujemy i dostarczamy szeroki asortyment wzd\u0142u\u017cnie spawanych rur stalowych formowanych na zimno <strong>w gatunku S355J2H<\/strong>. Na \u017cyczenie mo\u017cemy r\u00f3wnie\u017c zaoferowa\u0107 rury stalowe formowane na zimno od gatunku <strong>S235JRH<\/strong>, a\u017c po gatunek o wysokiej wytrzyma\u0142o\u015bci <strong>S960MH<\/strong> oraz rury stalowe spawane spiralnie i walcowane na gor\u0105co.[\/vc_column_text][vc_tta_tabs style=&#8221;flat&#8221; color=&#8221;white&#8221; alignment=&#8221;center&#8221; active_section=&#8221;1&#8243;][vc_tta_section title=&#8221;KSZTA\u0141TOWNIKI ZAMKNI\u0118TE WALCOWANE NA ZIMNO&#8221; tab_id=&#8221;kaltgefertigte-stahlhohlprofile&#8221;][vc_row_inner][vc_column_inner width=&#8221;5\/12&#8243;][vc_images_carousel images=&#8221;10415,5605&#8243; img_size=&#8221;full&#8221; onclick=&#8221;link_no&#8221; autoplay=&#8221;yes&#8221; wrap=&#8221;yes&#8221;][\/vc_column_inner][vc_column_inner width=&#8221;7\/12&#8243;][vc_column_text]<strong>Cechy szczeg\u00f3lne:<\/strong> \n<ul>\n<li>wszechstronne zastosowanie w konstrukcjach stalowych, budownictwie mieszkaniowym i przy produkcji urz\u0105dze\u0144;<\/li>\n<li>prosty kszta\u0142t i doskona\u0142e w\u0142a\u015bciwo\u015bci wytrzyma\u0142o\u015bciowe umo\u017cliwiaj\u0105 tworzenie trwa\u0142ych, lekkich i ekonomicznych konstrukcji;<\/li>\n<li>wysoka dok\u0142adno\u015b\u0107 wymiarowa;<\/li>\n<li>dobra jako\u015b\u0107 powierzchni;<\/li>\n<li>zdefiniowane w\u0142a\u015bciwo\u015bci mechaniczne;<\/li>\n<li>du\u017cy wyb\u00f3r gatunk\u00f3w materia\u0142owych: od S235JRH i S355J2H przez S500MH a\u017c po gatunki o wysokiej wytrzyma\u0142o\u015bci w S700MH, S900MH i S960MH.<\/li>\n<\/ul>\n[\/vc_column_text][vc_btn title=&#8221;Broszura profile stalowe&#8221; style=&#8221;outline-custom&#8221; outline_custom_color=&#8221;#666666&#8243; outline_custom_hover_background=&#8221;#666666&#8243; outline_custom_hover_text=&#8221;#ffffff&#8221; i_icon_fontawesome=&#8221;fa fa-arrow-right&#8221; add_icon=&#8221;true&#8221; link=&#8221;url:https%3A%2F%2Fwww.koenigstahl.pl%2Fpl%2Fwp-content%2Fuploads%2Fsites%2F5%2F2018%2F03%2FBroszura-profile-prostok%C4%85tne-i-kwadratowe.pdf|||&#8221;][vc_btn title=&#8221;Broszura rury ze szwem&#8221; style=&#8221;outline-custom&#8221; outline_custom_color=&#8221;#666666&#8243; outline_custom_hover_background=&#8221;#666666&#8243; outline_custom_hover_text=&#8221;#ffffff&#8221; i_icon_fontawesome=&#8221;&#8221; css=&#8221;&#8221; add_icon=&#8221;true&#8221; link=&#8221;url:https%3A%2F%2Fwww.koenigstahl.pl%2Fpl%2Fwp-content%2Fuploads%2Fsites%2F5%2F2025%2F02%2FUlotka_rury_ze_szwem.pdf&#8221;][vc_btn title=&#8221;Broszura profile w gatunku S700MH&#8221; style=&#8221;outline-custom&#8221; outline_custom_color=&#8221;#666666&#8243; outline_custom_hover_background=&#8221;#666666&#8243; outline_custom_hover_text=&#8221;#ffffff&#8221; i_icon_fontawesome=&#8221;fa fa-arrow-right&#8221; add_icon=&#8221;true&#8221; link=&#8221;url:https%3A%2F%2Fwww.koenigstahl.pl%2Fpl%2Fwp-content%2Fuploads%2Fsites%2F5%2F2019%2F01%2Fwkladka_profile-S700MH_05-2018-003-1.pdf|||&#8221;][\/vc_column_inner][\/vc_row_inner][vc_column_text]        <div class=\"col-md-12 ct_table__title ct_table__vcenter\">\n            <div class=\"col-md-2 ct_table__image\"><img decoding=\"async\" src=\"https:\/\/www.koenigstahl.pl\/pl\/wp-content\/uploads\/sites\/5\/2018\/01\/title-4.png\" alt=\"icon\" \/><\/div>\n            <div class=\"col-md-6 title-text\"><h2>RURY OKR\u0104G\u0141E ZE SZWEM<\/h2><\/div>\n        <\/div>\n    \n\n<table id=\"tablepress-12\" class=\"tablepress tablepress-id-12 table--3cols\">\n<tbody class=\"row-striping\">\n<tr class=\"row-1\">\n\t<td class=\"column-1\">Certyfikaty i dopuszczenia<br \/>\n <\/td><td class=\"column-2\">Materia\u0142y i warunki dostawy<br \/>\n<\/td><td class=\"column-3\"> Zakres sk\u0142adowanych wymiar\u00f3w<br \/>\n<\/td>\n<\/tr>\n<tr class=\"row-2\">\n\t<td class=\"column-1\">Ze \u015bwiadectwem odbioru 3.1 wg EN 10204,<br \/>\nna \u017cyczenie z odbiorem 3.2,<br \/>\nznak CE do gatunku S700MH w\u0142\u0105cznie<\/td><td class=\"column-2\"> <strong>  Kszta\u0142towniki zimnogi\u0119te okr\u0105g\u0142e <\/strong>:<br \/>\nEN 10219 - S235JRH\/ S355J2H\/ S420MH<br \/>\n    <strong>  Kszta\u0142towniki zimnogi\u0119te okr\u0105g\u0142e<br \/>\n o wysokiej wytrzyma\u0142o\u015bci: <\/strong> <br \/>\n EN 10149-2\/EN 10219-2 - S500MH\/ S700MH\/ S900MH\/ S960MH<\/td><td class=\"column-3\"><strong>Wymiary zewn\u0119trzne: <\/strong><br \/>\n26,9 - 508 mm<br \/>\n <b>Grubo\u015b\u0107 \u015bcianek: <\/b><br \/>\n2,6 - 16 mm<br \/>\n<br \/>\n<\/td>\n<\/tr>\n<\/tbody>\n<\/table>\n<!-- #tablepress-12 from cache -->\n        <div class=\"col-md-12 ct_table__title ct_table__vcenter\">\n            <div class=\"col-md-2 ct_table__image\"><img decoding=\"async\" src=\"https:\/\/www.koenigstahl.pl\/pl\/wp-content\/uploads\/sites\/5\/2018\/01\/title-2.png\" alt=\"icon\" \/><\/div>\n            <div class=\"col-md-6 title-text\"><h2>KSZTA\u0141TOWNIKI ZAMKNI\u0118TE<\/h2><\/div>\n        <\/div>\n    \n\n<table id=\"tablepress-13\" class=\"tablepress tablepress-id-13 table--3cols\">\n<tbody class=\"row-striping\">\n<tr class=\"row-1\">\n\t<td class=\"column-1\">Certyfikaty i dopuszczenia<\/td><td class=\"column-2\">Materia\u0142y i warunki dostawy<\/td><td class=\"column-3\">Zakres sk\u0142adowanych wymiar\u00f3w<\/td>\n<\/tr>\n<tr class=\"row-2\">\n\t<td class=\"column-1\">Ze \u015bwiadectwem odbioru 3.1 wg EN 10204 <br \/>\nna \u017cyczenie z odbiorem  3.2 <br \/>\nznak CE do gatunku S700MH w\u0142\u0105cznie<\/td><td class=\"column-2\"> <strong>Kszta\u0142towniki zimnogi\u0119te<br \/>\nkwadratowe i prostok\u0105tne:   <\/strong><br \/>\nEN 10219 - S235JRH\/S355J2H\/S420MH<br \/>\n<strong> Kszta\u0142towniki zimnogi\u0119te<br \/>\nkwadratowe i prostok\u0105tne<br \/>\no wysokiej wytrzyma\u0142o\u015bci:<\/strong><br \/>\nEN 10149-2\/EN 10219-2 - S500MH\/S700MH\/ S900MH\/S960MH <\/td><td class=\"column-3\"><b>Wymiary zewn\u0119trzne:<\/b><br \/>\n15 x 15 mm - 500 x 500 mm <br \/>\noraz 20 x 10 mm - 600 x 400 mm<br \/>\n<b>Grubo\u015b\u0107 \u015bcianek:<\/b><br \/>\n 1,5 - 20 mm<\/td>\n<\/tr>\n<\/tbody>\n<\/table>\n<!-- #tablepress-13 from cache -->[\/vc_column_text][\/vc_tta_section][vc_tta_section title=&#8221;KSZTA\u0141TOWNIKI ZAMKNI\u0118TE WALCOWANE NA GOR\u0104CO&#8221; tab_id=&#8221;warmgefertigte-stahlhohlprofile&#8221;][vc_row_inner][vc_column_inner width=&#8221;5\/12&#8243;][vc_single_image image=&#8221;1049&#8243; img_size=&#8221;full&#8221;][\/vc_column_inner][vc_column_inner width=&#8221;7\/12&#8243;][vc_column_text]<strong>Cechy szczeg\u00f3lne:<\/strong> \n<ul>\n<li>proste w obr\u00f3bce, mo\u017cliwo\u015b\u0107 spawania bez ogranicze\u0144;<\/li>\n<li>poprzez proces normalizacji uzyskuje si\u0119 r\u00f3wnomierny rozk\u0142ad napr\u0119\u017ce\u0144 w\u0142asnych i twardo\u015bci profili w ca\u0142ym przekroju i naro\u017cach;<\/li>\n<li>do 35% wy\u017csza wytrzyma\u0142o\u015b\u0107 na wyboczenia ni\u017c w przypadku zimnogi\u0119tych kszta\u0142townik\u00f3w zamkni\u0119tych;<\/li>\n<li>Pe\u0142ny asortyment produkt\u00f3w w gatunkach NH \u2013 szczeg\u00f3lnie nadaj\u0105cy si\u0119 do zastosowa\u0144 \u201eoffshorowych\u201d;<\/li>\n<li>wysoka dok\u0142adno\u015b\u0107 wymiarowa i mo\u017cliwe ograniczenia promieni gi\u0119cia, prosto\u015bci, skr\u0119cenia i prostopad\u0142o\u015bci.<\/li>\n<\/ul>\n[\/vc_column_text][vc_btn title=&#8221;STAL FORMOWANA NA GOR\u0104CO &#8211; POR\u00d3WNANIE GATUNK\u00d3W&#8221; style=&#8221;outline-custom&#8221; outline_custom_color=&#8221;#666666&#8243; outline_custom_hover_background=&#8221;#666666&#8243; outline_custom_hover_text=&#8221;#ffffff&#8221; size=&#8221;lg&#8221; align=&#8221;left&#8221; i_icon_fontawesome=&#8221;fa fa-arrow-right&#8221; button_block=&#8221;true&#8221; add_icon=&#8221;true&#8221; custom_onclick=&#8221;true&#8221; link=&#8221;url:https%3A%2F%2Fwww.koenigstahl.pl%2Fpl%2Fwp-content%2Fuploads%2Fsites%2F5%2F2019%2F01%2FKORZYSCI.pdf|title:KORZY%C5%9ACI|target:%20_blank|&#8221;][vc_btn title=&#8221;Broszura rury ze szwem&#8221; style=&#8221;outline-custom&#8221; outline_custom_color=&#8221;#666666&#8243; outline_custom_hover_background=&#8221;#666666&#8243; outline_custom_hover_text=&#8221;#ffffff&#8221; i_icon_fontawesome=&#8221;&#8221; css=&#8221;&#8221; add_icon=&#8221;true&#8221; custom_onclick=&#8221;true&#8221; link=&#8221;url:https%3A%2F%2Fwww.koenigstahl.pl%2Fpl%2Fwp-content%2Fuploads%2Fsites%2F5%2F2025%2F02%2FUlotka_rury_ze_szwem.pdf&#8221;][vc_btn title=&#8221;Broszura profile stalowe&#8221; style=&#8221;outline-custom&#8221; outline_custom_color=&#8221;#666666&#8243; outline_custom_hover_background=&#8221;#666666&#8243; outline_custom_hover_text=&#8221;#ffffff&#8221; i_icon_fontawesome=&#8221;&#8221; css=&#8221;&#8221; add_icon=&#8221;true&#8221; custom_onclick=&#8221;true&#8221; link=&#8221;url:https%3A%2F%2Fwww.koenigstahl.pl%2Fpl%2Fwp-content%2Fuploads%2Fsites%2F5%2F2025%2F02%2FUlotka_profile_prostokatne_i_kwadratowe.pdf&#8221;][\/vc_column_inner][\/vc_row_inner][vc_column_text]        <div class=\"col-md-12 ct_table__title ct_table__vcenter\">\n            <div class=\"col-md-2 ct_table__image\"><img decoding=\"async\" src=\"https:\/\/www.koenigstahl.pl\/pl\/wp-content\/uploads\/sites\/5\/2018\/01\/title-2.png\" alt=\"icon\" \/><\/div>\n            <div class=\"col-md-6 title-text\"><h2>KSZTA\u0141TOWNIKI ZAMKNI\u0118TE<\/h2><\/div>\n        <\/div>\n    \n\n<table id=\"tablepress-2\" class=\"tablepress tablepress-id-2 table--3cols\">\n<tbody class=\"row-striping\">\n<tr class=\"row-1\">\n\t<td class=\"column-1\">Certyfikaty i dopuszczenia<\/td><td class=\"column-2\">Materia\u0142y i warunki dostawy<\/td><td class=\"column-3\">Zakres sk\u0142adowanych wymiar\u00f3w<\/td>\n<\/tr>\n<tr class=\"row-2\">\n\t<td class=\"column-1\">Ze \u015bwiadectwem odbioru 3.1 wg EN 10204 <br \/>\nna \u017cyczenie z odbiorem  3.2 <br \/>\nznak CE<\/td><td class=\"column-2\"> <strong>Kszta\u0142towniki<br \/>\ngor\u0105cowalcowane kwadratowe i prostok\u0105tne:<\/strong><br \/>\nEN 10210 \u2013 S355J2H \/ S355NH<br \/>\n<\/td><td class=\"column-3\"><b>Wymiary zewn\u0119trzne:<\/b><br \/>\n40 x 40 mm \u2013 400 x 400 mm<br \/>\noraz 50 x 30 mm - 500 x 300 mm<br \/>\n<b>Grubo\u015b\u0107 \u015bcianek:<\/b><br \/>\n 2,9\u201320 mm<\/td>\n<\/tr>\n<\/tbody>\n<\/table>\n<!-- #tablepress-2 from cache -->[\/vc_column_text][\/vc_tta_section][vc_tta_section title=&#8221;RURY STALOWE BEZ SZWU&#8221; tab_id=&#8221;nahtlose-stahlrohre&#8221;][vc_row_inner][vc_column_inner width=&#8221;5\/12&#8243;][vc_single_image image=&#8221;5602&#8243; img_size=&#8221;full&#8221;][\/vc_column_inner][vc_column_inner width=&#8221;7\/12&#8243;][vc_column_text]<strong>Cechy szczeg\u00f3lne:<\/strong> \n<ul>\n<li>proste w obr\u00f3bce, mo\u017cliwo\u015b\u0107 spawania bez ogranicze\u0144;<\/li>\n<li>wysoka stabilno\u015b\u0107 wymiarowa i jednorodna struktura;<\/li>\n<li>doskona\u0142e do obr\u00f3bki i wysoce koncentryczne;<\/li>\n<li>najlepsze w\u0142a\u015bciwo\u015bci statyczne w konstrukcji stalowej.<\/li>\n<\/ul>\n[\/vc_column_text][vc_btn title=&#8221;Broszura rury stalowe bez szwu&#8221; style=&#8221;outline-custom&#8221; outline_custom_color=&#8221;#666666&#8243; outline_custom_hover_background=&#8221;#666666&#8243; outline_custom_hover_text=&#8221;#ffffff&#8221; i_icon_fontawesome=&#8221;&#8221; css=&#8221;&#8221; add_icon=&#8221;true&#8221; link=&#8221;url:https%3A%2F%2Fwww.koenigstahl.pl%2Fpl%2Fwp-content%2Fuploads%2Fsites%2F5%2F2025%2F12%2FUlotka_rury_bez_szwu.pdf&#8221;][\/vc_column_inner][\/vc_row_inner][vc_column_text]        <div class=\"col-md-12 ct_table__title ct_table__vcenter\">\n            <div class=\"col-md-2 ct_table__image\"><img decoding=\"async\" src=\"https:\/\/www.koenigstahl.pl\/pl\/wp-content\/uploads\/sites\/5\/2018\/01\/title-4.png\" alt=\"icon\" \/><\/div>\n            <div class=\"col-md-6 title-text\"><h2>RURY OKR\u0104G\u0141E<\/h2><\/div>\n        <\/div>\n    \n\n<table id=\"tablepress-4\" class=\"tablepress tablepress-id-4 table--3cols\">\n<tbody class=\"row-striping\">\n<tr class=\"row-1\">\n\t<td class=\"column-1\">Certyfikaty i dopuszczenia<\/td><td class=\"column-2\">Materia\u0142y i warunki dostawy<\/td><td class=\"column-3\"> Zakres sk\u0142adowanych wymiar\u00f3w<\/td>\n<\/tr>\n<tr class=\"row-2\">\n\t<td class=\"column-1\">Ze \u015bwiadectwem odbioru  3.1 wg EN 10204<br \/>\nna \u017cyczenie z odbiorem  3.2<br \/>\nznak CE<\/td><td class=\"column-2\"> <strong>Rury konstrukcyjne <\/strong><br \/>\n EN 10210 S235JRH \/ S355J2H<br \/>\n <strong>Rury do budowy maszyn <\/strong> <br \/>\nEN 10297-1 E235+AR \/ E355+AR \/ E355+N<br \/>\n <strong>Rury do obr\u00f3bki skrawaniem <\/strong> <br \/>\nISO 2938 \/ EN 10294-1 20 MnV 6 \/ E470<br \/>\n <strong>Rury przewodowe \/ rury do pracy pod ci\u015bnieniem   <\/strong><br \/>\nEN 10216-1 \/ EN 10216-3 P235TR1 \/ P235TR2 \/ P355N \/ P355NHTC1<\/td><td class=\"column-3\"><b>Wymiary zewn\u0119trzne <\/b><br \/>\n13,5 \u2013 610 mm<br \/>\n<b>Grubo\u015b\u0107 \u015bcianek:<\/b><br \/>\n2 \u2013 100 mm<\/td>\n<\/tr>\n<\/tbody>\n<\/table>\n<!-- #tablepress-4 from cache -->[\/vc_column_text][\/vc_tta_section][vc_tta_section title=&#8221;RURY PRECYZYJNE BEZ SZWU&#8221; tab_id=&#8221;1520352476129-42781ed1-79b2&#8243;][vc_row_inner][vc_column_inner width=&#8221;5\/12&#8243;][vc_single_image image=&#8221;5598&#8243; img_size=&#8221;full&#8221;][\/vc_column_inner][vc_column_inner width=&#8221;7\/12&#8243;][vc_column_text]<strong>Cechy szczeg\u00f3lne:<\/strong> \n<ul>\n<li>wyj\u0105tkowa dok\u0142adno\u015b\u0107 wymiar\u00f3w zewn\u0119trznej i wewn\u0119trznej \u015brednicy lub grubo\u015bci \u015bcianki;<\/li>\n<li>dobra jako\u015b\u0107 powierzchni;<\/li>\n<li>zdefiniowane w\u0142a\u015bciwo\u015bci mechaniczne;<\/li>\n<li>dost\u0119pne w wielu r\u00f3\u017cnych wymiarach.<\/li>\n<\/ul>\n[\/vc_column_text][vc_btn title=&#8221;Broszura rury precyzyjne&#8221; style=&#8221;outline-custom&#8221; outline_custom_color=&#8221;#666666&#8243; outline_custom_hover_background=&#8221;#666666&#8243; outline_custom_hover_text=&#8221;#ffffff&#8221; i_icon_fontawesome=&#8221;fa fa-arrow-right&#8221; add_icon=&#8221;true&#8221; link=&#8221;url:https%3A%2F%2Fwww.koenigstahl.pl%2Fpl%2Fwp-content%2Fuploads%2Fsites%2F5%2F2019%2F08%2FBroszura-rury-precyzyjne_2017_www.pdf|||&#8221;][\/vc_column_inner][\/vc_row_inner][vc_column_text]        <div class=\"col-md-12 ct_table__title ct_table__vcenter\">\n            <div class=\"col-md-2 ct_table__image\"><img decoding=\"async\" src=\"https:\/\/www.koenigstahl.pl\/pl\/wp-content\/uploads\/sites\/5\/2018\/01\/title-4.png\" alt=\"icon\" \/><\/div>\n            <div class=\"col-md-6 title-text\"><h2>RURY OKR\u0104G\u0141E<\/h2><\/div>\n        <\/div>\n    \n\n<table id=\"tablepress-5\" class=\"tablepress tablepress-id-5 table--3cols\">\n<tbody class=\"row-striping\">\n<tr class=\"row-1\">\n\t<td class=\"column-1\">Certyfikaty i dopuszczenia<\/td><td class=\"column-2\">Materia\u0142y i warunki dostawy<\/td><td class=\"column-3\">Zakres sk\u0142adowanych wymiar\u00f3w<\/td>\n<\/tr>\n<tr class=\"row-2\">\n\t<td class=\"column-1\">Z atestem 2.2 b\u0105d\u017a \u015bwiadectwem odbioru 3.1 wg EN 10204<br \/>\nna \u017cyczenie z odbiorem 3.2<\/td><td class=\"column-2\"> <strong>Rury precyzyjne <\/strong><br \/>\nbez szwu EN 10305-1 \u2013 E235 +C \/ E235 +N \/ <br \/>\nE355 +C \/ E355 +N<\/td><td class=\"column-3\"><b>Wymiary zewn\u0119trzne:<\/b><br \/>\n 6 \u2013 100 mm<br \/>\n<b>Grubo\u015b\u0107 \u015bcianek:<\/b><br \/>\n1 \u2013 12 mm<\/td>\n<\/tr>\n<\/tbody>\n<\/table>\n<!-- #tablepress-5 from cache -->[\/vc_column_text][\/vc_tta_section][\/vc_tta_tabs][\/vc_column][\/vc_row]\n","protected":false},"excerpt":{"rendered":"<p>[vc_row][vc_column][vc_column_text]Magazynujemy i dostarczamy szeroki asortyment wzd\u0142u\u017cnie spawanych rur stalowych formowanych na zimno w gatunku S355J2H. Na \u017cyczenie mo\u017cemy r\u00f3wnie\u017c zaoferowa\u0107 rury stalowe formowane na zimno od gatunku S235JRH, a\u017c po gatunek o wysokiej wytrzyma\u0142o\u015bci S960MH oraz rury stalowe spawane spiralnie i walcowane na gor\u0105co.[\/vc_column_text][vc_tta_tabs style=&#8221;flat&#8221; color=&#8221;white&#8221; alignment=&#8221;center&#8221; active_section=&#8221;1&#8243;][vc_tta_section title=&#8221;KSZTA\u0141TOWNIKI ZAMKNI\u0118TE WALCOWANE NA ZIMNO&#8221; tab_id=&#8221;kaltgefertigte-stahlhohlprofile&#8221;][vc_row_inner][vc_column_inner width=&#8221;5\/12&#8243;][vc_images_carousel [&hellip;]<\/p>\n","protected":false},"author":763,"featured_media":0,"parent":0,"menu_order":48,"comment_status":"closed","ping_status":"closed","template":"","meta":{"_acf_changed":false,"footnotes":""},"class_list":["post-667","page","type-page","status-publish","hentry"],"acf":[],"yoast_head":"<!-- This site is optimized with the Yoast SEO plugin v27.0 - https:\/\/yoast.com\/product\/yoast-seo-wordpress\/ -->\n<title>Rury stalowe i precyzyjne bez szwu - Konigstahl PL<\/title>\n<meta name=\"description\" content=\"Magazynujemy i dostarczamy szeroki asortyment wzd\u0142u\u017cnie spawanych rur stalowych formowanych na zimno w gatunku S355J2H. Na \u017cyczenie mo\u017cemy r\u00f3wnie\u017c zaoferowa\u0107 rury stalowe formowane na zimno od gatunku S235JRH, a\u017c po gatunek o wysokiej wytrzyma\u0142o\u015bci S960MH oraz rury stalowe spawane spiralnie i walcowane na gor\u0105co.\" \/>\n<meta name=\"robots\" content=\"index, follow, max-snippet:-1, max-image-preview:large, max-video-preview:-1\" \/>\n<link rel=\"canonical\" href=\"https:\/\/www.koenigstahl.pl\/pl\/rury-stalowe\/\" \/>\n<meta property=\"og:locale\" content=\"pl_PL\" \/>\n<meta property=\"og:type\" content=\"article\" \/>\n<meta property=\"og:title\" content=\"Rury stalowe i precyzyjne bez szwu - Konigstahl PL\" \/>\n<meta property=\"og:description\" content=\"Magazynujemy i dostarczamy szeroki asortyment wzd\u0142u\u017cnie spawanych rur stalowych formowanych na zimno w gatunku S355J2H. Na \u017cyczenie mo\u017cemy r\u00f3wnie\u017c zaoferowa\u0107 rury stalowe formowane na zimno od gatunku S235JRH, a\u017c po gatunek o wysokiej wytrzyma\u0142o\u015bci S960MH oraz rury stalowe spawane spiralnie i walcowane na gor\u0105co.\" \/>\n<meta property=\"og:url\" content=\"https:\/\/www.koenigstahl.pl\/pl\/rury-stalowe\/\" \/>\n<meta property=\"og:site_name\" content=\"Konigstahl PL\" \/>\n<meta property=\"article:publisher\" content=\"https:\/\/www.facebook.com\/KonigStahl\" \/>\n<meta property=\"article:modified_time\" content=\"2025-12-19T14:25:02+00:00\" \/>\n<meta name=\"twitter:card\" content=\"summary_large_image\" \/>\n<meta name=\"twitter:label1\" content=\"Szacowany czas czytania\" \/>\n\t<meta name=\"twitter:data1\" content=\"4 minuty\" \/>\n<script type=\"application\/ld+json\" class=\"yoast-schema-graph\">{\"@context\":\"https:\/\/schema.org\",\"@graph\":[{\"@type\":\"WebPage\",\"@id\":\"https:\/\/www.koenigstahl.pl\/pl\/rury-stalowe\/\",\"url\":\"https:\/\/www.koenigstahl.pl\/pl\/rury-stalowe\/\",\"name\":\"Rury stalowe i precyzyjne bez szwu - Konigstahl PL\",\"isPartOf\":{\"@id\":\"https:\/\/www.koenigstahl.pl\/pl\/#website\"},\"datePublished\":\"2017-11-09T09:53:25+00:00\",\"dateModified\":\"2025-12-19T14:25:02+00:00\",\"description\":\"Magazynujemy i dostarczamy szeroki asortyment wzd\u0142u\u017cnie spawanych rur stalowych formowanych na zimno w gatunku S355J2H. Na \u017cyczenie mo\u017cemy r\u00f3wnie\u017c zaoferowa\u0107 rury stalowe formowane na zimno od gatunku S235JRH, a\u017c po gatunek o wysokiej wytrzyma\u0142o\u015bci S960MH oraz rury stalowe spawane spiralnie i walcowane na gor\u0105co.\",\"breadcrumb\":{\"@id\":\"https:\/\/www.koenigstahl.pl\/pl\/rury-stalowe\/#breadcrumb\"},\"inLanguage\":\"pl-PL\",\"potentialAction\":[{\"@type\":\"ReadAction\",\"target\":[\"https:\/\/www.koenigstahl.pl\/pl\/rury-stalowe\/\"]}]},{\"@type\":\"BreadcrumbList\",\"@id\":\"https:\/\/www.koenigstahl.pl\/pl\/rury-stalowe\/#breadcrumb\",\"itemListElement\":[{\"@type\":\"ListItem\",\"position\":1,\"name\":\"Home\",\"item\":\"https:\/\/www.koenigstahl.pl\/pl\/\"},{\"@type\":\"ListItem\",\"position\":2,\"name\":\"Rury stalowe\"}]},{\"@type\":\"WebSite\",\"@id\":\"https:\/\/www.koenigstahl.pl\/pl\/#website\",\"url\":\"https:\/\/www.koenigstahl.pl\/pl\/\",\"name\":\"Konigstahl\",\"description\":\"Oferta firmy KONIGSTAHL obejmue profile stalowe, rury stalowe, pr\u0119ty ci\u0105gnione i walcowa, rury stalowe precyzyjne\",\"publisher\":{\"@id\":\"https:\/\/www.koenigstahl.pl\/pl\/#organization\"},\"potentialAction\":[{\"@type\":\"SearchAction\",\"target\":{\"@type\":\"EntryPoint\",\"urlTemplate\":\"https:\/\/www.koenigstahl.pl\/pl\/?s={search_term_string}\"},\"query-input\":{\"@type\":\"PropertyValueSpecification\",\"valueRequired\":true,\"valueName\":\"search_term_string\"}}],\"inLanguage\":\"pl-PL\"},{\"@type\":\"Organization\",\"@id\":\"https:\/\/www.koenigstahl.pl\/pl\/#organization\",\"name\":\"Konigstahl\",\"url\":\"https:\/\/www.koenigstahl.pl\/pl\/\",\"logo\":{\"@type\":\"ImageObject\",\"inLanguage\":\"pl-PL\",\"@id\":\"https:\/\/www.koenigstahl.pl\/pl\/#\/schema\/logo\/image\/\",\"url\":\"https:\/\/www.koenigstahl.pl\/pl\/wp-content\/uploads\/sites\/5\/2025\/02\/LOGO_KS_2025.png\",\"contentUrl\":\"https:\/\/www.koenigstahl.pl\/pl\/wp-content\/uploads\/sites\/5\/2025\/02\/LOGO_KS_2025.png\",\"width\":1639,\"height\":202,\"caption\":\"Konigstahl\"},\"image\":{\"@id\":\"https:\/\/www.koenigstahl.pl\/pl\/#\/schema\/logo\/image\/\"},\"sameAs\":[\"https:\/\/www.facebook.com\/KonigStahl\",\"https:\/\/www.instagram.com\/konig_stahl\/\",\"https:\/\/www.linkedin.com\/company\/knig-stahl-sp.-z-o.o.\/?viewAsMember=true\"]}]}<\/script>\n<!-- \/ Yoast SEO plugin. -->","yoast_head_json":{"title":"Rury stalowe i precyzyjne bez szwu - Konigstahl PL","description":"Magazynujemy i dostarczamy szeroki asortyment wzd\u0142u\u017cnie spawanych rur stalowych formowanych na zimno w gatunku S355J2H. Na \u017cyczenie mo\u017cemy r\u00f3wnie\u017c zaoferowa\u0107 rury stalowe formowane na zimno od gatunku S235JRH, a\u017c po gatunek o wysokiej wytrzyma\u0142o\u015bci S960MH oraz rury stalowe spawane spiralnie i walcowane na gor\u0105co.","robots":{"index":"index","follow":"follow","max-snippet":"max-snippet:-1","max-image-preview":"max-image-preview:large","max-video-preview":"max-video-preview:-1"},"canonical":"https:\/\/www.koenigstahl.pl\/pl\/rury-stalowe\/","og_locale":"pl_PL","og_type":"article","og_title":"Rury stalowe i precyzyjne bez szwu - Konigstahl PL","og_description":"Magazynujemy i dostarczamy szeroki asortyment wzd\u0142u\u017cnie spawanych rur stalowych formowanych na zimno w gatunku S355J2H. Na \u017cyczenie mo\u017cemy r\u00f3wnie\u017c zaoferowa\u0107 rury stalowe formowane na zimno od gatunku S235JRH, a\u017c po gatunek o wysokiej wytrzyma\u0142o\u015bci S960MH oraz rury stalowe spawane spiralnie i walcowane na gor\u0105co.","og_url":"https:\/\/www.koenigstahl.pl\/pl\/rury-stalowe\/","og_site_name":"Konigstahl PL","article_publisher":"https:\/\/www.facebook.com\/KonigStahl","article_modified_time":"2025-12-19T14:25:02+00:00","twitter_card":"summary_large_image","twitter_misc":{"Szacowany czas czytania":"4 minuty"},"schema":{"@context":"https:\/\/schema.org","@graph":[{"@type":"WebPage","@id":"https:\/\/www.koenigstahl.pl\/pl\/rury-stalowe\/","url":"https:\/\/www.koenigstahl.pl\/pl\/rury-stalowe\/","name":"Rury stalowe i precyzyjne bez szwu - Konigstahl PL","isPartOf":{"@id":"https:\/\/www.koenigstahl.pl\/pl\/#website"},"datePublished":"2017-11-09T09:53:25+00:00","dateModified":"2025-12-19T14:25:02+00:00","description":"Magazynujemy i dostarczamy szeroki asortyment wzd\u0142u\u017cnie spawanych rur stalowych formowanych na zimno w gatunku S355J2H. Na \u017cyczenie mo\u017cemy r\u00f3wnie\u017c zaoferowa\u0107 rury stalowe formowane na zimno od gatunku S235JRH, a\u017c po gatunek o wysokiej wytrzyma\u0142o\u015bci S960MH oraz rury stalowe spawane spiralnie i walcowane na gor\u0105co.","breadcrumb":{"@id":"https:\/\/www.koenigstahl.pl\/pl\/rury-stalowe\/#breadcrumb"},"inLanguage":"pl-PL","potentialAction":[{"@type":"ReadAction","target":["https:\/\/www.koenigstahl.pl\/pl\/rury-stalowe\/"]}]},{"@type":"BreadcrumbList","@id":"https:\/\/www.koenigstahl.pl\/pl\/rury-stalowe\/#breadcrumb","itemListElement":[{"@type":"ListItem","position":1,"name":"Home","item":"https:\/\/www.koenigstahl.pl\/pl\/"},{"@type":"ListItem","position":2,"name":"Rury stalowe"}]},{"@type":"WebSite","@id":"https:\/\/www.koenigstahl.pl\/pl\/#website","url":"https:\/\/www.koenigstahl.pl\/pl\/","name":"Konigstahl","description":"Oferta firmy KONIGSTAHL obejmue profile stalowe, rury stalowe, pr\u0119ty ci\u0105gnione i walcowa, rury stalowe precyzyjne","publisher":{"@id":"https:\/\/www.koenigstahl.pl\/pl\/#organization"},"potentialAction":[{"@type":"SearchAction","target":{"@type":"EntryPoint","urlTemplate":"https:\/\/www.koenigstahl.pl\/pl\/?s={search_term_string}"},"query-input":{"@type":"PropertyValueSpecification","valueRequired":true,"valueName":"search_term_string"}}],"inLanguage":"pl-PL"},{"@type":"Organization","@id":"https:\/\/www.koenigstahl.pl\/pl\/#organization","name":"Konigstahl","url":"https:\/\/www.koenigstahl.pl\/pl\/","logo":{"@type":"ImageObject","inLanguage":"pl-PL","@id":"https:\/\/www.koenigstahl.pl\/pl\/#\/schema\/logo\/image\/","url":"https:\/\/www.koenigstahl.pl\/pl\/wp-content\/uploads\/sites\/5\/2025\/02\/LOGO_KS_2025.png","contentUrl":"https:\/\/www.koenigstahl.pl\/pl\/wp-content\/uploads\/sites\/5\/2025\/02\/LOGO_KS_2025.png","width":1639,"height":202,"caption":"Konigstahl"},"image":{"@id":"https:\/\/www.koenigstahl.pl\/pl\/#\/schema\/logo\/image\/"},"sameAs":["https:\/\/www.facebook.com\/KonigStahl","https:\/\/www.instagram.com\/konig_stahl\/","https:\/\/www.linkedin.com\/company\/knig-stahl-sp.-z-o.o.\/?viewAsMember=true"]}]}},"_links":{"self":[{"href":"https:\/\/www.koenigstahl.pl\/pl\/wp-json\/wp\/v2\/pages\/667","targetHints":{"allow":["GET"]}}],"collection":[{"href":"https:\/\/www.koenigstahl.pl\/pl\/wp-json\/wp\/v2\/pages"}],"about":[{"href":"https:\/\/www.koenigstahl.pl\/pl\/wp-json\/wp\/v2\/types\/page"}],"author":[{"embeddable":true,"href":"https:\/\/www.koenigstahl.pl\/pl\/wp-json\/wp\/v2\/users\/763"}],"replies":[{"embeddable":true,"href":"https:\/\/www.koenigstahl.pl\/pl\/wp-json\/wp\/v2\/comments?post=667"}],"version-history":[{"count":12,"href":"https:\/\/www.koenigstahl.pl\/pl\/wp-json\/wp\/v2\/pages\/667\/revisions"}],"predecessor-version":[{"id":15214,"href":"https:\/\/www.koenigstahl.pl\/pl\/wp-json\/wp\/v2\/pages\/667\/revisions\/15214"}],"wp:attachment":[{"href":"https:\/\/www.koenigstahl.pl\/pl\/wp-json\/wp\/v2\/media?parent=667"}],"curies":[{"name":"wp","href":"https:\/\/api.w.org\/{rel}","templated":true}]}}