{"id":85,"date":"2017-10-25T13:51:06","date_gmt":"2017-10-25T11:51:06","guid":{"rendered":"https:\/\/www.koenigstahl.pl\/pl\/?page_id=85"},"modified":"2023-02-15T09:53:12","modified_gmt":"2023-02-15T08:53:12","slug":"zapytanie-ofertowe","status":"publish","type":"page","link":"https:\/\/www.koenigstahl.pl\/pl\/zapytanie-ofertowe\/","title":{"rendered":"Zapytanie ofertowe"},"content":{"rendered":"\n<div class=\"wpcf7 no-js\" id=\"wpcf7-f559-o1\" lang=\"de-DE\" dir=\"ltr\" data-wpcf7-id=\"559\">\n<div class=\"screen-reader-response\"><p role=\"status\" aria-live=\"polite\" aria-atomic=\"true\"><\/p> <ul><\/ul><\/div>\n<form action=\"\/pl\/wp-json\/wp\/v2\/pages\/85#wpcf7-f559-o1\" method=\"post\" class=\"wpcf7-form init\" aria-label=\"Kontaktformular\" enctype=\"multipart\/form-data\" novalidate=\"novalidate\" data-status=\"init\">\n<fieldset class=\"hidden-fields-container\"><input type=\"hidden\" name=\"_wpcf7\" value=\"559\" \/><input type=\"hidden\" name=\"_wpcf7_version\" value=\"6.1.5\" \/><input type=\"hidden\" name=\"_wpcf7_locale\" value=\"de_DE\" \/><input type=\"hidden\" name=\"_wpcf7_unit_tag\" value=\"wpcf7-f559-o1\" \/><input type=\"hidden\" name=\"_wpcf7_container_post\" value=\"0\" \/><input type=\"hidden\" name=\"_wpcf7_posted_data_hash\" value=\"\" \/>\n<\/fieldset>\n<div class=\"wpcf7-turnstile cf-turnstile\" data-sitekey=\"0x4AAAAAACHm_Xnxelm6-dNU\" data-response-field-name=\"_wpcf7_turnstile_response\"><\/div>\n\n<div class=\"ct-form-main\">\n\t<div class=\"container ct-name-email\">\n\t\t<div class=\"row\">\n\t\t\t<div class=\"col-md-6\">\n\t\t\t\t<p><label class=\"ct-name ct-label-form\"> Imi\u0119 i nazwisko *<br \/>\n<span class=\"wpcf7-form-control-wrap\" data-name=\"your-name\"><input size=\"40\" maxlength=\"400\" class=\"wpcf7-form-control wpcf7-text wpcf7-validates-as-required\" aria-required=\"true\" aria-invalid=\"false\" value=\"\" type=\"text\" name=\"your-name\" \/><\/span> <\/label>\n\t\t\t\t<\/p>\n\t\t\t<\/div>\n\t\t\t<div class=\"col-md-6\">\n\t\t\t\t<p><label class=\"ct-label-form\"> E-mail * <span class=\"ct-obligatory\"> * - pole wymagane<\/span><br \/>\n<span class=\"wpcf7-form-control-wrap\" data-name=\"your-email\"><input size=\"40\" maxlength=\"400\" class=\"wpcf7-form-control wpcf7-email wpcf7-validates-as-required wpcf7-text wpcf7-validates-as-email\" aria-required=\"true\" aria-invalid=\"false\" value=\"\" type=\"email\" name=\"your-email\" \/><\/span><\/label>\n\t\t\t\t<\/p>\n\t\t\t<\/div>\n\t\t<\/div>\n\t<\/div>\n\t<div class=\"container ct-tel-theme\">\n\t\t<div class=\"row\">\n\t\t\t<div class=\"col-md-5\">\n\t\t\t\t<p><label class=\"ct-label-form\">Firma\/NIP<br \/>\n<span class=\"wpcf7-form-control-wrap\" data-name=\"firma\"><input size=\"40\" maxlength=\"400\" class=\"wpcf7-form-control wpcf7-text form-control\" aria-invalid=\"false\" value=\"\" type=\"text\" name=\"firma\" \/><\/span><br \/>\n<\/label>\n\t\t\t\t<\/p>\n\t\t\t<\/div>\n\t\t\t<div class=\"col-md-5\">\n\t\t\t\t<p><label class=\"ct-label-form\"> Telefon<br \/>\n<span class=\"wpcf7-form-control-wrap\" data-name=\"tel\"><input size=\"40\" maxlength=\"400\" class=\"wpcf7-form-control wpcf7-tel wpcf7-text wpcf7-validates-as-tel\" aria-invalid=\"false\" value=\"\" type=\"tel\" name=\"tel\" \/><\/span><\/label>\n\t\t\t\t<\/p>\n\t\t\t<\/div>\n\t\t\t<div class=\"col-md-2\">\n\t\t\t\t<p><label class=\"ct-label-form\">Kod pocztowy<br \/>\n<span class=\"wpcf7-form-control-wrap\" data-name=\"PLZ\"><input size=\"40\" maxlength=\"400\" class=\"wpcf7-form-control wpcf7-text\" aria-invalid=\"false\" value=\"\" type=\"text\" name=\"PLZ\" \/><\/span><br \/>\n<\/label>\n\t\t\t\t<\/p>\n\t\t\t<\/div>\n\t\t<\/div>\n\t<\/div>\n\t<div class=\"container\">\n\t\t<p>Oznaczenie asortymentu\n\t\t<\/p>\n\t\t<div class=\"row ct-checkbox\">\n\t\t\t<div class=\"col-md-4\">\n\t\t\t\t<p><label><span class=\"wpcf7-form-control-wrap\" data-name=\"profile1\"><span class=\"wpcf7-form-control wpcf7-checkbox\"><span class=\"wpcf7-list-item first last\"><input type=\"checkbox\" name=\"profile1[]\" value=\"profile zimnogi\u0119te\" \/><span class=\"wpcf7-list-item-label\">profile zimnogi\u0119te<\/span><\/span><\/span><\/span><\/label><br \/>\n<label><span class=\"wpcf7-form-control-wrap\" data-name=\"profile2\"><span class=\"wpcf7-form-control wpcf7-checkbox\"><span class=\"wpcf7-list-item first last\"><input type=\"checkbox\" name=\"profile2[]\" value=\"rury bezszwowe\" \/><span class=\"wpcf7-list-item-label\">rury bezszwowe<\/span><\/span><\/span><\/span><\/label><br \/>\n<label style=\"color:#65B9F7;\"><span class=\"wpcf7-form-control-wrap\" data-name=\"profile3\"><span class=\"wpcf7-form-control wpcf7-checkbox\"><span class=\"wpcf7-list-item first last\"><input type=\"checkbox\" name=\"profile3[]\" value=\"systemy profili Jansen\" \/><span class=\"wpcf7-list-item-label\">systemy profili Jansen<\/span><\/span><\/span><\/span><\/label>\n\t\t\t\t<\/p>\n\t\t\t<\/div>\n\t\t\t<div class=\"col-md-4\">\n\t\t\t\t<p><label><span class=\"wpcf7-form-control-wrap\" data-name=\"profile4\"><span class=\"wpcf7-form-control wpcf7-checkbox\"><span class=\"wpcf7-list-item first last\"><input type=\"checkbox\" name=\"profile4[]\" value=\"profile gor\u0105cowalcowane\" \/><span class=\"wpcf7-list-item-label\">profile gor\u0105cowalcowane<\/span><\/span><\/span><\/span><\/label><br \/>\n<label><span class=\"wpcf7-form-control-wrap\" data-name=\"profile5\"><span class=\"wpcf7-form-control wpcf7-checkbox\"><span class=\"wpcf7-list-item first last\"><input type=\"checkbox\" name=\"profile5[]\" value=\"rury precyzyjne\" \/><span class=\"wpcf7-list-item-label\">rury precyzyjne<\/span><\/span><\/span><\/span><\/label><br \/>\n<label style=\"color:#dd0404;\"><span class=\"wpcf7-form-control-wrap\" data-name=\"profile8\"><span class=\"wpcf7-form-control wpcf7-checkbox\"><span class=\"wpcf7-list-item first last\"><input type=\"checkbox\" name=\"profile8[]\" value=\"obr\u00f3bka profili i rur (np. laser 3D, ci\u0119cie )\" \/><span class=\"wpcf7-list-item-label\">obr\u00f3bka profili i rur (np. laser 3D, ci\u0119cie )<\/span><\/span><\/span><\/span><\/label>\n\t\t\t\t<\/p>\n\t\t\t<\/div>\n\t\t\t<div class=\"col-md-4\">\n\t\t\t\t<p><label><span class=\"wpcf7-form-control-wrap\" data-name=\"profile6\"><span class=\"wpcf7-form-control wpcf7-checkbox\"><span class=\"wpcf7-list-item first last\"><input type=\"checkbox\" name=\"profile6[]\" value=\"rury ze szwem\" \/><span class=\"wpcf7-list-item-label\">rury ze szwem<\/span><\/span><\/span><\/span><\/label><br \/>\n<label><span class=\"wpcf7-form-control-wrap\" data-name=\"profile7\"><span class=\"wpcf7-form-control wpcf7-checkbox\"><span class=\"wpcf7-list-item first last\"><input type=\"checkbox\" name=\"profile7[]\" value=\"stal ci\u0105gniona i walcowana\" \/><span class=\"wpcf7-list-item-label\">stal ci\u0105gniona i walcowana<\/span><\/span><\/span><\/span><\/label>\n\t\t\t\t<\/p>\n\t\t\t<\/div>\n\t\t<\/div>\n\t<\/div>\n\t<div class=\"container\">\n\t\t<div class=\"row\">\n\t\t\t<div class=\"col-md-12\">\n\t\t\t\t<p><label class=\"ct-label-form\">Przedmiot zapytania<br \/>\n<span class=\"wpcf7-form-control-wrap\" data-name=\"message\"><textarea cols=\"40\" rows=\"10\" maxlength=\"2000\" class=\"wpcf7-form-control wpcf7-textarea\" aria-invalid=\"false\" name=\"message\"><\/textarea><\/span> <\/label>\n\t\t\t\t<\/p>\n\t\t\t<\/div>\n\t\t\t<div class=\"col-md-12\">\n\t\t\t\t<p><label class=\"ct-label-form\">Za\u0142\u0105cznik (wybierz plik) *<\/label>\n\t\t\t\t<\/p>\n\t\t\t\t<p class=\"hide_this ct-label-file\"><span class=\"wpcf7-form-control-wrap\" data-name=\"file-01\"><input size=\"40\" class=\"wpcf7-form-control wpcf7-file wpcf7-validates-as-required\" accept=\".txt,.jpg,.pdf,.doc,.docx,.png\" aria-required=\"true\" aria-invalid=\"false\" type=\"file\" name=\"file-01\" \/><\/span>\n\t\t\t\t<\/p>\n\t\t\t\t<p class=\"hide_this ct-label-file\"><span class=\"wpcf7-form-control-wrap\" data-name=\"file-02\"><input size=\"40\" class=\"wpcf7-form-control wpcf7-file\" accept=\".txt,.jpg,.pdf,.doc,.docx,.png\" aria-invalid=\"false\" type=\"file\" name=\"file-02\" \/><\/span><a class=\"del_file\" href=\"#\">Delete<\/a>\n\t\t\t\t<\/p>\n\t\t\t\t<p class=\"hide_this ct-label-file\"><span class=\"wpcf7-form-control-wrap\" data-name=\"file-03\"><input size=\"40\" class=\"wpcf7-form-control wpcf7-file\" accept=\".txt,.jpg,.pdf,.doc,.docx,.png\" aria-invalid=\"false\" type=\"file\" name=\"file-03\" \/><\/span><a class=\"del_file\" href=\"#\">Delete<\/a>\n\t\t\t\t<\/p>\n\t\t\t\t<p class=\"hide_this ct-label-file\"><span class=\"wpcf7-form-control-wrap\" data-name=\"file-04\"><input size=\"40\" class=\"wpcf7-form-control wpcf7-file\" accept=\".txt,.jpg,.pdf,.doc,.docx,.png\" aria-invalid=\"false\" type=\"file\" name=\"file-04\" \/><\/span><a class=\"del_file\" href=\"#\">Delete<\/a>\n\t\t\t\t<\/p>\n\t\t\t\t<p class=\"hide_this ct-label-file\"><span class=\"wpcf7-form-control-wrap\" data-name=\"file-05\"><input size=\"40\" class=\"wpcf7-form-control wpcf7-file\" accept=\".txt,.jpg,.pdf,.doc,.docx,.png\" aria-invalid=\"false\" type=\"file\" name=\"file-05\" \/><\/span><a class=\"del_file\" href=\"#\">Delete<\/a>\n\t\t\t\t<\/p>\n\t\t\t\t<p><a href=\"#\" class=\"add_file\" style=\"margin-top:5px;\">Dodaj nast\u0119pny plik<\/a>\n\t\t\t\t<\/p>\n\t\t\t<\/div>\n\t\t\t<p><label><span class=\"wpcf7-form-control-wrap\" data-name=\"consent-email\"><span class=\"wpcf7-form-control wpcf7-acceptance optional\"><span class=\"wpcf7-list-item\"><label><input type=\"checkbox\" name=\"consent-email\" value=\"1\" aria-invalid=\"false\" \/><span class=\"wpcf7-list-item-label\">Wyra\u017cam dobrowoln\u0105 zgod\u0119 na otrzymywanie od K\u00f6nig Stahl Sp. z o.o. tre\u015bci marketingowych i handlowych dotycz\u0105cych oferty K\u00f6nig Stahl Sp. z o.o. drog\u0105 elektroniczn\u0105 na podany przeze mnie adres e-mail zgodnie z <a style=\"color: #059ffa;font-weight: bold;\" href=\"\/pl\/ochronadanych\/\">Polityk\u0105 prywatno\u015bci <\/a>. Mam \u015bwiadomo\u015b\u0107, \u017ce moja zgoda mo\u017ce by\u0107 odwo\u0142ana w ka\u017cdym czasie.<\/span><\/label><\/span><\/span><\/span><\/label><br \/>\n<label><span class=\"wpcf7-form-control-wrap\" data-name=\"consent-phone\"><span class=\"wpcf7-form-control wpcf7-acceptance optional\"><span class=\"wpcf7-list-item\"><label><input type=\"checkbox\" name=\"consent-phone\" value=\"1\" aria-invalid=\"false\" \/><span class=\"wpcf7-list-item-label\">Wyra\u017cam dobrowolna zgod\u0119 na kontakt telefoniczny ze strony K\u00f6nig Stahl Sp. z o.o. w celu przedstawiania mi tre\u015bci marketingowych i handlowych dotycz\u0105cych oferty K\u00f6nig Stahl Sp. z o.o. na podany przeze mnie numer telefonu zgodnie z <a style=\"color: #059ffa;font-weight: bold;\" href=\"\/pl\/ochronadanych\/\">Polityk\u0105 Prywatno\u015bci<\/a>. Mam \u015bwiadomo\u015b\u0107, \u017ce moja zgoda mo\u017ce by\u0107 odwo\u0142ana w ka\u017cdym czasie.<\/span><\/label><\/span><\/span><\/span><\/label>\n\t\t\t<\/p>\n\t\t\t<p><strong>W przypadku pyta\u0144 zapraszamy do kontaktu mailowego pod adresem sprzedaz@koenigstahl.pl<br \/>\nW przypadku pyta\u0144 dotycz\u0105cych profili stalowych Jansen prosimy o kontakt mailowy: jansen@koenigstahl.pl lub telefoniczny pod numerem +48 22 549 61 01.<\/strong>\n\t\t\t<\/p>\n\t\t<\/div>\n\t\t<div class=\"col-md-12\" style=\"font-size: 12px;letter-spacing: 0.025em;line-height:1.5;margin-top:30px;\">\n\t\t\t<p>Administratorem danych osobowych przekazanych za pomoc\u0105 powy\u017cszego formularza zapytania ofertowego jest K\u00f6nig Stahl Sp. z o.o. z siedzib\u0105 w Warszawie (02-677) przy ul. Cybernetyki 10. Dane b\u0119d\u0105 przetwarzane w celu odpowiedzi na z\u0142o\u017cone zapytanie. Szczeg\u00f3\u0142owe informacje na temat przetwarzania Pani\/Pana danych osobowych zawarte s\u0105 w <a style=\"color: #059ffa;font-weight: bold;\" href=\"\/pl\/ochronadanych\/\">Polityce Prywatno\u015bci<\/a>.\n\t\t\t<\/p>\n\t\t<\/div>\n\t\t<div>\n\t\t\t<p><label class=\"ct-form-2\"><br \/>\n<input class=\"wpcf7-form-control wpcf7-submit has-spinner\" type=\"submit\" value=\"Wy\u015blij\" \/> <\/label>\n\t\t\t<\/p>\n\t\t<\/div>\n\t<\/div>\n<\/div><div class=\"wpcf7-response-output\" aria-hidden=\"true\"><\/div>\n<\/form>\n<\/div>\n\n","protected":false},"excerpt":{"rendered":"Imi\u0119 i nazwisko * E-mail * * - pole wymagane Firma\/NIP Telefon Kod pocztowy Oznaczenie asortymentu profile zimnogi\u0119te rury bezszwowe systemy profili Jansen profile gor\u0105cowalcowane rury precyzyjne obr\u00f3bka profili i rur (np. laser 3D, ci\u0119cie ) rury ze szwem stal ci\u0105gniona i walcowana Przedmiot zapytania Za\u0142\u0105cznik (wybierz plik) * Delete Delete Delete Delete Dodaj nast\u0119pny [...]","protected":false},"author":763,"featured_media":0,"parent":0,"menu_order":54,"comment_status":"closed","ping_status":"closed","template":"tpl-request-for-quotation-pl.php","meta":{"_acf_changed":false,"footnotes":""},"class_list":["post-85","page","type-page","status-publish","hentry"],"acf":[],"yoast_head":"<!-- This site is optimized with the Yoast SEO plugin v27.0 - https:\/\/yoast.com\/product\/yoast-seo-wordpress\/ -->\n<title>Z\u0142\u00f3\u017c zapytanie ofertowe - Konigstahl PL<\/title>\n<meta name=\"description\" content=\"Formularz zapytania ofertowego. W przypadku pyta\u0144 zapraszamy do kontaktu mailowego pod adresem sprzedaz@koenigstahl.pl lub telefonicznego pod numerem +48 22 549 61 10. W przypadku pyta\u0144 dotycz\u0105cych profili stalowych Jansen prosimy o kontakt mailowy: jansen@koenigstahl.pl lub telefoniczny pod numerem +48 22 549 61 01.\" \/>\n<meta name=\"robots\" content=\"index, follow, max-snippet:-1, max-image-preview:large, max-video-preview:-1\" \/>\n<link rel=\"canonical\" href=\"https:\/\/www.koenigstahl.pl\/pl\/zapytanie-ofertowe\/\" \/>\n<meta property=\"og:locale\" content=\"pl_PL\" \/>\n<meta property=\"og:type\" content=\"article\" \/>\n<meta property=\"og:title\" content=\"Z\u0142\u00f3\u017c zapytanie ofertowe - Konigstahl PL\" \/>\n<meta property=\"og:description\" content=\"Formularz zapytania ofertowego. W przypadku pyta\u0144 zapraszamy do kontaktu mailowego pod adresem sprzedaz@koenigstahl.pl lub telefonicznego pod numerem +48 22 549 61 10. W przypadku pyta\u0144 dotycz\u0105cych profili stalowych Jansen prosimy o kontakt mailowy: jansen@koenigstahl.pl lub telefoniczny pod numerem +48 22 549 61 01.\" \/>\n<meta property=\"og:url\" content=\"https:\/\/www.koenigstahl.pl\/pl\/zapytanie-ofertowe\/\" \/>\n<meta property=\"og:site_name\" content=\"Konigstahl PL\" \/>\n<meta property=\"article:publisher\" content=\"https:\/\/www.facebook.com\/KonigStahl\" \/>\n<meta property=\"article:modified_time\" content=\"2023-02-15T08:53:12+00:00\" \/>\n<meta name=\"twitter:card\" content=\"summary_large_image\" \/>\n<script type=\"application\/ld+json\" class=\"yoast-schema-graph\">{\"@context\":\"https:\/\/schema.org\",\"@graph\":[{\"@type\":\"WebPage\",\"@id\":\"https:\/\/www.koenigstahl.pl\/pl\/zapytanie-ofertowe\/\",\"url\":\"https:\/\/www.koenigstahl.pl\/pl\/zapytanie-ofertowe\/\",\"name\":\"Z\u0142\u00f3\u017c zapytanie ofertowe - Konigstahl PL\",\"isPartOf\":{\"@id\":\"https:\/\/www.koenigstahl.pl\/pl\/#website\"},\"datePublished\":\"2017-10-25T11:51:06+00:00\",\"dateModified\":\"2023-02-15T08:53:12+00:00\",\"description\":\"Formularz zapytania ofertowego. W przypadku pyta\u0144 zapraszamy do kontaktu mailowego pod adresem sprzedaz@koenigstahl.pl lub telefonicznego pod numerem +48 22 549 61 10. W przypadku pyta\u0144 dotycz\u0105cych profili stalowych Jansen prosimy o kontakt mailowy: jansen@koenigstahl.pl lub telefoniczny pod numerem +48 22 549 61 01.\",\"breadcrumb\":{\"@id\":\"https:\/\/www.koenigstahl.pl\/pl\/zapytanie-ofertowe\/#breadcrumb\"},\"inLanguage\":\"pl-PL\",\"potentialAction\":[{\"@type\":\"ReadAction\",\"target\":[\"https:\/\/www.koenigstahl.pl\/pl\/zapytanie-ofertowe\/\"]}]},{\"@type\":\"BreadcrumbList\",\"@id\":\"https:\/\/www.koenigstahl.pl\/pl\/zapytanie-ofertowe\/#breadcrumb\",\"itemListElement\":[{\"@type\":\"ListItem\",\"position\":1,\"name\":\"Home\",\"item\":\"https:\/\/www.koenigstahl.pl\/pl\/\"},{\"@type\":\"ListItem\",\"position\":2,\"name\":\"Zapytanie ofertowe\"}]},{\"@type\":\"WebSite\",\"@id\":\"https:\/\/www.koenigstahl.pl\/pl\/#website\",\"url\":\"https:\/\/www.koenigstahl.pl\/pl\/\",\"name\":\"Konigstahl\",\"description\":\"Oferta firmy KONIGSTAHL obejmue profile stalowe, rury stalowe, pr\u0119ty ci\u0105gnione i walcowa, rury stalowe precyzyjne\",\"publisher\":{\"@id\":\"https:\/\/www.koenigstahl.pl\/pl\/#organization\"},\"potentialAction\":[{\"@type\":\"SearchAction\",\"target\":{\"@type\":\"EntryPoint\",\"urlTemplate\":\"https:\/\/www.koenigstahl.pl\/pl\/?s={search_term_string}\"},\"query-input\":{\"@type\":\"PropertyValueSpecification\",\"valueRequired\":true,\"valueName\":\"search_term_string\"}}],\"inLanguage\":\"pl-PL\"},{\"@type\":\"Organization\",\"@id\":\"https:\/\/www.koenigstahl.pl\/pl\/#organization\",\"name\":\"Konigstahl\",\"url\":\"https:\/\/www.koenigstahl.pl\/pl\/\",\"logo\":{\"@type\":\"ImageObject\",\"inLanguage\":\"pl-PL\",\"@id\":\"https:\/\/www.koenigstahl.pl\/pl\/#\/schema\/logo\/image\/\",\"url\":\"https:\/\/www.koenigstahl.pl\/pl\/wp-content\/uploads\/sites\/5\/2025\/02\/LOGO_KS_2025.png\",\"contentUrl\":\"https:\/\/www.koenigstahl.pl\/pl\/wp-content\/uploads\/sites\/5\/2025\/02\/LOGO_KS_2025.png\",\"width\":1639,\"height\":202,\"caption\":\"Konigstahl\"},\"image\":{\"@id\":\"https:\/\/www.koenigstahl.pl\/pl\/#\/schema\/logo\/image\/\"},\"sameAs\":[\"https:\/\/www.facebook.com\/KonigStahl\",\"https:\/\/www.instagram.com\/konig_stahl\/\",\"https:\/\/www.linkedin.com\/company\/knig-stahl-sp.-z-o.o.\/?viewAsMember=true\"]}]}<\/script>\n<!-- \/ Yoast SEO plugin. -->","yoast_head_json":{"title":"Z\u0142\u00f3\u017c zapytanie ofertowe - Konigstahl PL","description":"Formularz zapytania ofertowego. W przypadku pyta\u0144 zapraszamy do kontaktu mailowego pod adresem sprzedaz@koenigstahl.pl lub telefonicznego pod numerem +48 22 549 61 10. W przypadku pyta\u0144 dotycz\u0105cych profili stalowych Jansen prosimy o kontakt mailowy: jansen@koenigstahl.pl lub telefoniczny pod numerem +48 22 549 61 01.","robots":{"index":"index","follow":"follow","max-snippet":"max-snippet:-1","max-image-preview":"max-image-preview:large","max-video-preview":"max-video-preview:-1"},"canonical":"https:\/\/www.koenigstahl.pl\/pl\/zapytanie-ofertowe\/","og_locale":"pl_PL","og_type":"article","og_title":"Z\u0142\u00f3\u017c zapytanie ofertowe - Konigstahl PL","og_description":"Formularz zapytania ofertowego. W przypadku pyta\u0144 zapraszamy do kontaktu mailowego pod adresem sprzedaz@koenigstahl.pl lub telefonicznego pod numerem +48 22 549 61 10. W przypadku pyta\u0144 dotycz\u0105cych profili stalowych Jansen prosimy o kontakt mailowy: jansen@koenigstahl.pl lub telefoniczny pod numerem +48 22 549 61 01.","og_url":"https:\/\/www.koenigstahl.pl\/pl\/zapytanie-ofertowe\/","og_site_name":"Konigstahl PL","article_publisher":"https:\/\/www.facebook.com\/KonigStahl","article_modified_time":"2023-02-15T08:53:12+00:00","twitter_card":"summary_large_image","schema":{"@context":"https:\/\/schema.org","@graph":[{"@type":"WebPage","@id":"https:\/\/www.koenigstahl.pl\/pl\/zapytanie-ofertowe\/","url":"https:\/\/www.koenigstahl.pl\/pl\/zapytanie-ofertowe\/","name":"Z\u0142\u00f3\u017c zapytanie ofertowe - Konigstahl PL","isPartOf":{"@id":"https:\/\/www.koenigstahl.pl\/pl\/#website"},"datePublished":"2017-10-25T11:51:06+00:00","dateModified":"2023-02-15T08:53:12+00:00","description":"Formularz zapytania ofertowego. W przypadku pyta\u0144 zapraszamy do kontaktu mailowego pod adresem sprzedaz@koenigstahl.pl lub telefonicznego pod numerem +48 22 549 61 10. W przypadku pyta\u0144 dotycz\u0105cych profili stalowych Jansen prosimy o kontakt mailowy: jansen@koenigstahl.pl lub telefoniczny pod numerem +48 22 549 61 01.","breadcrumb":{"@id":"https:\/\/www.koenigstahl.pl\/pl\/zapytanie-ofertowe\/#breadcrumb"},"inLanguage":"pl-PL","potentialAction":[{"@type":"ReadAction","target":["https:\/\/www.koenigstahl.pl\/pl\/zapytanie-ofertowe\/"]}]},{"@type":"BreadcrumbList","@id":"https:\/\/www.koenigstahl.pl\/pl\/zapytanie-ofertowe\/#breadcrumb","itemListElement":[{"@type":"ListItem","position":1,"name":"Home","item":"https:\/\/www.koenigstahl.pl\/pl\/"},{"@type":"ListItem","position":2,"name":"Zapytanie ofertowe"}]},{"@type":"WebSite","@id":"https:\/\/www.koenigstahl.pl\/pl\/#website","url":"https:\/\/www.koenigstahl.pl\/pl\/","name":"Konigstahl","description":"Oferta firmy KONIGSTAHL obejmue profile stalowe, rury stalowe, pr\u0119ty ci\u0105gnione i walcowa, rury stalowe precyzyjne","publisher":{"@id":"https:\/\/www.koenigstahl.pl\/pl\/#organization"},"potentialAction":[{"@type":"SearchAction","target":{"@type":"EntryPoint","urlTemplate":"https:\/\/www.koenigstahl.pl\/pl\/?s={search_term_string}"},"query-input":{"@type":"PropertyValueSpecification","valueRequired":true,"valueName":"search_term_string"}}],"inLanguage":"pl-PL"},{"@type":"Organization","@id":"https:\/\/www.koenigstahl.pl\/pl\/#organization","name":"Konigstahl","url":"https:\/\/www.koenigstahl.pl\/pl\/","logo":{"@type":"ImageObject","inLanguage":"pl-PL","@id":"https:\/\/www.koenigstahl.pl\/pl\/#\/schema\/logo\/image\/","url":"https:\/\/www.koenigstahl.pl\/pl\/wp-content\/uploads\/sites\/5\/2025\/02\/LOGO_KS_2025.png","contentUrl":"https:\/\/www.koenigstahl.pl\/pl\/wp-content\/uploads\/sites\/5\/2025\/02\/LOGO_KS_2025.png","width":1639,"height":202,"caption":"Konigstahl"},"image":{"@id":"https:\/\/www.koenigstahl.pl\/pl\/#\/schema\/logo\/image\/"},"sameAs":["https:\/\/www.facebook.com\/KonigStahl","https:\/\/www.instagram.com\/konig_stahl\/","https:\/\/www.linkedin.com\/company\/knig-stahl-sp.-z-o.o.\/?viewAsMember=true"]}]}},"_links":{"self":[{"href":"https:\/\/www.koenigstahl.pl\/pl\/wp-json\/wp\/v2\/pages\/85","targetHints":{"allow":["GET"]}}],"collection":[{"href":"https:\/\/www.koenigstahl.pl\/pl\/wp-json\/wp\/v2\/pages"}],"about":[{"href":"https:\/\/www.koenigstahl.pl\/pl\/wp-json\/wp\/v2\/types\/page"}],"author":[{"embeddable":true,"href":"https:\/\/www.koenigstahl.pl\/pl\/wp-json\/wp\/v2\/users\/763"}],"replies":[{"embeddable":true,"href":"https:\/\/www.koenigstahl.pl\/pl\/wp-json\/wp\/v2\/comments?post=85"}],"version-history":[{"count":5,"href":"https:\/\/www.koenigstahl.pl\/pl\/wp-json\/wp\/v2\/pages\/85\/revisions"}],"predecessor-version":[{"id":5446,"href":"https:\/\/www.koenigstahl.pl\/pl\/wp-json\/wp\/v2\/pages\/85\/revisions\/5446"}],"wp:attachment":[{"href":"https:\/\/www.koenigstahl.pl\/pl\/wp-json\/wp\/v2\/media?parent=85"}],"curies":[{"name":"wp","href":"https:\/\/api.w.org\/{rel}","templated":true}]}}